{"id":4353,"date":"2024-02-26T18:43:22","date_gmt":"2024-02-26T16:43:22","guid":{"rendered":"https:\/\/www.dlx-media.com\/uslugi\/"},"modified":"2025-01-24T12:00:18","modified_gmt":"2025-01-24T10:00:18","slug":"uslugi","status":"publish","type":"page","link":"https:\/\/dlx-media.com\/pl\/uslugi\/","title":{"rendered":"Us\u0142ugi"},"content":{"rendered":"\n<h2 class=\"wp-block-heading\">DLx-Media: Polegaj na holistycznym marketingu, kt\u00f3ry porusza ludzi.<\/h2>\n\n<p class=\"wp-block-paragraph\">DLx-Media.com to agencja marketingu internetowego oferuj\u0105ca kompleksowe us\u0142ugi w zakresie marketingu cyfrowego. Naszym celem jest skuteczne pozycjonowanie i wzmocnienie Twojej firmy w erze cyfrowej.  <\/p>\n\n<p class=\"wp-block-paragraph\">Dzi\u0119ki ponad 20-letniemu do\u015bwiadczeniu jeste\u015bmy bardzo szcz\u0119\u015bliwi, \u017ce mo\u017cemy zaoferowa\u0107 kompleksow\u0105 gam\u0119 rozwi\u0105za\u0144 z zakresu marketingu cyfrowego. Jako do\u015bwiadczona agencja rozumiemy, \u017ce skuteczny marketing wymaga czego\u015b wi\u0119cej ni\u017c tylko indywidualnych dzia\u0142a\u0144 &#8211; wymaga dobrze przemy\u015blanej strategii, kt\u00f3ra obejmuje wszystkie aspekty marketingu cyfrowego, od koncepcji po wdro\u017cenie.<\/p>\n<div class=\"wp-block-image\">\n<figure data-spectra-id=\"spectra-02fec63b-9e10-45be-b3dd-f23724961e8b\" class=\"aligncenter size-large\"><img loading=\"lazy\" decoding=\"async\" width=\"1024\" height=\"585\" src=\"https:\/\/dlx-media.com\/file\/Full-Service-Online-Marketing-Agentur-1024x585.jpeg\" alt=\"Agencja marketingu internetowego z pe&#x142;nym zakresem us&#x142;ug\" class=\"wp-image-4397\" srcset=\"https:\/\/dlx-media.com\/wp-content\/uploads\/Full-Service-Online-Marketing-Agentur-1024x585.jpeg 1024w, https:\/\/dlx-media.com\/wp-content\/uploads\/Full-Service-Online-Marketing-Agentur-350x200.jpeg 350w, https:\/\/dlx-media.com\/wp-content\/uploads\/Full-Service-Online-Marketing-Agentur-768x439.jpeg 768w, https:\/\/dlx-media.com\/wp-content\/uploads\/Full-Service-Online-Marketing-Agentur-1536x878.jpeg 1536w, https:\/\/dlx-media.com\/wp-content\/uploads\/Full-Service-Online-Marketing-Agentur.jpeg 1792w\" sizes=\"auto, (max-width: 1024px) 100vw, 1024px\" \/><\/figure>\n<\/div>\n<p class=\"wp-block-paragraph\"><strong>Filozofia pe\u0142nej obs\u0142ugi<\/strong><\/p>\n\n<p class=\"wp-block-paragraph\">Nasza agencja full-service oferuje firmom kompleksowe doradztwo i wsparcie we wszystkich obszarach marketingu internetowego. Od SEO i reklamy w wyszukiwarkach po marketing w mediach spo\u0142eczno\u015bciowych, tworzenie tre\u015bci i projektowanie stron internetowych &#8211; jeste\u015bmy Twoim partnerem we wszystkich zadaniach zwi\u0105zanych z marketingiem cyfrowym. Naszym celem jest nie tylko optymalizacja Twojej cyfrowej obecno\u015bci, ale tak\u017ce zapewnienie, \u017ce Twoja marka wyr\u00f3\u017cnia si\u0119 w cyfrowym krajobrazie.<\/p>\n\n<p class=\"wp-block-paragraph\"><strong>Strategia i doradztwo<\/strong><\/p>\n\n<p class=\"wp-block-paragraph\">Ka\u017cdy projekt rozpoczynamy od kompleksowej konsultacji, aby zrozumie\u0107 cele, grup\u0119 docelow\u0105 i konkretne potrzeby. Na podstawie tych ustale\u0144 nasi specjali\u015bci opracowuj\u0105 spersonalizowan\u0105 strategi\u0119 marketingow\u0105 maj\u0105c\u0105 na celu maksymalizacj\u0119 wynik\u00f3w online i zapewnienie d\u0142ugoterminowego sukcesu.<\/p>\n\n<p class=\"wp-block-paragraph\"><strong>SEO i reklama<\/strong><\/p>\n\n<p class=\"wp-block-paragraph\">Podstaw\u0105 naszych us\u0142ug jest optymalizacja pod k\u0105tem wyszukiwarek (SEO), kt\u00f3ra ma na celu popraw\u0119 widoczno\u015bci firmy w wyszukiwarkach takich jak Google. Projektujemy r\u00f3wnie\u017c skuteczne kampanie reklamowe, kt\u00f3re kieruj\u0105 przekaz bezpo\u015brednio do grupy docelowej, zwi\u0119kszaj\u0105c nie tylko ruch, ale tak\u017ce wsp\u00f3\u0142czynniki konwersji.<\/p>\n\n<p class=\"wp-block-paragraph\"><strong>Tre\u015b\u0107 i wygl\u0105d<\/strong><\/p>\n\n<p class=\"wp-block-paragraph\">Wysokiej jako\u015bci tre\u015b\u0107 i atrakcyjny wygl\u0105d maj\u0105 kluczowe znaczenie dla przyci\u0105gni\u0119cia i zatrzymania u\u017cytkownik\u00f3w. Nasi specjali\u015bci ds. tre\u015bci i projektanci pracuj\u0105 rami\u0119 w rami\u0119, aby tworzy\u0107 tre\u015bci, kt\u00f3re s\u0105 nie tylko zoptymalizowane pod k\u0105tem SEO, ale tak\u017ce skutecznie przekazuj\u0105 przes\u0142anie marki i wzmacniaj\u0105 publiczny wizerunek firmy.<\/p>\n\n<p class=\"wp-block-paragraph\"><strong>Projektowanie i programowanie stron internetowych<\/strong><\/p>\n\n<p class=\"wp-block-paragraph\">Profesjonalna obecno\u015b\u0107 w sieci to podstawa marketingu cyfrowego. Nasi eksperci od projektowania stron internetowych i programowania tworz\u0105 witryny, kt\u00f3re s\u0105 nie tylko atrakcyjne wizualnie, ale tak\u017ce najnowocze\u015bniejsze pod wzgl\u0119dem u\u017cyteczno\u015bci i technologii. Od koncepcji do realizacji &#8211; upewniamy si\u0119, \u017ce Twoja witryna dzia\u0142a idealnie na wszystkich urz\u0105dzeniach i inspiruje u\u017cytkownik\u00f3w.<\/p>\n\n<p class=\"wp-block-paragraph\"><strong>Sukces dzi\u0119ki do\u015bwiadczeniu<\/strong><\/p>\n\n<p class=\"wp-block-paragraph\">Dzi\u0119ki wieloletniemu do\u015bwiadczeniu i zespo\u0142owi wyspecjalizowanych ekspert\u00f3w w dziedzinie marketingu cyfrowego, DLx-Media.com oferuje us\u0142ugi, kt\u00f3re koncentruj\u0105 si\u0119 na sukcesie naszych klient\u00f3w. Nasze procesy s\u0105 zaprojektowane tak, aby osi\u0105gn\u0105\u0107 najlepsze wyniki i zmaksymalizowa\u0107 cyfrowy sukces Twojej firmy.<\/p>\n\n<p class=\"wp-block-paragraph\">Jako agencja marketingu online oferuj\u0105ca pe\u0142en zakres us\u0142ug, DLx-Media.com jest gotowa wprowadzi\u0107 Twoj\u0105 firm\u0119 do czo\u0142\u00f3wki cyfrowego \u015bwiata. Skontaktuj si\u0119 z nami, aby dowiedzie\u0107 si\u0119 wi\u0119cej o tym, jak mo\u017cemy wsp\u00f3lnie kszta\u0142towa\u0107 cyfrowy sukces Twojej firmy.<\/p>\n\n<h2 class=\"wp-block-heading\">Poni\u017cej znajduje si\u0119 przegl\u0105d oferowanych przez nas us\u0142ug:<\/h2>\n\n<p class=\"wp-block-paragraph\"><strong>Marketing online:<\/strong> Opracowujemy niestandardowe strategie marketingu online, kt\u00f3re s\u0105 specjalnie dostosowane do potrzeb i cel\u00f3w Twojej firmy. Nasze podej\u015bcie obejmuje r\u00f3\u017cne kana\u0142y i techniki, aby zmaksymalizowa\u0107 widoczno\u015b\u0107 i zaanga\u017cowanie.<\/p>\n\n<p class=\"wp-block-paragraph\"><strong>Tworzenie tre\u015bci SEO:<\/strong> Wysokiej jako\u015bci tre\u015bci s\u0105 podstaw\u0105 skutecznej strategii SEO. Tworzymy tre\u015bci zoptymalizowane pod k\u0105tem SEO, kt\u00f3re nie tylko poprawiaj\u0105 widoczno\u015b\u0107 w wyszukiwarkach, ale tak\u017ce s\u0105 warto\u015bciowe i atrakcyjne dla grupy docelowej.<\/p>\n\n<p class=\"wp-block-paragraph\"><strong>Optymalizacja pod k\u0105tem wyszukiwarek:<\/strong> Stosujemy ukierunkowane dzia\u0142ania SEO, aby poprawi\u0107 ranking witryny w wynikach wyszukiwania w celu zwi\u0119kszenia zasi\u0119gu organicznego i kierowania bardziej wykwalifikowanego ruchu do witryny.<\/p>\n\n<p class=\"wp-block-paragraph\"><strong>Reklama<\/strong> w wyszukiwarkach: Dzi\u0119ki ukierunkowanym kampaniom SEA (Search Engine Advertising) umieszczamy Twoje reklamy w wyszukiwarkach, aby zapewni\u0107 natychmiastow\u0105 widoczno\u015b\u0107 Twoich produkt\u00f3w lub us\u0142ug.<\/p>\n\n<p class=\"wp-block-paragraph\"><strong>Optymalizacja konwersji:<\/strong> Optymalizujemy witryn\u0119 i strony docelowe, aby zwi\u0119kszy\u0107 wsp\u00f3\u0142czynnik konwersji i zapewni\u0107, \u017ce odwiedzaj\u0105cy stan\u0105 si\u0119 klientami.<\/p>\n\n<p class=\"wp-block-paragraph\"><strong>Marketing w mediach spo\u0142eczno\u015bciowych:<\/strong> Nasze strategie marketingu w mediach spo\u0142eczno\u015bciowych maj\u0105 na celu ustanowienie marki w sieciach spo\u0142eczno\u015bciowych, zach\u0119canie do interakcji z grup\u0105 docelow\u0105 i zwi\u0119kszenie obecno\u015bci w Internecie.<\/p>\n\n<p class=\"wp-block-paragraph\"><strong>Zarz\u0105dzanie mediami spo\u0142eczno\u015bci<\/strong> owymi: Zarz\u0105dzamy kana\u0142ami medi\u00f3w spo\u0142eczno\u015bciowych, aby zapewni\u0107 sp\u00f3jn\u0105 i anga\u017cuj\u0105c\u0105 komunikacj\u0119 ze spo\u0142eczno\u015bci\u0105.<\/p>\n\n<p class=\"wp-block-paragraph\"><strong>Influencer marketing:<\/strong> Wsp\u00f3\u0142pracuj\u0105c z influencerami z Twojej bran\u017cy, zwi\u0119kszamy Tw\u00f3j zasi\u0119g i zaufanie do Twojej marki.<\/p>\n\n<p class=\"wp-block-paragraph\"><strong>Zarz\u0105dzanie reputacj\u0105 online:<\/strong> Pomagamy monitorowa\u0107 i poprawia\u0107 reputacj\u0119 online w celu wzmocnienia zaufania i wiarygodno\u015bci firmy.<\/p>\n\n<p class=\"wp-block-paragraph\"><strong>Public relations online:<\/strong> Nasze strategie PR online maj\u0105 na celu pozytywne pozycjonowanie marki w cyfrowej sferze publicznej i kultywowanie relacji z grup\u0105 docelow\u0105.<\/p>\n\n<p class=\"wp-block-paragraph\"><strong>Zewn\u0119trzny inspektor<\/strong> ochrony danych: Oferujemy r\u00f3wnie\u017c us\u0142ug\u0119 zewn\u0119trznego inspektora ochrony danych, aby zapewni\u0107 zgodno\u015b\u0107 firmy z przepisami dotycz\u0105cymi ochrony danych.<\/p>\n\n<p class=\"wp-block-paragraph\">Opr\u00f3cz tych podstawowych us\u0142ug oferujemy r\u00f3wnie\u017c inne us\u0142ugi i us\u0142ugi konsultingowe na \u017c\u0105danie. Niezale\u017cnie od konkretnych potrzeb i cel\u00f3w, DLx-Media.com posiada wiedz\u0119 i zasoby, kt\u00f3re pozwol\u0105 Twojej firmie rozwija\u0107 si\u0119 w cyfrowym krajobrazie. Skontaktuj si\u0119 z nami, aby dowiedzie\u0107 si\u0119, jak mo\u017cemy pom\u00f3c Twojej firmie odnie\u015b\u0107 wi\u0119kszy sukces.<\/p>\n\n<hr class=\"wp-block-separator has-alpha-channel-opacity\"\/>\n\n<ul class=\"wp-block-list\">\n<li><a href=\"https:\/\/dlx-media.com\/pl\/dlx-media-online-marketing\/\" data-type=\"page\" data-id=\"15\">Marketing internetowy<\/a><\/li>\n\n\n\n<li><a href=\"https:\/\/dlx-media.com\/pl\/optymalizacja-pod-katem-wyszukiwarek\/\" data-type=\"page\" data-id=\"4254\">Optymalizacja pod k\u0105tem wyszukiwarek<\/a><\/li>\n\n\n\n<li><a href=\"https:\/\/dlx-media.com\/pl\/reklama-w-wyszukiwarkach\/\" data-type=\"page\" data-id=\"4361\">Reklama w wyszukiwarkach<\/a><\/li>\n\n\n\n<li><a href=\"https:\/\/dlx-media.com\/pl\/tworzenie-tresci-seo\/\" data-type=\"page\" data-id=\"4410\">Tworzenie tre\u015bci SEO<\/a><\/li>\n\n\n\n<li><a href=\"https:\/\/dlx-media.com\/pl\/optymalizacja-konwersji\/\" data-type=\"page\" data-id=\"4289\">Optymalizacja konwersji<\/a><\/li>\n\n\n\n<li><a href=\"https:\/\/dlx-media.com\/pl\/marketing-w-mediach-spolecznosciowych\/\" data-type=\"page\" data-id=\"4236\">Marketing w mediach spo\u0142eczno\u015bciowych<\/a><\/li>\n\n\n\n<li><a href=\"https:\/\/dlx-media.com\/pl\/zarzadzanie-mediami-spolecznosciowymi\/\" data-type=\"page\" data-id=\"4369\">Zarz\u0105dzanie mediami spo\u0142eczno\u015bciowymi<\/a><\/li>\n\n\n\n<li><a href=\"https:\/\/dlx-media.com\/pl\/influencer-marketing\/\" data-type=\"page\" data-id=\"4325\">Influencer marketing<\/a><\/li>\n\n\n\n<li><a href=\"https:\/\/dlx-media.com\/pl\/zarzadzanie-reputacja-online\/\" data-type=\"page\" data-id=\"4307\">Zarz\u0105dzanie reputacj\u0105 online<\/a><\/li>\n\n\n\n<li><a href=\"https:\/\/dlx-media.com\/pl\/public-relations-online\/\" data-type=\"page\" data-id=\"4383\">Public relations online<\/a><\/li>\n\n\n\n<li><a href=\"https:\/\/dlx-media.com\/pl\/zewnetrzny-inspektor-ochrony-danych\/\" data-type=\"page\" data-id=\"4158\">Zewn\u0119trzny inspektor ochrony danych<\/a><\/li>\n<\/ul>\n","protected":false},"excerpt":{"rendered":"<p>DLx-Media: Polegaj na holistycznym marketingu, kt\u00f3ry porusza ludzi. DLx-Media.com to agencja marketingu internetowego oferuj\u0105ca kompleksowe us\u0142ugi w zakresie marketingu cyfrowego. Naszym celem jest skuteczne pozycjonowanie i wzmocnienie Twojej firmy w erze cyfrowej. Dzi\u0119ki ponad 20-letniemu do\u015bwiadczeniu jeste\u015bmy bardzo szcz\u0119\u015bliwi, \u017ce<\/p>\n","protected":false},"author":2332,"featured_media":4399,"parent":0,"menu_order":0,"comment_status":"closed","ping_status":"closed","template":"","meta":{"_seopress_robots_primary_cat":"","_seopress_titles_title":"%%post_title%% %%sep%% %%sitetitle%%","_seopress_titles_desc":"DLx-Media to agencja oferuj\u0105ca pe\u0142en zakres us\u0142ug w zakresie marketingu cyfrowego. Dzi\u0119ki ponad 20-letniemu do\u015bwiadczeniu oferujemy niestandardowe rozwi\u0105zania, od SEO po projektowanie stron internetowych. Wzmocnij swoj\u0105 firm\u0119 w erze cyfrowej.","_seopress_robots_index":"","_crdt_document":"","_uag_custom_page_level_css":"","spectra_gs_classes":"","footnotes":""},"class_list":["post-4353","page","type-page","status-publish","has-post-thumbnail","hentry"],"spectra_custom_meta":{"_top_nav_excluded":[""],"_cms_nav_minihome":[""],"_wp_page_template":[""],"_thumbnail_id":["4399"],"_wpml_word_count":["{\"total\":757,\"to_translate\":{\"en\":757,\"de\":757}}"],"_last_translation_edit_mode":["translation-editor"],"_seopress_titles_title":["%%post_title%% %%sep%% %%sitetitle%%"],"_seopress_titles_desc":["DLx-Media to agencja oferuj\u0105ca pe\u0142en zakres us\u0142ug w zakresie marketingu cyfrowego. Dzi\u0119ki ponad 20-letniemu do\u015bwiadczeniu oferujemy niestandardowe rozwi\u0105zania, od SEO po projektowanie stron internetowych. Wzmocnij swoj\u0105 firm\u0119 w erze cyfrowej."],"_seopress_redirections_logged_status":["oba"],"_seopress_redirections_type":["301"],"_uagb_previous_block_counts":["a:90:{s:21:\"uagb\/advanced-heading\";i:0;s:15:\"uagb\/blockquote\";i:0;s:12:\"uagb\/buttons\";i:0;s:18:\"uagb\/buttons-child\";i:0;s:19:\"uagb\/call-to-action\";i:0;s:15:\"uagb\/cf7-styler\";i:0;s:11:\"uagb\/column\";i:0;s:12:\"uagb\/columns\";i:0;s:14:\"uagb\/container\";i:0;s:21:\"uagb\/content-timeline\";i:0;s:27:\"uagb\/content-timeline-child\";i:0;s:14:\"uagb\/countdown\";i:0;s:12:\"uagb\/counter\";i:0;s:8:\"uagb\/faq\";i:0;s:14:\"uagb\/faq-child\";i:0;s:10:\"uagb\/forms\";i:0;s:17:\"uagb\/forms-accept\";i:0;s:19:\"uagb\/forms-checkbox\";i:0;s:15:\"uagb\/forms-date\";i:0;s:16:\"uagb\/forms-email\";i:0;s:17:\"uagb\/forms-hidden\";i:0;s:15:\"uagb\/forms-name\";i:0;s:16:\"uagb\/forms-phone\";i:0;s:16:\"uagb\/forms-radio\";i:0;s:17:\"uagb\/forms-select\";i:0;s:19:\"uagb\/forms-textarea\";i:0;s:17:\"uagb\/forms-toggle\";i:0;s:14:\"uagb\/forms-url\";i:0;s:14:\"uagb\/gf-styler\";i:0;s:15:\"uagb\/google-map\";i:0;s:11:\"uagb\/how-to\";i:0;s:16:\"uagb\/how-to-step\";i:0;s:9:\"uagb\/icon\";i:0;s:14:\"uagb\/icon-list\";i:0;s:20:\"uagb\/icon-list-child\";i:0;s:10:\"uagb\/image\";i:0;s:18:\"uagb\/image-gallery\";i:0;s:13:\"uagb\/info-box\";i:0;s:18:\"uagb\/inline-notice\";i:0;s:11:\"uagb\/lottie\";i:0;s:21:\"uagb\/marketing-button\";i:0;s:10:\"uagb\/modal\";i:0;s:18:\"uagb\/popup-builder\";i:0;s:16:\"uagb\/post-button\";i:0;s:18:\"uagb\/post-carousel\";i:0;s:17:\"uagb\/post-excerpt\";i:0;s:14:\"uagb\/post-grid\";i:0;s:15:\"uagb\/post-image\";i:0;s:17:\"uagb\/post-masonry\";i:0;s:14:\"uagb\/post-meta\";i:0;s:18:\"uagb\/post-taxonomy\";i:0;s:18:\"uagb\/post-timeline\";i:0;s:15:\"uagb\/post-title\";i:0;s:20:\"uagb\/restaurant-menu\";i:0;s:26:\"uagb\/restaurant-menu-child\";i:0;s:11:\"uagb\/review\";i:0;s:12:\"uagb\/section\";i:0;s:14:\"uagb\/separator\";i:0;s:11:\"uagb\/slider\";i:0;s:17:\"uagb\/slider-child\";i:0;s:17:\"uagb\/social-share\";i:0;s:23:\"uagb\/social-share-child\";i:0;s:16:\"uagb\/star-rating\";i:0;s:23:\"uagb\/sure-cart-checkout\";i:0;s:22:\"uagb\/sure-cart-product\";i:0;s:15:\"uagb\/sure-forms\";i:0;s:22:\"uagb\/table-of-contents\";i:0;s:9:\"uagb\/tabs\";i:0;s:15:\"uagb\/tabs-child\";i:0;s:18:\"uagb\/taxonomy-list\";i:0;s:9:\"uagb\/team\";i:0;s:16:\"uagb\/testimonial\";i:0;s:14:\"uagb\/wp-search\";i:0;s:19:\"uagb\/instagram-feed\";i:0;s:10:\"uagb\/login\";i:0;s:17:\"uagb\/loop-builder\";i:0;s:18:\"uagb\/loop-category\";i:0;s:20:\"uagb\/loop-pagination\";i:0;s:15:\"uagb\/loop-reset\";i:0;s:16:\"uagb\/loop-search\";i:0;s:14:\"uagb\/loop-sort\";i:0;s:17:\"uagb\/loop-wrapper\";i:0;s:13:\"uagb\/register\";i:0;s:19:\"uagb\/register-email\";i:0;s:24:\"uagb\/register-first-name\";i:0;s:23:\"uagb\/register-last-name\";i:0;s:22:\"uagb\/register-password\";i:0;s:30:\"uagb\/register-reenter-password\";i:0;s:19:\"uagb\/register-terms\";i:0;s:22:\"uagb\/register-username\";i:0;}"],"_uag_page_assets":["a:9:{s:3:\"css\";s:263:\".uag-blocks-common-selector{z-index:var(--z-index-desktop) !important}@media (max-width: 976px){.uag-blocks-common-selector{z-index:var(--z-index-tablet) !important}}@media (max-width: 767px){.uag-blocks-common-selector{z-index:var(--z-index-mobile) !important}}\n\";s:2:\"js\";s:0:\"\";s:18:\"current_block_list\";a:6:{i:0;s:12:\"core\/heading\";i:1;s:14:\"core\/paragraph\";i:2;s:10:\"core\/image\";i:3;s:14:\"core\/separator\";i:4;s:9:\"core\/list\";i:5;s:14:\"core\/list-item\";}s:8:\"uag_flag\";b:0;s:11:\"uag_version\";s:10:\"1775815218\";s:6:\"gfonts\";a:0:{}s:10:\"gfonts_url\";s:0:\"\";s:12:\"gfonts_files\";a:0:{}s:14:\"uag_faq_layout\";b:0;}"],"_uag_css_file_name":["uag-css-4353.css"]},"uagb_featured_image_src":{"full":["https:\/\/dlx-media.com\/wp-content\/uploads\/Full-Service-Online-Marketing-Agentur.jpeg",1792,1024,false],"thumbnail":["https:\/\/dlx-media.com\/wp-content\/uploads\/Full-Service-Online-Marketing-Agentur-250x250.jpeg",250,250,true],"medium":["https:\/\/dlx-media.com\/wp-content\/uploads\/Full-Service-Online-Marketing-Agentur-350x200.jpeg",350,200,true],"medium_large":["https:\/\/dlx-media.com\/wp-content\/uploads\/Full-Service-Online-Marketing-Agentur-768x439.jpeg",768,439,true],"large":["https:\/\/dlx-media.com\/wp-content\/uploads\/Full-Service-Online-Marketing-Agentur-1024x585.jpeg",1024,585,true],"1536x1536":["https:\/\/dlx-media.com\/wp-content\/uploads\/Full-Service-Online-Marketing-Agentur-1536x878.jpeg",1536,878,true],"2048x2048":["https:\/\/dlx-media.com\/wp-content\/uploads\/Full-Service-Online-Marketing-Agentur.jpeg",1792,1024,false],"suffice-thumbnail-grid":["https:\/\/dlx-media.com\/wp-content\/uploads\/Full-Service-Online-Marketing-Agentur-750x420.jpeg",750,420,true],"suffice-thumbnail-featured-one":["https:\/\/dlx-media.com\/wp-content\/uploads\/Full-Service-Online-Marketing-Agentur-295x525.jpeg",295,525,true],"suffice-thumbnail-featured-two":["https:\/\/dlx-media.com\/wp-content\/uploads\/Full-Service-Online-Marketing-Agentur-1140x504.jpeg",1140,504,true],"suffice-thumbnail-portfolio":["https:\/\/dlx-media.com\/wp-content\/uploads\/Full-Service-Online-Marketing-Agentur-572x552.jpeg",572,552,true],"suffice-thumbnail-portfolio-masonry":["https:\/\/dlx-media.com\/wp-content\/uploads\/Full-Service-Online-Marketing-Agentur-572x652.jpeg",572,652,true]},"uagb_author_info":{"display_name":"DLxMedia","author_link":"https:\/\/dlx-media.com\/pl"},"uagb_comment_info":0,"uagb_excerpt":"DLx-Media: Polegaj na holistycznym marketingu, kt\u00f3ry porusza ludzi. DLx-Media.com to agencja marketingu internetowego oferuj\u0105ca kompleksowe us\u0142ugi w zakresie marketingu cyfrowego. Naszym celem jest skuteczne pozycjonowanie i wzmocnienie Twojej firmy w erze cyfrowej. Dzi\u0119ki ponad 20-letniemu do\u015bwiadczeniu jeste\u015bmy bardzo szcz\u0119\u015bliwi, \u017ce","_links":{"self":[{"href":"https:\/\/dlx-media.com\/pl\/wp-json\/wp\/v2\/pages\/4353","targetHints":{"allow":["GET"]}}],"collection":[{"href":"https:\/\/dlx-media.com\/pl\/wp-json\/wp\/v2\/pages"}],"about":[{"href":"https:\/\/dlx-media.com\/pl\/wp-json\/wp\/v2\/types\/page"}],"author":[{"embeddable":true,"href":"https:\/\/dlx-media.com\/pl\/wp-json\/wp\/v2\/users\/2332"}],"replies":[{"embeddable":true,"href":"https:\/\/dlx-media.com\/pl\/wp-json\/wp\/v2\/comments?post=4353"}],"version-history":[{"count":5,"href":"https:\/\/dlx-media.com\/pl\/wp-json\/wp\/v2\/pages\/4353\/revisions"}],"predecessor-version":[{"id":5741,"href":"https:\/\/dlx-media.com\/pl\/wp-json\/wp\/v2\/pages\/4353\/revisions\/5741"}],"wp:featuredmedia":[{"embeddable":true,"href":"https:\/\/dlx-media.com\/pl\/wp-json\/wp\/v2\/media\/4399"}],"wp:attachment":[{"href":"https:\/\/dlx-media.com\/pl\/wp-json\/wp\/v2\/media?parent=4353"}],"curies":[{"name":"wp","href":"https:\/\/api.w.org\/{rel}","templated":true}]}}