{"id":4343,"date":"2024-02-26T18:17:40","date_gmt":"2024-02-26T16:17:40","guid":{"rendered":"https:\/\/www.dlx-media.com\/influencer-marketing\/"},"modified":"2024-07-14T13:53:20","modified_gmt":"2024-07-14T11:53:20","slug":"influencer-marketing","status":"publish","type":"page","link":"https:\/\/dlx-media.com\/pl\/influencer-marketing\/","title":{"rendered":"Influencer marketing"},"content":{"rendered":"\n<h2 class=\"wp-block-heading\">Gdzie autentyczno\u015b\u0107 spotyka si\u0119 z zasi\u0119giem.<\/h2>\n\n<p class=\"wp-block-paragraph\">Influencer marketing sta\u0142 si\u0119 rewolucyjn\u0105 strategi\u0105 w marketingu internetowym, kt\u00f3ra umo\u017cliwia firmom skuteczne rozpowszechnianie ich przekazu poprzez ukierunkowan\u0105 wsp\u00f3\u0142prac\u0119 z influencerami w sieciach spo\u0142eczno\u015bciowych. Ta forma reklamy wykorzystuje wiarygodno\u015b\u0107 i zaufanie, kt\u00f3re influencerzy zbudowali w\u015br\u00f3d swoich odbiorc\u00f3w, aby autentycznie prezentowa\u0107 marki, produkty i us\u0142ugi. DLx-Media.com specjalizuje si\u0119 w \u0142\u0105czeniu firm z odpowiednimi liderami opinii i influencerami, aby znacznie zwi\u0119kszy\u0107 zasi\u0119g i zaanga\u017cowa\u0107 docelowych odbiorc\u00f3w w osobisty i wp\u0142ywowy spos\u00f3b.<\/p>\n<div class=\"wp-block-image\">\n<figure data-spectra-id=\"spectra-02eb08e2-b35d-4efa-a27b-4b9ae440a599\" class=\"aligncenter size-large\"><img loading=\"lazy\" decoding=\"async\" width=\"1024\" height=\"585\" src=\"https:\/\/dlx-media.com\/file\/Influencer-Marketing-1024x585.jpeg\" alt=\"Influencer marketing\" class=\"wp-image-4328\" srcset=\"https:\/\/dlx-media.com\/wp-content\/uploads\/Influencer-Marketing-1024x585.jpeg 1024w, https:\/\/dlx-media.com\/wp-content\/uploads\/Influencer-Marketing-350x200.jpeg 350w, https:\/\/dlx-media.com\/wp-content\/uploads\/Influencer-Marketing-768x439.jpeg 768w, https:\/\/dlx-media.com\/wp-content\/uploads\/Influencer-Marketing-1536x878.jpeg 1536w, https:\/\/dlx-media.com\/wp-content\/uploads\/Influencer-Marketing.jpeg 1792w\" sizes=\"auto, (max-width: 1024px) 100vw, 1024px\" \/><\/figure>\n<\/div>\n<p class=\"wp-block-paragraph\"><strong>Tworzenie tre\u015bci i zaanga\u017cowanie<\/strong><\/p>\n\n<p class=\"wp-block-paragraph\">Influencer marketing charakteryzuje si\u0119 autentycznymi i atrakcyjnymi tre\u015bciami, kt\u00f3re influencerzy udost\u0119pniaj\u0105 w formie post\u00f3w, wypowiedzi i historii. Tre\u015bci te, kt\u00f3re mog\u0105 obejmowa\u0107 zar\u00f3wno wizualne reprezentacje produktu, jak i szczeg\u00f3\u0142owe referencje, przemawiaj\u0105 bezpo\u015brednio do obserwuj\u0105cych i zach\u0119caj\u0105 do zaanga\u017cowania. Blogerzy i influencerzy z r\u00f3\u017cnych bran\u017c nie tylko tworz\u0105 tre\u015bci, kt\u00f3re docieraj\u0105 do milion\u00f3w obserwuj\u0105cych, ale tak\u017ce dzia\u0142aj\u0105 jako ambasadorzy marki, kt\u00f3rzy wiarygodnie przekazuj\u0105 warto\u015bci i przes\u0142anie marki.<\/p>\n\n<p class=\"wp-block-paragraph\"><strong>Znaczenie sieci i wsp\u00f3\u0142pracy<\/strong><\/p>\n\n<p class=\"wp-block-paragraph\">Wyb\u00f3r odpowiedniej platformy i wsp\u00f3\u0142praca z influencerami, kt\u00f3rzy faktycznie maj\u0105 wp\u0142yw na konkretn\u0105 bran\u017c\u0119 lub grup\u0119 docelow\u0105, ma kluczowe znaczenie. DLx-Media.com posiada rozleg\u0142\u0105 sie\u0107 influencer\u00f3w na platformach takich jak Instagram, YouTube i TikTok, kt\u00f3rzy mog\u0105 dzia\u0142a\u0107 jako multiplikatorzy i zaprezentowa\u0107 Twoj\u0105 mark\u0119 szerokiej publiczno\u015bci. Dzi\u0119ki strategicznej wsp\u00f3\u0142pracy zapewniamy, \u017ce ka\u017cdy post influencer marketingowy jest idealnie dopasowany do zainteresowa\u0144 i potrzeb grupy docelowej.<\/p>\n\n<p class=\"wp-block-paragraph\"><strong>Strategia i zr\u00f3\u017cnicowanie<\/strong><\/p>\n\n<p class=\"wp-block-paragraph\">Skuteczna strategia influencer marketingu wymaga starannego planowania. Firmy musz\u0105 okre\u015bli\u0107 jasne cele, zidentyfikowa\u0107 w\u0142a\u015bciw\u0105 grup\u0119 docelow\u0105 i wybra\u0107 influencer\u00f3w, kt\u00f3rych obserwuj\u0105cy, tre\u015bci i warto\u015bci s\u0105 zgodne z mark\u0105. R\u00f3\u017cnica mi\u0119dzy influencer marketingiem a tradycyjnym marketingiem w mediach spo\u0142eczno\u015bciowych polega na osobistej rekomendacji: Influencerzy wykorzystuj\u0105 swoje zaufanie i wiarygodno\u015b\u0107 do autentycznego prezentowania produkt\u00f3w lub us\u0142ug.<\/p>\n\n<p class=\"wp-block-paragraph\"><strong>Korzy\u015bci dla firm<\/strong><\/p>\n\n<p class=\"wp-block-paragraph\">Zalety influencer marketingu s\u0105 wielorakie: zwi\u0119kszony zasi\u0119g, wi\u0119ksza \u015bwiadomo\u015b\u0107 marki, dost\u0119p do okre\u015blonych grup docelowych oraz mo\u017cliwo\u015b\u0107 wykorzystania zaufania i wiarygodno\u015bci influencer\u00f3w. Ta forma marketingu umo\u017cliwia firmom prezentowanie swoich komunikat\u00f3w w naturalny i mniej inwazyjny spos\u00f3b, co mo\u017ce prowadzi\u0107 do wi\u0119kszej akceptacji przez grup\u0119 docelow\u0105.<\/p>\n\n<p class=\"wp-block-paragraph\"><strong>Idealne dopasowanie do Twojej firmy<\/strong><\/p>\n\n<p class=\"wp-block-paragraph\">Nie ka\u017cda strategia marketingowa jest odpowiednia dla ka\u017cdej firmy. Influencer marketing jest szczeg\u00f3lnie skuteczny, gdy produkty lub us\u0142ugi s\u0105 atrakcyjne wizualnie lub gdy istnieje wyra\u017ane dopasowanie grupy docelowej do obserwuj\u0105cych influencera. Firmy powinny r\u00f3wnie\u017c wzi\u0105\u0107 pod uwag\u0119 d\u0142ugoterminowy charakter wsp\u00f3\u0142pracy i mo\u017cliwo\u015b\u0107 przekszta\u0142cenia influencer\u00f3w w ambasador\u00f3w marki.<\/p>\n\n<p class=\"wp-block-paragraph\"><strong>Wa\u017cne aspekty influencer marketingu<\/strong><\/p>\n\n<p class=\"wp-block-paragraph\">Tworz\u0105c kampani\u0119 influencer marketingu, firmy powinny zwr\u00f3ci\u0107 uwag\u0119 na przejrzyst\u0105 i autentyczn\u0105 komunikacj\u0119, okre\u015bli\u0107 jasne wytyczne dotycz\u0105ce wsp\u00f3\u0142pracy i upewni\u0107 si\u0119, \u017ce tre\u015bci odpowiadaj\u0105 zainteresowaniom grupy docelowej. Wyb\u00f3r odpowiedniego influencera, kt\u00f3ry nie tylko ma du\u017c\u0105 liczb\u0119 obserwuj\u0105cych, ale tak\u017ce wysoki poziom zaanga\u017cowania i wp\u0142ywu, ma kluczowe znaczenie. Influencer musi by\u0107 autentyczny i idealnie pasowa\u0107 do Twojej marki.<\/p>\n\n<p class=\"wp-block-paragraph\"><strong>Wa\u017cne kana\u0142y medi\u00f3w spo\u0142eczno\u015bciowych dla influencer marketingu<\/strong><\/p>\n\n<p class=\"wp-block-paragraph\">W influencer marketingu wyb\u00f3r odpowiedniej platformy ma kluczowe znaczenie dla sukcesu kampanii influencer marketingowej. Instagram, ze swoim wizualnym ukierunkowaniem i wysokimi wska\u017anikami zaanga\u017cowania, jest cz\u0119sto na szczycie, a nast\u0119pnie YouTube i Twitch, kt\u00f3re s\u0105 idealne do szczeg\u00f3\u0142owych prezentacji produkt\u00f3w i recenzji. Inne platformy, takie jak Instagram i TikTok, s\u0105 odpowiednie dla m\u0142odszych grup docelowych i umo\u017cliwiaj\u0105 prowadzenie kreatywnych i wirusowych kampanii. Ponadto istniej\u0105 klasyczne platformy, takie jak Facebook, Pinterest, Twitter (X), Bluesky, Threads i Co, ale cz\u0119sto zapomina si\u0119 o blogach i biuletynach, z kt\u00f3rych niekt\u00f3re mog\u0105 mie\u0107 imponuj\u0105cy zasi\u0119g. Ka\u017cda platforma ma swoje zalety i wady i koncentruje si\u0119 na r\u00f3\u017cnych grupach docelowych z odpowiednimi influencerami.<\/p>\n\n<p class=\"wp-block-paragraph\"><strong>Pomiar i sukces<\/strong><\/p>\n\n<p class=\"wp-block-paragraph\">Sukces kampanii influencer marketingowych mo\u017cna mierzy\u0107 za pomoc\u0105 r\u00f3\u017cnych wska\u017anik\u00f3w, od liczby post\u00f3w i wska\u017anika zaanga\u017cowania po bezpo\u015bredni wk\u0142ad w \u015bwiadomo\u015b\u0107 marki i wzrost sprzeda\u017cy. DLx-Media.com wykorzystuje zaawansowan\u0105 analityk\u0119 i narz\u0119dzia do monitorowania wydajno\u015bci i maksymalizacji zwrotu z inwestycji w strategi\u0119 influencer marketingu.<\/p>\n\n<p class=\"wp-block-paragraph\">Influencer marketing oferuje wyj\u0105tkow\u0105 mo\u017cliwo\u015b\u0107 tworzenia autentycznych po\u0142\u0105cze\u0144 mi\u0119dzy mark\u0105 a grup\u0105 docelow\u0105 w coraz bardziej po\u0142\u0105czonym \u015bwiecie. Niezale\u017cnie od tego, czy chcesz wprowadzi\u0107 now\u0105 lini\u0119 produkt\u00f3w, zwi\u0119kszy\u0107 \u015bwiadomo\u015b\u0107 marki, czy wesprze\u0107 konkretn\u0105 kampani\u0119, DLx-Media.com opracowuje niestandardowe strategie marketingu influencer\u00f3w, kt\u00f3re zapewniaj\u0105 rzeczywiste wyniki dzi\u0119ki wysokiej jako\u015bci influencerom o rzeczywistym zasi\u0119gu. Pracujmy razem, aby wykorzysta\u0107 si\u0142\u0119 influencer\u00f3w dla sukcesu Twojej marki.<\/p>\n","protected":false},"excerpt":{"rendered":"<p>Gdzie autentyczno\u015b\u0107 spotyka si\u0119 z zasi\u0119giem. Influencer marketing sta\u0142 si\u0119 rewolucyjn\u0105 strategi\u0105 w marketingu internetowym, kt\u00f3ra umo\u017cliwia firmom skuteczne rozpowszechnianie ich przekazu poprzez ukierunkowan\u0105 wsp\u00f3\u0142prac\u0119 z influencerami w sieciach spo\u0142eczno\u015bciowych. Ta forma reklamy wykorzystuje wiarygodno\u015b\u0107 i zaufanie, kt\u00f3re influencerzy zbudowali<\/p>\n","protected":false},"author":2332,"featured_media":4330,"parent":0,"menu_order":0,"comment_status":"closed","ping_status":"closed","template":"","meta":{"_seopress_robots_primary_cat":"","_seopress_titles_title":"%%post_title%% %%sep%% %%sitetitle%%","_seopress_titles_desc":"Zwi\u0119ksz zasi\u0119g swojej firmy dzi\u0119ki autentycznemu marketingowi influencer\u00f3w. DLx-Media.com \u0142\u0105czy Ci\u0119 z odpowiednimi influencerami w celu skutecznego podej\u015bcia do grupy docelowej.","_seopress_robots_index":"","_crdt_document":"","_uag_custom_page_level_css":"","spectra_gs_classes":"","footnotes":""},"class_list":["post-4343","page","type-page","status-publish","has-post-thumbnail","hentry"],"spectra_custom_meta":{"_top_nav_excluded":[""],"_cms_nav_minihome":[""],"_thumbnail_id":["4330"],"_wp_page_template":[""],"_wpml_word_count":["{\"total\":691,\"to_translate\":{\"en\":691,\"de\":691}}"],"_last_translation_edit_mode":["translation-editor"],"_seopress_titles_title":["%%post_title%% %%sep%% %%sitetitle%%"],"_seopress_titles_desc":["Zwi\u0119ksz zasi\u0119g swojej firmy dzi\u0119ki autentycznemu marketingowi influencer\u00f3w. DLx-Media.com \u0142\u0105czy Ci\u0119 z odpowiednimi influencerami w celu skutecznego podej\u015bcia do grupy docelowej."],"_seopress_redirections_logged_status":["oba"],"_seopress_redirections_type":["301"],"_uagb_previous_block_counts":["a:90:{s:21:\"uagb\/advanced-heading\";i:0;s:15:\"uagb\/blockquote\";i:0;s:12:\"uagb\/buttons\";i:0;s:18:\"uagb\/buttons-child\";i:0;s:19:\"uagb\/call-to-action\";i:0;s:15:\"uagb\/cf7-styler\";i:0;s:11:\"uagb\/column\";i:0;s:12:\"uagb\/columns\";i:0;s:14:\"uagb\/container\";i:0;s:21:\"uagb\/content-timeline\";i:0;s:27:\"uagb\/content-timeline-child\";i:0;s:14:\"uagb\/countdown\";i:0;s:12:\"uagb\/counter\";i:0;s:8:\"uagb\/faq\";i:0;s:14:\"uagb\/faq-child\";i:0;s:10:\"uagb\/forms\";i:0;s:17:\"uagb\/forms-accept\";i:0;s:19:\"uagb\/forms-checkbox\";i:0;s:15:\"uagb\/forms-date\";i:0;s:16:\"uagb\/forms-email\";i:0;s:17:\"uagb\/forms-hidden\";i:0;s:15:\"uagb\/forms-name\";i:0;s:16:\"uagb\/forms-phone\";i:0;s:16:\"uagb\/forms-radio\";i:0;s:17:\"uagb\/forms-select\";i:0;s:19:\"uagb\/forms-textarea\";i:0;s:17:\"uagb\/forms-toggle\";i:0;s:14:\"uagb\/forms-url\";i:0;s:14:\"uagb\/gf-styler\";i:0;s:15:\"uagb\/google-map\";i:0;s:11:\"uagb\/how-to\";i:0;s:16:\"uagb\/how-to-step\";i:0;s:9:\"uagb\/icon\";i:0;s:14:\"uagb\/icon-list\";i:0;s:20:\"uagb\/icon-list-child\";i:0;s:10:\"uagb\/image\";i:0;s:18:\"uagb\/image-gallery\";i:0;s:13:\"uagb\/info-box\";i:0;s:18:\"uagb\/inline-notice\";i:0;s:11:\"uagb\/lottie\";i:0;s:21:\"uagb\/marketing-button\";i:0;s:10:\"uagb\/modal\";i:0;s:18:\"uagb\/popup-builder\";i:0;s:16:\"uagb\/post-button\";i:0;s:18:\"uagb\/post-carousel\";i:0;s:17:\"uagb\/post-excerpt\";i:0;s:14:\"uagb\/post-grid\";i:0;s:15:\"uagb\/post-image\";i:0;s:17:\"uagb\/post-masonry\";i:0;s:14:\"uagb\/post-meta\";i:0;s:18:\"uagb\/post-taxonomy\";i:0;s:18:\"uagb\/post-timeline\";i:0;s:15:\"uagb\/post-title\";i:0;s:20:\"uagb\/restaurant-menu\";i:0;s:26:\"uagb\/restaurant-menu-child\";i:0;s:11:\"uagb\/review\";i:0;s:12:\"uagb\/section\";i:0;s:14:\"uagb\/separator\";i:0;s:11:\"uagb\/slider\";i:0;s:17:\"uagb\/slider-child\";i:0;s:17:\"uagb\/social-share\";i:0;s:23:\"uagb\/social-share-child\";i:0;s:16:\"uagb\/star-rating\";i:0;s:23:\"uagb\/sure-cart-checkout\";i:0;s:22:\"uagb\/sure-cart-product\";i:0;s:15:\"uagb\/sure-forms\";i:0;s:22:\"uagb\/table-of-contents\";i:0;s:9:\"uagb\/tabs\";i:0;s:15:\"uagb\/tabs-child\";i:0;s:18:\"uagb\/taxonomy-list\";i:0;s:9:\"uagb\/team\";i:0;s:16:\"uagb\/testimonial\";i:0;s:14:\"uagb\/wp-search\";i:0;s:19:\"uagb\/instagram-feed\";i:0;s:10:\"uagb\/login\";i:0;s:17:\"uagb\/loop-builder\";i:0;s:18:\"uagb\/loop-category\";i:0;s:20:\"uagb\/loop-pagination\";i:0;s:15:\"uagb\/loop-reset\";i:0;s:16:\"uagb\/loop-search\";i:0;s:14:\"uagb\/loop-sort\";i:0;s:17:\"uagb\/loop-wrapper\";i:0;s:13:\"uagb\/register\";i:0;s:19:\"uagb\/register-email\";i:0;s:24:\"uagb\/register-first-name\";i:0;s:23:\"uagb\/register-last-name\";i:0;s:22:\"uagb\/register-password\";i:0;s:30:\"uagb\/register-reenter-password\";i:0;s:19:\"uagb\/register-terms\";i:0;s:22:\"uagb\/register-username\";i:0;}"],"_uag_page_assets":["a:9:{s:3:\"css\";s:263:\".uag-blocks-common-selector{z-index:var(--z-index-desktop) !important}@media (max-width: 976px){.uag-blocks-common-selector{z-index:var(--z-index-tablet) !important}}@media (max-width: 767px){.uag-blocks-common-selector{z-index:var(--z-index-mobile) !important}}\n\";s:2:\"js\";s:0:\"\";s:18:\"current_block_list\";a:3:{i:0;s:12:\"core\/heading\";i:1;s:14:\"core\/paragraph\";i:2;s:10:\"core\/image\";}s:8:\"uag_flag\";b:0;s:11:\"uag_version\";s:10:\"1775815218\";s:6:\"gfonts\";a:0:{}s:10:\"gfonts_url\";s:0:\"\";s:12:\"gfonts_files\";a:0:{}s:14:\"uag_faq_layout\";b:0;}"],"_uag_css_file_name":["uag-css-4343.css"]},"uagb_featured_image_src":{"full":["https:\/\/dlx-media.com\/wp-content\/uploads\/Influencer-Marketing.jpeg",1792,1024,false],"thumbnail":["https:\/\/dlx-media.com\/wp-content\/uploads\/Influencer-Marketing-250x250.jpeg",250,250,true],"medium":["https:\/\/dlx-media.com\/wp-content\/uploads\/Influencer-Marketing-350x200.jpeg",350,200,true],"medium_large":["https:\/\/dlx-media.com\/wp-content\/uploads\/Influencer-Marketing-768x439.jpeg",768,439,true],"large":["https:\/\/dlx-media.com\/wp-content\/uploads\/Influencer-Marketing-1024x585.jpeg",1024,585,true],"1536x1536":["https:\/\/dlx-media.com\/wp-content\/uploads\/Influencer-Marketing-1536x878.jpeg",1536,878,true],"2048x2048":["https:\/\/dlx-media.com\/wp-content\/uploads\/Influencer-Marketing.jpeg",1792,1024,false],"suffice-thumbnail-grid":["https:\/\/dlx-media.com\/wp-content\/uploads\/Influencer-Marketing-750x420.jpeg",750,420,true],"suffice-thumbnail-featured-one":["https:\/\/dlx-media.com\/wp-content\/uploads\/Influencer-Marketing-295x525.jpeg",295,525,true],"suffice-thumbnail-featured-two":["https:\/\/dlx-media.com\/wp-content\/uploads\/Influencer-Marketing-1140x504.jpeg",1140,504,true],"suffice-thumbnail-portfolio":["https:\/\/dlx-media.com\/wp-content\/uploads\/Influencer-Marketing-572x552.jpeg",572,552,true],"suffice-thumbnail-portfolio-masonry":["https:\/\/dlx-media.com\/wp-content\/uploads\/Influencer-Marketing-572x652.jpeg",572,652,true]},"uagb_author_info":{"display_name":"DLxMedia","author_link":"https:\/\/dlx-media.com\/pl"},"uagb_comment_info":0,"uagb_excerpt":"Gdzie autentyczno\u015b\u0107 spotyka si\u0119 z zasi\u0119giem. Influencer marketing sta\u0142 si\u0119 rewolucyjn\u0105 strategi\u0105 w marketingu internetowym, kt\u00f3ra umo\u017cliwia firmom skuteczne rozpowszechnianie ich przekazu poprzez ukierunkowan\u0105 wsp\u00f3\u0142prac\u0119 z influencerami w sieciach spo\u0142eczno\u015bciowych. Ta forma reklamy wykorzystuje wiarygodno\u015b\u0107 i zaufanie, kt\u00f3re influencerzy zbudowali","_links":{"self":[{"href":"https:\/\/dlx-media.com\/pl\/wp-json\/wp\/v2\/pages\/4343","targetHints":{"allow":["GET"]}}],"collection":[{"href":"https:\/\/dlx-media.com\/pl\/wp-json\/wp\/v2\/pages"}],"about":[{"href":"https:\/\/dlx-media.com\/pl\/wp-json\/wp\/v2\/types\/page"}],"author":[{"embeddable":true,"href":"https:\/\/dlx-media.com\/pl\/wp-json\/wp\/v2\/users\/2332"}],"replies":[{"embeddable":true,"href":"https:\/\/dlx-media.com\/pl\/wp-json\/wp\/v2\/comments?post=4343"}],"version-history":[{"count":2,"href":"https:\/\/dlx-media.com\/pl\/wp-json\/wp\/v2\/pages\/4343\/revisions"}],"predecessor-version":[{"id":5300,"href":"https:\/\/dlx-media.com\/pl\/wp-json\/wp\/v2\/pages\/4343\/revisions\/5300"}],"wp:featuredmedia":[{"embeddable":true,"href":"https:\/\/dlx-media.com\/pl\/wp-json\/wp\/v2\/media\/4330"}],"wp:attachment":[{"href":"https:\/\/dlx-media.com\/pl\/wp-json\/wp\/v2\/media?parent=4343"}],"curies":[{"name":"wp","href":"https:\/\/api.w.org\/{rel}","templated":true}]}}