{"id":4323,"date":"2024-02-26T16:41:00","date_gmt":"2024-02-26T14:41:00","guid":{"rendered":"https:\/\/www.dlx-media.com\/zarzadzanie-reputacja-online\/"},"modified":"2024-07-14T13:53:10","modified_gmt":"2024-07-14T11:53:10","slug":"zarzadzanie-reputacja-online","status":"publish","type":"page","link":"https:\/\/dlx-media.com\/pl\/zarzadzanie-reputacja-online\/","title":{"rendered":"Zarz\u0105dzanie reputacj\u0105 online"},"content":{"rendered":"\n<h2 class=\"wp-block-heading\">Buduj zaufanie, dbaj o reputacj\u0119<\/h2>\n\n<p class=\"wp-block-paragraph\">W dzisiejszym cyfrowym \u015bwiecie zarz\u0105dzanie reputacj\u0105 online (ORM) jest niezb\u0119dne dla ka\u017cdej firmy, kt\u00f3ra chce aktywnie kszta\u0142towa\u0107 i chroni\u0107 swoj\u0105 reputacj\u0119 w Internecie. ORM obejmuje strategiczne dzia\u0142ania maj\u0105ce na celu pozytywny wp\u0142yw na postrzeganie marki lub organizacji w Internecie. Nie chodzi tylko o reagowanie na negatywne recenzje, ale o proaktywne utrzymywanie i ulepszanie reputacji online w celu budowania zaufania i wiarygodno\u015bci w\u015br\u00f3d klient\u00f3w, pracownik\u00f3w i partner\u00f3w.<\/p>\n<div class=\"wp-block-image\">\n<figure data-spectra-id=\"spectra-cfd3aaeb-428d-4286-aba6-b56adc53e73f\" class=\"aligncenter size-large\"><img loading=\"lazy\" decoding=\"async\" width=\"1024\" height=\"585\" src=\"https:\/\/dlx-media.com\/file\/Online-Reputation-Management-1024x585.jpeg\" alt=\"Zarz&#x105;dzanie reputacj&#x105; online\" class=\"wp-image-4314\" srcset=\"https:\/\/dlx-media.com\/wp-content\/uploads\/Online-Reputation-Management-1024x585.jpeg 1024w, https:\/\/dlx-media.com\/wp-content\/uploads\/Online-Reputation-Management-350x200.jpeg 350w, https:\/\/dlx-media.com\/wp-content\/uploads\/Online-Reputation-Management-768x439.jpeg 768w, https:\/\/dlx-media.com\/wp-content\/uploads\/Online-Reputation-Management-1536x878.jpeg 1536w, https:\/\/dlx-media.com\/wp-content\/uploads\/Online-Reputation-Management.jpeg 1792w\" sizes=\"auto, (max-width: 1024px) 100vw, 1024px\" \/><\/figure>\n<\/div>\n<p class=\"wp-block-paragraph\">Potrzeba zarz\u0105dzania reputacj\u0105 online pojawia si\u0119 nie tylko wtedy, gdy pojawiaj\u0105 si\u0119 negatywne recenzje. Jest to raczej ci\u0105g\u0142y wysi\u0142ek maj\u0105cy na celu monitorowanie i popraw\u0119 reputacji firmy w Internecie, aby rozpozna\u0107 potencjalne problemy na wczesnym etapie i zareagowa\u0107 odpowiednimi strategiami. Dla marek skuteczny ORM oznacza, \u017ce mog\u0105 zachowa\u0107 kontrol\u0119 nad swoj\u0105 obecno\u015bci\u0105 w sieci, aktywnie uczestniczy\u0107 w kszta\u0142towaniu opinii, a tym samym wzmacnia\u0107 zaufanie swojej grupy docelowej.<\/p>\n\n<p class=\"wp-block-paragraph\">Zarz\u0105dzanie reputacj\u0105 online obejmuje r\u00f3\u017cne \u015brodki, takie jak monitorowanie wzmianek w sieciach spo\u0142eczno\u015bciowych, portalach z recenzjami i blogach, zarz\u0105dzanie recenzjami i opiniami, optymalizacj\u0119 pod k\u0105tem wyszukiwarek (SEO) w celu poprawy widoczno\u015bci pozytywnych tre\u015bci oraz opracowywanie strategii reagowania na krytyk\u0119 lub negatywne nag\u0142\u00f3wki. Zarz\u0105dzanie reputacj\u0105 i SEO s\u0105 ze sob\u0105 \u015bci\u015ble powi\u0105zane, poniewa\u017c silna reputacja online prowadzi do lepszych pozycji w wynikach wyszukiwania i odwrotnie.<\/p>\n\n<p class=\"wp-block-paragraph\">DLx-Media.com oferuje kompleksowe us\u0142ugi zarz\u0105dzania reputacj\u0105 online, kt\u00f3re nie s\u0105 oparte wy\u0142\u0105cznie na narz\u0119dziach, jak wiele innych agencji, ale podlegaj\u0105 \u015bcis\u0142ej r\u0119cznej kontroli i r\u0119cznemu wprowadzaniu danych w celu uzyskania najlepszych wynik\u00f3w zarz\u0105dzania reputacj\u0105. Nasze us\u0142ugi obejmuj\u0105 doradztwo strategiczne, monitorowanie reputacji online, optymalizacj\u0119 tre\u015bci pod k\u0105tem wyszukiwarek w celu wyeksponowania pozytywnych wpis\u00f3w na temat firmy oraz opracowywanie strategii komunikacji w celu reagowania na negatywne wpisy. Wspieramy r\u00f3wnie\u017c w budowaniu i utrzymywaniu pozytywnych relacji z grup\u0105 docelow\u0105 poprzez skuteczne zarz\u0105dzanie spo\u0142eczno\u015bci\u0105 i PR.<\/p>\n\n<p class=\"wp-block-paragraph\">Proaktywne zarz\u0105dzanie reputacj\u0105 oferuje firmom mo\u017cliwo\u015b\u0107 aktywnego kszta\u0142towania swojego wizerunku online niezale\u017cnie od poszczeg\u00f3lnych platform, profesjonalnego reagowania na krytyk\u0119 oraz unikania lub \u0142agodzenia potencjalnych &#8222;g\u00f3wnianych burz&#8221;. Dzi\u0119ki regularnemu monitorowaniu i analizie wynik\u00f3w z sieci, czy to sieci spo\u0142eczno\u015bciowych, platform ratingowych, blog\u00f3w, for\u00f3w czy wyszukiwarek, takich jak Google, Bing i Baidu, mo\u017cemy zapewni\u0107 Ci fachow\u0105 pomoc w zakresie zarz\u0105dzania reputacj\u0105 online, aby rozpozna\u0107 odpowiednie trendy i tematy na wczesnym etapie i odpowiednio dzia\u0142a\u0107, aby\u015b m\u00f3g\u0142 ca\u0142kowicie skupi\u0107 si\u0119 na swoich celach.<\/p>\n\n<p class=\"wp-block-paragraph\">Znaczenie zarz\u0105dzania reputacj\u0105 online jest nie do przecenienia, poniewa\u017c reputacja firmy, produktu lub nawet pojedynczej osoby w Internecie ma bezpo\u015bredni wp\u0142yw na sukces. Dobrze utrzymana reputacja online wzmacnia zaufanie do marki, promuje pozytywne kszta\u0142towanie opinii i ostatecznie wspiera sukces biznesowy. Z DLx-Media.com po swojej stronie masz do\u015bwiadczonego partnera, kt\u00f3ry pomo\u017ce Ci chroni\u0107 i poprawia\u0107 reputacj\u0119 online, aby osi\u0105gn\u0105\u0107 jak najlepsze wyniki dla Twojej firmy.<\/p>\n","protected":false},"excerpt":{"rendered":"<p>Buduj zaufanie, dbaj o reputacj\u0119 W dzisiejszym cyfrowym \u015bwiecie zarz\u0105dzanie reputacj\u0105 online (ORM) jest niezb\u0119dne dla ka\u017cdej firmy, kt\u00f3ra chce aktywnie kszta\u0142towa\u0107 i chroni\u0107 swoj\u0105 reputacj\u0119 w Internecie. ORM obejmuje strategiczne dzia\u0142ania maj\u0105ce na celu pozytywny wp\u0142yw na postrzeganie marki<\/p>\n","protected":false},"author":2332,"featured_media":4316,"parent":0,"menu_order":0,"comment_status":"closed","ping_status":"closed","template":"","meta":{"_seopress_robots_primary_cat":"","_seopress_titles_title":"%%post_title%% %%sep%% %%sitetitle%%","_seopress_titles_desc":"Zwi\u0119ksz swoj\u0105 pewno\u015b\u0107 siebie i utrzymaj swoj\u0105 reputacj\u0119 online dzi\u0119ki DLx-Media.com. Nasza kompleksowa us\u0142uga ORM obejmuje monitorowanie, SEO i doradztwo strategiczne.","_seopress_robots_index":"","_crdt_document":"","_uag_custom_page_level_css":"","spectra_gs_classes":"","footnotes":""},"class_list":["post-4323","page","type-page","status-publish","has-post-thumbnail","hentry"],"spectra_custom_meta":{"_top_nav_excluded":[""],"_cms_nav_minihome":[""],"_thumbnail_id":["4316"],"_wp_page_template":[""],"_wpml_word_count":["{\"total\":467,\"to_translate\":{\"en\":467,\"de\":467}}"],"_last_translation_edit_mode":["translation-editor"],"_seopress_titles_title":["%%post_title%% %%sep%% %%sitetitle%%"],"_seopress_titles_desc":["Zwi\u0119ksz swoj\u0105 pewno\u015b\u0107 siebie i utrzymaj swoj\u0105 reputacj\u0119 online dzi\u0119ki DLx-Media.com. Nasza kompleksowa us\u0142uga ORM obejmuje monitorowanie, SEO i doradztwo strategiczne."],"_seopress_redirections_logged_status":["oba"],"_seopress_redirections_type":["301"],"_uagb_previous_block_counts":["a:90:{s:21:\"uagb\/advanced-heading\";i:0;s:15:\"uagb\/blockquote\";i:0;s:12:\"uagb\/buttons\";i:0;s:18:\"uagb\/buttons-child\";i:0;s:19:\"uagb\/call-to-action\";i:0;s:15:\"uagb\/cf7-styler\";i:0;s:11:\"uagb\/column\";i:0;s:12:\"uagb\/columns\";i:0;s:14:\"uagb\/container\";i:0;s:21:\"uagb\/content-timeline\";i:0;s:27:\"uagb\/content-timeline-child\";i:0;s:14:\"uagb\/countdown\";i:0;s:12:\"uagb\/counter\";i:0;s:8:\"uagb\/faq\";i:0;s:14:\"uagb\/faq-child\";i:0;s:10:\"uagb\/forms\";i:0;s:17:\"uagb\/forms-accept\";i:0;s:19:\"uagb\/forms-checkbox\";i:0;s:15:\"uagb\/forms-date\";i:0;s:16:\"uagb\/forms-email\";i:0;s:17:\"uagb\/forms-hidden\";i:0;s:15:\"uagb\/forms-name\";i:0;s:16:\"uagb\/forms-phone\";i:0;s:16:\"uagb\/forms-radio\";i:0;s:17:\"uagb\/forms-select\";i:0;s:19:\"uagb\/forms-textarea\";i:0;s:17:\"uagb\/forms-toggle\";i:0;s:14:\"uagb\/forms-url\";i:0;s:14:\"uagb\/gf-styler\";i:0;s:15:\"uagb\/google-map\";i:0;s:11:\"uagb\/how-to\";i:0;s:16:\"uagb\/how-to-step\";i:0;s:9:\"uagb\/icon\";i:0;s:14:\"uagb\/icon-list\";i:0;s:20:\"uagb\/icon-list-child\";i:0;s:10:\"uagb\/image\";i:0;s:18:\"uagb\/image-gallery\";i:0;s:13:\"uagb\/info-box\";i:0;s:18:\"uagb\/inline-notice\";i:0;s:11:\"uagb\/lottie\";i:0;s:21:\"uagb\/marketing-button\";i:0;s:10:\"uagb\/modal\";i:0;s:18:\"uagb\/popup-builder\";i:0;s:16:\"uagb\/post-button\";i:0;s:18:\"uagb\/post-carousel\";i:0;s:17:\"uagb\/post-excerpt\";i:0;s:14:\"uagb\/post-grid\";i:0;s:15:\"uagb\/post-image\";i:0;s:17:\"uagb\/post-masonry\";i:0;s:14:\"uagb\/post-meta\";i:0;s:18:\"uagb\/post-taxonomy\";i:0;s:18:\"uagb\/post-timeline\";i:0;s:15:\"uagb\/post-title\";i:0;s:20:\"uagb\/restaurant-menu\";i:0;s:26:\"uagb\/restaurant-menu-child\";i:0;s:11:\"uagb\/review\";i:0;s:12:\"uagb\/section\";i:0;s:14:\"uagb\/separator\";i:0;s:11:\"uagb\/slider\";i:0;s:17:\"uagb\/slider-child\";i:0;s:17:\"uagb\/social-share\";i:0;s:23:\"uagb\/social-share-child\";i:0;s:16:\"uagb\/star-rating\";i:0;s:23:\"uagb\/sure-cart-checkout\";i:0;s:22:\"uagb\/sure-cart-product\";i:0;s:15:\"uagb\/sure-forms\";i:0;s:22:\"uagb\/table-of-contents\";i:0;s:9:\"uagb\/tabs\";i:0;s:15:\"uagb\/tabs-child\";i:0;s:18:\"uagb\/taxonomy-list\";i:0;s:9:\"uagb\/team\";i:0;s:16:\"uagb\/testimonial\";i:0;s:14:\"uagb\/wp-search\";i:0;s:19:\"uagb\/instagram-feed\";i:0;s:10:\"uagb\/login\";i:0;s:17:\"uagb\/loop-builder\";i:0;s:18:\"uagb\/loop-category\";i:0;s:20:\"uagb\/loop-pagination\";i:0;s:15:\"uagb\/loop-reset\";i:0;s:16:\"uagb\/loop-search\";i:0;s:14:\"uagb\/loop-sort\";i:0;s:17:\"uagb\/loop-wrapper\";i:0;s:13:\"uagb\/register\";i:0;s:19:\"uagb\/register-email\";i:0;s:24:\"uagb\/register-first-name\";i:0;s:23:\"uagb\/register-last-name\";i:0;s:22:\"uagb\/register-password\";i:0;s:30:\"uagb\/register-reenter-password\";i:0;s:19:\"uagb\/register-terms\";i:0;s:22:\"uagb\/register-username\";i:0;}"],"_uag_page_assets":["a:9:{s:3:\"css\";s:263:\".uag-blocks-common-selector{z-index:var(--z-index-desktop) !important}@media (max-width: 976px){.uag-blocks-common-selector{z-index:var(--z-index-tablet) !important}}@media (max-width: 767px){.uag-blocks-common-selector{z-index:var(--z-index-mobile) !important}}\n\";s:2:\"js\";s:0:\"\";s:18:\"current_block_list\";a:3:{i:0;s:12:\"core\/heading\";i:1;s:14:\"core\/paragraph\";i:2;s:10:\"core\/image\";}s:8:\"uag_flag\";b:0;s:11:\"uag_version\";s:10:\"1776768691\";s:6:\"gfonts\";a:0:{}s:10:\"gfonts_url\";s:0:\"\";s:12:\"gfonts_files\";a:0:{}s:14:\"uag_faq_layout\";b:0;}"],"_uag_css_file_name":["uag-css-4323.css"]},"uagb_featured_image_src":{"full":["https:\/\/dlx-media.com\/wp-content\/uploads\/Online-Reputation-Management.jpeg",1792,1024,false],"thumbnail":["https:\/\/dlx-media.com\/wp-content\/uploads\/Online-Reputation-Management-250x250.jpeg",250,250,true],"medium":["https:\/\/dlx-media.com\/wp-content\/uploads\/Online-Reputation-Management-350x200.jpeg",350,200,true],"medium_large":["https:\/\/dlx-media.com\/wp-content\/uploads\/Online-Reputation-Management-768x439.jpeg",768,439,true],"large":["https:\/\/dlx-media.com\/wp-content\/uploads\/Online-Reputation-Management-1024x585.jpeg",1024,585,true],"1536x1536":["https:\/\/dlx-media.com\/wp-content\/uploads\/Online-Reputation-Management-1536x878.jpeg",1536,878,true],"2048x2048":["https:\/\/dlx-media.com\/wp-content\/uploads\/Online-Reputation-Management.jpeg",1792,1024,false],"suffice-thumbnail-grid":["https:\/\/dlx-media.com\/wp-content\/uploads\/Online-Reputation-Management-750x420.jpeg",750,420,true],"suffice-thumbnail-featured-one":["https:\/\/dlx-media.com\/wp-content\/uploads\/Online-Reputation-Management-295x525.jpeg",295,525,true],"suffice-thumbnail-featured-two":["https:\/\/dlx-media.com\/wp-content\/uploads\/Online-Reputation-Management-1140x504.jpeg",1140,504,true],"suffice-thumbnail-portfolio":["https:\/\/dlx-media.com\/wp-content\/uploads\/Online-Reputation-Management-572x552.jpeg",572,552,true],"suffice-thumbnail-portfolio-masonry":["https:\/\/dlx-media.com\/wp-content\/uploads\/Online-Reputation-Management-572x652.jpeg",572,652,true]},"uagb_author_info":{"display_name":"DLxMedia","author_link":"https:\/\/dlx-media.com\/pl"},"uagb_comment_info":0,"uagb_excerpt":"Buduj zaufanie, dbaj o reputacj\u0119 W dzisiejszym cyfrowym \u015bwiecie zarz\u0105dzanie reputacj\u0105 online (ORM) jest niezb\u0119dne dla ka\u017cdej firmy, kt\u00f3ra chce aktywnie kszta\u0142towa\u0107 i chroni\u0107 swoj\u0105 reputacj\u0119 w Internecie. ORM obejmuje strategiczne dzia\u0142ania maj\u0105ce na celu pozytywny wp\u0142yw na postrzeganie marki","_links":{"self":[{"href":"https:\/\/dlx-media.com\/pl\/wp-json\/wp\/v2\/pages\/4323","targetHints":{"allow":["GET"]}}],"collection":[{"href":"https:\/\/dlx-media.com\/pl\/wp-json\/wp\/v2\/pages"}],"about":[{"href":"https:\/\/dlx-media.com\/pl\/wp-json\/wp\/v2\/types\/page"}],"author":[{"embeddable":true,"href":"https:\/\/dlx-media.com\/pl\/wp-json\/wp\/v2\/users\/2332"}],"replies":[{"embeddable":true,"href":"https:\/\/dlx-media.com\/pl\/wp-json\/wp\/v2\/comments?post=4323"}],"version-history":[{"count":2,"href":"https:\/\/dlx-media.com\/pl\/wp-json\/wp\/v2\/pages\/4323\/revisions"}],"predecessor-version":[{"id":5293,"href":"https:\/\/dlx-media.com\/pl\/wp-json\/wp\/v2\/pages\/4323\/revisions\/5293"}],"wp:featuredmedia":[{"embeddable":true,"href":"https:\/\/dlx-media.com\/pl\/wp-json\/wp\/v2\/media\/4316"}],"wp:attachment":[{"href":"https:\/\/dlx-media.com\/pl\/wp-json\/wp\/v2\/media?parent=4323"}],"curies":[{"name":"wp","href":"https:\/\/api.w.org\/{rel}","templated":true}]}}