{"id":4301,"date":"2024-02-12T14:29:30","date_gmt":"2024-02-12T12:29:30","guid":{"rendered":"https:\/\/www.dlx-media.com\/optymalizacja-konwersji\/"},"modified":"2024-07-14T13:46:02","modified_gmt":"2024-07-14T11:46:02","slug":"optymalizacja-konwersji","status":"publish","type":"page","link":"https:\/\/dlx-media.com\/pl\/optymalizacja-konwersji\/","title":{"rendered":"Optymalizacja konwersji"},"content":{"rendered":"\n<h2 class=\"wp-block-heading\">Gdzie klikni\u0119cia staj\u0105 si\u0119 konwersjami.<\/h2>\n\n<p class=\"wp-block-paragraph\">DLx-Media.com rozumie optymalizacj\u0119 konwersji nie tylko jako dyscyplin\u0119 marketingu internetowego, ale tak\u017ce jako podstaw\u0119 cyfrowego sukcesu Twojej firmy. Optymalizuj\u0105c wsp\u00f3\u0142czynnik konwersji odwiedzaj\u0105cych witryn\u0119 na p\u0142ac\u0105cych klient\u00f3w, nie tylko zwi\u0119kszamy sprzeda\u017c, ale tak\u017ce efektywno\u015b\u0107 ca\u0142ej obecno\u015bci online. Wsp\u00f3\u0142czynnik konwersji jest krytycznym punktem, kt\u00f3ry znacz\u0105co wp\u0142ywa na sukces produktu lub us\u0142ugi w przestrzeni cyfrowej.<\/p>\n<div class=\"wp-block-image\">\n<figure data-spectra-id=\"spectra-f57089d4-51a0-40ef-add7-11bc741bd605\" class=\"aligncenter size-large\"><img loading=\"lazy\" decoding=\"async\" width=\"1024\" height=\"585\" src=\"https:\/\/dlx-media.com\/file\/Conversion-Optimierung-1024x585.jpeg\" alt=\"Kolorowa infografika na temat marketingu cyfrowego i narz&#x119;dzi analitycznych\" class=\"wp-image-4294\" srcset=\"https:\/\/dlx-media.com\/wp-content\/uploads\/Conversion-Optimierung-1024x585.jpeg 1024w, https:\/\/dlx-media.com\/wp-content\/uploads\/Conversion-Optimierung-350x200.jpeg 350w, https:\/\/dlx-media.com\/wp-content\/uploads\/Conversion-Optimierung-768x439.jpeg 768w, https:\/\/dlx-media.com\/wp-content\/uploads\/Conversion-Optimierung-1536x878.jpeg 1536w, https:\/\/dlx-media.com\/wp-content\/uploads\/Conversion-Optimierung.jpeg 1792w\" sizes=\"auto, (max-width: 1024px) 100vw, 1024px\" \/><\/figure>\n<\/div>\n<p class=\"wp-block-paragraph\">Aby zoptymalizowa\u0107 ten proces, opieramy si\u0119 na po\u0142\u0105czeniu sprawdzonych narz\u0119dzi i innowacyjnych technik, aby wesprze\u0107 optymalizacj\u0119 konwersji danymi i osi\u0105gn\u0105\u0107 za\u0142o\u017cone cele. Od Google Analytics do oceny zachowa\u0144 u\u017cytkownik\u00f3w po wyspecjalizowane platformy testowe do test\u00f3w A\/B &#8211; ka\u017cde dzia\u0142anie i decyzja s\u0105 oparte na danych. Pozwala nam to nie tylko identyfikowa\u0107 problemy, ale tak\u017ce opracowywa\u0107 niestandardowe rozwi\u0105zania, kt\u00f3re s\u0105 precyzyjnie dostosowane do potrzeb u\u017cytkownik\u00f3w.<\/p>\n\n<p class=\"wp-block-paragraph\">Kluczowym elementem optymalizacji konwersji jest czas \u0142adowania strony, czynnik, kt\u00f3ry ma bezpo\u015bredni wp\u0142yw na do\u015bwiadczenie u\u017cytkownika, a tym samym na wsp\u00f3\u0142czynnik konwersji. Optymalizuj\u0105c ten element, mo\u017cemy zmniejszy\u0107 wsp\u00f3\u0142czynnik porzuce\u0144 i zwi\u0119kszy\u0107 prawdopodobie\u0144stwo uko\u0144czenia procesu zakupu przez odwiedzaj\u0105cych. Ponadto elementy takie jak przyciski, formularze i inne wezwania do dzia\u0142ania (CTA) odgrywaj\u0105 decyduj\u0105c\u0105 rol\u0119, wyra\u017anie i jednoznacznie prowadz\u0105c u\u017cytkownika do nast\u0119pnej akcji.<\/p>\n\n<p class=\"wp-block-paragraph\">Integracja SEO (optymalizacji pod k\u0105tem wyszukiwarek) i optymalizacji konwersji to kolejny punkt, kt\u00f3rego nie nale\u017cy lekcewa\u017cy\u0107. Zapewniaj\u0105c, \u017ce tre\u015bci s\u0105 zoptymalizowane nie tylko pod k\u0105tem wyszukiwarek, ale tak\u017ce pod k\u0105tem prawdziwych ludzi, zwi\u0119kszamy zar\u00f3wno ruch na Twojej stronie, jak i jako\u015b\u0107 generowanych lead\u00f3w. Prowadzi to do wy\u017cszego wsp\u00f3\u0142czynnika konwersji, poniewa\u017c odwiedzaj\u0105cy ju\u017c podczas wyszukiwania wykazuj\u0105 wysoki poziom zainteresowania zakupem. W ten spos\u00f3b zapewniamy, \u017ce mo\u017cemy kontrolowa\u0107 i optymalizowa\u0107 wszystkie mo\u017cliwe parametry optymalizacji konwersji dla wszystkich kana\u0142\u00f3w marketingowych.<\/p>\n\n<p class=\"wp-block-paragraph\">Przyk\u0142adem udanego marketingu optymalizacji konwersji mo\u017ce by\u0107 przeprojektowanie strony produktu, gdzie ukierunkowane testowanie r\u00f3\u017cnych element\u00f3w &#8211; takich jak opisy produkt\u00f3w, zdj\u0119cia i opinie klient\u00f3w &#8211; zwi\u0119ksza zaufanie odwiedzaj\u0105cych i pozytywnie wp\u0142ywa na decyzj\u0119 o zakupie. Efekty takich optymalizacji s\u0105 cz\u0119sto natychmiast widoczne w liczbach, czy to poprzez zwi\u0119kszony wsp\u00f3\u0142czynnik konwersji, zwi\u0119kszon\u0105 sprzeda\u017c czy lepsz\u0105 jako\u015b\u0107 lead\u00f3w.<\/p>\n\n<p class=\"wp-block-paragraph\">Jedn\u0105 ze wskaz\u00f3wek, kt\u00f3re dajemy naszym klientom, jest ci\u0105g\u0142e monitorowanie i analizowanie wydajno\u015bci ich strony internetowej. Dzi\u0119ki ci\u0105g\u0142emu monitorowaniu i dostosowywaniu strategii na podstawie konkretnych danych i wynik\u00f3w mo\u017cemy zapewni\u0107 i stale poprawia\u0107 skuteczno\u015b\u0107 naszych dzia\u0142a\u0144. Optymalizacja konwersji jest zatem ci\u0105g\u0142ym procesem opartym na sta\u0142ej analizie zachowa\u0144 u\u017cytkownik\u00f3w, ocenie wynik\u00f3w i stosowaniu najlepszych praktyk.<\/p>\n\n<p class=\"wp-block-paragraph\">W DLx-Media.com naszym g\u0142\u00f3wnym celem jest zwi\u0119kszenie wsp\u00f3\u0142czynnika konwersji poprzez ukierunkowane dzia\u0142ania CRO (Conversion Rate Optimisation). Analizuj\u0105c ca\u0142y lejek od pierwszego klikni\u0119cia do zakupu, identyfikujemy kluczowe punkty, w kt\u00f3rych optymalizacje mog\u0105 mie\u0107 najwi\u0119kszy wp\u0142yw na wsp\u00f3\u0142czynnik konwersji. Kluczowym elementem jest tutaj optymalizacja strony docelowej. Jasno zdefiniowana strona docelowa dostosowana do grupy docelowej ma kluczowe znaczenie nie tylko dla przyci\u0105gni\u0119cia odwiedzaj\u0105cych, ale tak\u017ce dla przekonania ich do podj\u0119cia dzia\u0142ania, czy to zakupu w sklepie internetowym, czy innego po\u017c\u0105danego dzia\u0142ania.<\/p>\n\n<p class=\"wp-block-paragraph\">Stosuj\u0105c sprawdzone metody u\u017cyteczno\u015bci i projektuj\u0105c wezwania do dzia\u0142ania (CTA), poprawiamy wra\u017cenia u\u017cytkownika na Twojej stronie internetowej. Intuicyjna nawigacja, szybki czas \u0142adowania i atrakcyjne tre\u015bci pomagaj\u0105 odwiedzaj\u0105cym witryn\u0119 \u0142atwiej przej\u015b\u0107 przez proces zakupu. W oparciu o hipotezy dotycz\u0105ce zachowania grupy docelowej, nasi eksperci opracowuj\u0105 strategie dostosowane do potrzeb, aby zoptymalizowa\u0107 u\u017cyteczno\u015b\u0107 stron, a tym samym zwi\u0119kszy\u0107 prawdopodobie\u0144stwo konwersji.<\/p>\n\n<p class=\"wp-block-paragraph\">Jednak zwi\u0119kszenie wsp\u00f3\u0142czynnika konwersji to nie tylko kwestia optymalizacji technicznej. Wymaga to dog\u0142\u0119bnego zrozumienia \u017cycze\u0144 i potrzeb grupy docelowej. W DLx-Media.com u\u017cywamy zaawansowanych narz\u0119dzi i metod analitycznych, aby uzyska\u0107 wgl\u0105d w zachowania i preferencje grupy docelowej. Te spostrze\u017cenia umo\u017cliwiaj\u0105 nam tworzenie spersonalizowanych do\u015bwiadcze\u0144, kt\u00f3re nie tylko przemawiaj\u0105 do odwiedzaj\u0105cych, ale tak\u017ce skutecznie prowadz\u0105 ich przez lejek i motywuj\u0105 do podj\u0119cia po\u017c\u0105danych dzia\u0142a\u0144. \u0141\u0105cz\u0105c analiz\u0119 popart\u0105 danymi, kreatywne projektowanie i planowanie strategiczne, tworzymy idealne warunki do skutecznej optymalizacji konwersji, co ostatecznie prowadzi do znacznego wzrostu sukcesu online.<\/p>\n\n<p class=\"wp-block-paragraph\">W DLx-Media.com wierzymy, \u017ce kluczem do sukcesu jest szczeg\u00f3\u0142owa wiedza na temat czynnik\u00f3w wp\u0142ywaj\u0105cych na wsp\u00f3\u0142czynniki konwersji oraz umiej\u0119tno\u015b\u0107 prze\u0142o\u017cenia tych spostrze\u017ce\u0144 na skuteczne strategie marketingowe i optymalizacyjne. Pracujmy razem, aby wykorzysta\u0107 optymalizacj\u0119 konwersji jako podstaw\u0119 cyfrowego sukcesu Twojej firmy.<\/p>\n","protected":false},"excerpt":{"rendered":"<p>Gdzie klikni\u0119cia staj\u0105 si\u0119 konwersjami. DLx-Media.com rozumie optymalizacj\u0119 konwersji nie tylko jako dyscyplin\u0119 marketingu internetowego, ale tak\u017ce jako podstaw\u0119 cyfrowego sukcesu Twojej firmy. Optymalizuj\u0105c wsp\u00f3\u0142czynnik konwersji odwiedzaj\u0105cych witryn\u0119 na p\u0142ac\u0105cych klient\u00f3w, nie tylko zwi\u0119kszamy sprzeda\u017c, ale tak\u017ce efektywno\u015b\u0107 ca\u0142ej obecno\u015bci<\/p>\n","protected":false},"author":2332,"featured_media":4296,"parent":0,"menu_order":0,"comment_status":"closed","ping_status":"closed","template":"","meta":{"_seopress_robots_primary_cat":"","_seopress_titles_title":"Zwi\u0119ksz wsp\u00f3\u0142czynnik konwersji dzi\u0119ki DLx-Media.com","_seopress_titles_desc":"Zwi\u0119ksz sw\u00f3j cyfrowy sukces dzi\u0119ki DLx-Media.com i naszym opartym na danych metodom optymalizacji konwersji. Zwi\u0119ksz obroty i wydajno\u015b\u0107 swojej obecno\u015bci online.","_seopress_robots_index":"","_crdt_document":"","_uag_custom_page_level_css":"","spectra_gs_classes":"","footnotes":""},"class_list":["post-4301","page","type-page","status-publish","has-post-thumbnail","hentry"],"spectra_custom_meta":{"_top_nav_excluded":[""],"_cms_nav_minihome":[""],"_thumbnail_id":["4296"],"_wp_page_template":[""],"_wpml_word_count":["{\"total\":672,\"to_translate\":{\"en\":672,\"de\":672}}"],"_last_translation_edit_mode":["translation-editor"],"_seopress_titles_title":["Zwi\u0119ksz wsp\u00f3\u0142czynnik konwersji dzi\u0119ki DLx-Media.com"],"_seopress_titles_desc":["Zwi\u0119ksz sw\u00f3j cyfrowy sukces dzi\u0119ki DLx-Media.com i naszym opartym na danych metodom optymalizacji konwersji. Zwi\u0119ksz obroty i wydajno\u015b\u0107 swojej obecno\u015bci online."],"_seopress_redirections_logged_status":["oba"],"_seopress_redirections_type":["301"],"_uagb_previous_block_counts":["a:90:{s:21:\"uagb\/advanced-heading\";i:0;s:15:\"uagb\/blockquote\";i:0;s:12:\"uagb\/buttons\";i:0;s:18:\"uagb\/buttons-child\";i:0;s:19:\"uagb\/call-to-action\";i:0;s:15:\"uagb\/cf7-styler\";i:0;s:11:\"uagb\/column\";i:0;s:12:\"uagb\/columns\";i:0;s:14:\"uagb\/container\";i:0;s:21:\"uagb\/content-timeline\";i:0;s:27:\"uagb\/content-timeline-child\";i:0;s:14:\"uagb\/countdown\";i:0;s:12:\"uagb\/counter\";i:0;s:8:\"uagb\/faq\";i:0;s:14:\"uagb\/faq-child\";i:0;s:10:\"uagb\/forms\";i:0;s:17:\"uagb\/forms-accept\";i:0;s:19:\"uagb\/forms-checkbox\";i:0;s:15:\"uagb\/forms-date\";i:0;s:16:\"uagb\/forms-email\";i:0;s:17:\"uagb\/forms-hidden\";i:0;s:15:\"uagb\/forms-name\";i:0;s:16:\"uagb\/forms-phone\";i:0;s:16:\"uagb\/forms-radio\";i:0;s:17:\"uagb\/forms-select\";i:0;s:19:\"uagb\/forms-textarea\";i:0;s:17:\"uagb\/forms-toggle\";i:0;s:14:\"uagb\/forms-url\";i:0;s:14:\"uagb\/gf-styler\";i:0;s:15:\"uagb\/google-map\";i:0;s:11:\"uagb\/how-to\";i:0;s:16:\"uagb\/how-to-step\";i:0;s:9:\"uagb\/icon\";i:0;s:14:\"uagb\/icon-list\";i:0;s:20:\"uagb\/icon-list-child\";i:0;s:10:\"uagb\/image\";i:0;s:18:\"uagb\/image-gallery\";i:0;s:13:\"uagb\/info-box\";i:0;s:18:\"uagb\/inline-notice\";i:0;s:11:\"uagb\/lottie\";i:0;s:21:\"uagb\/marketing-button\";i:0;s:10:\"uagb\/modal\";i:0;s:18:\"uagb\/popup-builder\";i:0;s:16:\"uagb\/post-button\";i:0;s:18:\"uagb\/post-carousel\";i:0;s:17:\"uagb\/post-excerpt\";i:0;s:14:\"uagb\/post-grid\";i:0;s:15:\"uagb\/post-image\";i:0;s:17:\"uagb\/post-masonry\";i:0;s:14:\"uagb\/post-meta\";i:0;s:18:\"uagb\/post-taxonomy\";i:0;s:18:\"uagb\/post-timeline\";i:0;s:15:\"uagb\/post-title\";i:0;s:20:\"uagb\/restaurant-menu\";i:0;s:26:\"uagb\/restaurant-menu-child\";i:0;s:11:\"uagb\/review\";i:0;s:12:\"uagb\/section\";i:0;s:14:\"uagb\/separator\";i:0;s:11:\"uagb\/slider\";i:0;s:17:\"uagb\/slider-child\";i:0;s:17:\"uagb\/social-share\";i:0;s:23:\"uagb\/social-share-child\";i:0;s:16:\"uagb\/star-rating\";i:0;s:23:\"uagb\/sure-cart-checkout\";i:0;s:22:\"uagb\/sure-cart-product\";i:0;s:15:\"uagb\/sure-forms\";i:0;s:22:\"uagb\/table-of-contents\";i:0;s:9:\"uagb\/tabs\";i:0;s:15:\"uagb\/tabs-child\";i:0;s:18:\"uagb\/taxonomy-list\";i:0;s:9:\"uagb\/team\";i:0;s:16:\"uagb\/testimonial\";i:0;s:14:\"uagb\/wp-search\";i:0;s:19:\"uagb\/instagram-feed\";i:0;s:10:\"uagb\/login\";i:0;s:17:\"uagb\/loop-builder\";i:0;s:18:\"uagb\/loop-category\";i:0;s:20:\"uagb\/loop-pagination\";i:0;s:15:\"uagb\/loop-reset\";i:0;s:16:\"uagb\/loop-search\";i:0;s:14:\"uagb\/loop-sort\";i:0;s:17:\"uagb\/loop-wrapper\";i:0;s:13:\"uagb\/register\";i:0;s:19:\"uagb\/register-email\";i:0;s:24:\"uagb\/register-first-name\";i:0;s:23:\"uagb\/register-last-name\";i:0;s:22:\"uagb\/register-password\";i:0;s:30:\"uagb\/register-reenter-password\";i:0;s:19:\"uagb\/register-terms\";i:0;s:22:\"uagb\/register-username\";i:0;}"],"_uag_page_assets":["a:9:{s:3:\"css\";s:263:\".uag-blocks-common-selector{z-index:var(--z-index-desktop) !important}@media (max-width: 976px){.uag-blocks-common-selector{z-index:var(--z-index-tablet) !important}}@media (max-width: 767px){.uag-blocks-common-selector{z-index:var(--z-index-mobile) !important}}\n\";s:2:\"js\";s:0:\"\";s:18:\"current_block_list\";a:3:{i:0;s:12:\"core\/heading\";i:1;s:14:\"core\/paragraph\";i:2;s:10:\"core\/image\";}s:8:\"uag_flag\";b:0;s:11:\"uag_version\";s:10:\"1775815218\";s:6:\"gfonts\";a:0:{}s:10:\"gfonts_url\";s:0:\"\";s:12:\"gfonts_files\";a:0:{}s:14:\"uag_faq_layout\";b:0;}"],"_uag_css_file_name":["uag-css-4301.css"]},"uagb_featured_image_src":{"full":["https:\/\/dlx-media.com\/wp-content\/uploads\/Conversion-Optimierung.jpeg",1792,1024,false],"thumbnail":["https:\/\/dlx-media.com\/wp-content\/uploads\/Conversion-Optimierung-250x250.jpeg",250,250,true],"medium":["https:\/\/dlx-media.com\/wp-content\/uploads\/Conversion-Optimierung-350x200.jpeg",350,200,true],"medium_large":["https:\/\/dlx-media.com\/wp-content\/uploads\/Conversion-Optimierung-768x439.jpeg",768,439,true],"large":["https:\/\/dlx-media.com\/wp-content\/uploads\/Conversion-Optimierung-1024x585.jpeg",1024,585,true],"1536x1536":["https:\/\/dlx-media.com\/wp-content\/uploads\/Conversion-Optimierung-1536x878.jpeg",1536,878,true],"2048x2048":["https:\/\/dlx-media.com\/wp-content\/uploads\/Conversion-Optimierung.jpeg",1792,1024,false],"suffice-thumbnail-grid":["https:\/\/dlx-media.com\/wp-content\/uploads\/Conversion-Optimierung-750x420.jpeg",750,420,true],"suffice-thumbnail-featured-one":["https:\/\/dlx-media.com\/wp-content\/uploads\/Conversion-Optimierung-295x525.jpeg",295,525,true],"suffice-thumbnail-featured-two":["https:\/\/dlx-media.com\/wp-content\/uploads\/Conversion-Optimierung-1140x504.jpeg",1140,504,true],"suffice-thumbnail-portfolio":["https:\/\/dlx-media.com\/wp-content\/uploads\/Conversion-Optimierung-572x552.jpeg",572,552,true],"suffice-thumbnail-portfolio-masonry":["https:\/\/dlx-media.com\/wp-content\/uploads\/Conversion-Optimierung-572x652.jpeg",572,652,true]},"uagb_author_info":{"display_name":"DLxMedia","author_link":"https:\/\/dlx-media.com\/pl"},"uagb_comment_info":0,"uagb_excerpt":"Gdzie klikni\u0119cia staj\u0105 si\u0119 konwersjami. DLx-Media.com rozumie optymalizacj\u0119 konwersji nie tylko jako dyscyplin\u0119 marketingu internetowego, ale tak\u017ce jako podstaw\u0119 cyfrowego sukcesu Twojej firmy. Optymalizuj\u0105c wsp\u00f3\u0142czynnik konwersji odwiedzaj\u0105cych witryn\u0119 na p\u0142ac\u0105cych klient\u00f3w, nie tylko zwi\u0119kszamy sprzeda\u017c, ale tak\u017ce efektywno\u015b\u0107 ca\u0142ej obecno\u015bci","_links":{"self":[{"href":"https:\/\/dlx-media.com\/pl\/wp-json\/wp\/v2\/pages\/4301","targetHints":{"allow":["GET"]}}],"collection":[{"href":"https:\/\/dlx-media.com\/pl\/wp-json\/wp\/v2\/pages"}],"about":[{"href":"https:\/\/dlx-media.com\/pl\/wp-json\/wp\/v2\/types\/page"}],"author":[{"embeddable":true,"href":"https:\/\/dlx-media.com\/pl\/wp-json\/wp\/v2\/users\/2332"}],"replies":[{"embeddable":true,"href":"https:\/\/dlx-media.com\/pl\/wp-json\/wp\/v2\/comments?post=4301"}],"version-history":[{"count":2,"href":"https:\/\/dlx-media.com\/pl\/wp-json\/wp\/v2\/pages\/4301\/revisions"}],"predecessor-version":[{"id":5236,"href":"https:\/\/dlx-media.com\/pl\/wp-json\/wp\/v2\/pages\/4301\/revisions\/5236"}],"wp:featuredmedia":[{"embeddable":true,"href":"https:\/\/dlx-media.com\/pl\/wp-json\/wp\/v2\/media\/4296"}],"wp:attachment":[{"href":"https:\/\/dlx-media.com\/pl\/wp-json\/wp\/v2\/media?parent=4301"}],"curies":[{"name":"wp","href":"https:\/\/api.w.org\/{rel}","templated":true}]}}