{"id":4271,"date":"2024-02-11T15:42:39","date_gmt":"2024-02-11T13:42:39","guid":{"rendered":"https:\/\/www.dlx-media.com\/optymalizacja-pod-katem-wyszukiwarek\/"},"modified":"2024-07-14T13:53:10","modified_gmt":"2024-07-14T11:53:10","slug":"optymalizacja-pod-katem-wyszukiwarek","status":"publish","type":"page","link":"https:\/\/dlx-media.com\/pl\/optymalizacja-pod-katem-wyszukiwarek\/","title":{"rendered":"Optymalizacja pod k\u0105tem wyszukiwarek"},"content":{"rendered":"\n<h2 class=\"wp-block-heading\">Optymalizacja wykraczaj\u0105ca poza ranking.<\/h2>\n\n<p class=\"wp-block-paragraph\">Witamy w DLx-Media.com, do\u015bwiadczonej agencji marketingu internetowego specjalizuj\u0105cej si\u0119 w optymalizacji pod k\u0105tem wyszukiwarek (SEO). Naszym celem jest zmaksymalizowanie widoczno\u015bci Twojej witryny w wynikach wyszukiwania wyszukiwarek takich jak Google, a tym samym znaczne zwi\u0119kszenie ruchu na Twojej stronie. Dzi\u0119ki ukierunkowanym dzia\u0142aniom optymalizacyjnym zapewniamy, \u017ce tre\u015b\u0107 jest precyzyjnie dostosowana do zapyta\u0144 wyszukiwania grupy docelowej w celu poprawy trafno\u015bci i rankingu witryny.<\/p>\n<div class=\"wp-block-image\">\n<figure data-spectra-id=\"spectra-f38a8d32-215e-47fd-8ac7-3c8fab52c641\" class=\"aligncenter size-large\"><img loading=\"lazy\" decoding=\"async\" width=\"1024\" height=\"585\" src=\"https:\/\/dlx-media.com\/file\/suchmaschinenoptimierung-1024x585.jpeg\" alt=\"Analityczny spos&#xF3;b my&#x15B;lenia w optymalizacji pod k&#x105;tem wyszukiwarek\" class=\"wp-image-4263\" srcset=\"https:\/\/dlx-media.com\/wp-content\/uploads\/suchmaschinenoptimierung-1024x585.jpeg 1024w, https:\/\/dlx-media.com\/wp-content\/uploads\/suchmaschinenoptimierung-350x200.jpeg 350w, https:\/\/dlx-media.com\/wp-content\/uploads\/suchmaschinenoptimierung-768x439.jpeg 768w, https:\/\/dlx-media.com\/wp-content\/uploads\/suchmaschinenoptimierung-1536x878.jpeg 1536w, https:\/\/dlx-media.com\/wp-content\/uploads\/suchmaschinenoptimierung.jpeg 1792w\" sizes=\"auto, (max-width: 1024px) 100vw, 1024px\" \/><\/figure>\n<\/div>\n<p class=\"wp-block-paragraph\"><strong>Optymalizacja pod k\u0105tem wyszukiwarek: podstawa sukcesu<\/strong><\/p>\n\n<p class=\"wp-block-paragraph\">Optymalizacja pod k\u0105tem wyszukiwarek to z\u0142o\u017cona dyscyplina, kt\u00f3ra obejmuje zar\u00f3wno dzia\u0142ania na stronie, jak i poza ni\u0105. Onpage odnosi si\u0119 do wszystkich zmian wprowadzonych bezpo\u015brednio w witrynie, od struktury i nag\u0142\u00f3wk\u00f3w po tre\u015b\u0107 i \u0142atwo\u015b\u0107 obs\u0142ugi. Z drugiej strony, SEO poza stron\u0105 skupia si\u0119 na czynnikach zewn\u0119trznych, takich jak linki zwrotne i linkowanie witryny w celu zwi\u0119kszenia jej autorytetu, a tym samym rankingu w wynikach wyszukiwania.<\/p>\n\n<p class=\"wp-block-paragraph\"><strong>Optymalizacja s\u0142\u00f3w kluczowych: poznaj intencje wyszukiwania swoich u\u017cytkownik\u00f3w<\/strong><\/p>\n\n<p class=\"wp-block-paragraph\">Kluczowym elementem SEO jest ukierunkowana optymalizacja s\u0142\u00f3w kluczowych. Analizuj\u0105c odpowiednie terminy wyszukiwania i integruj\u0105c je z tekstami, zwi\u0119kszamy szans\u0119, \u017ce Twoja witryna pojawi si\u0119 dok\u0142adnie wtedy, gdy potencjalni klienci szukaj\u0105 Twoich produkt\u00f3w lub us\u0142ug. W\u0142a\u015bciwa r\u00f3wnowaga mi\u0119dzy trafno\u015bci\u0105 s\u0142\u00f3w kluczowych a warto\u015bci\u0105 dla u\u017cytkownika ma kluczowe znaczenie dla spe\u0142nienia zar\u00f3wno wymaga\u0144 wyszukiwarek, jak i potrzeb grupy docelowej.<\/p>\n\n<p class=\"wp-block-paragraph\"><strong>Techniczne SEO: podstawa wysokiej wydajno\u015bci<\/strong><\/p>\n\n<p class=\"wp-block-paragraph\">Optymalizacja techniczna witryny stanowi podstaw\u0119 skutecznej strategii SEO. Obejmuje to popraw\u0119 czasu \u0142adowania, zapewnienie skutecznego indeksowania przez roboty wyszukiwarek i optymalizacj\u0119 struktury witryny. \u015arodki te pomagaj\u0105 poprawi\u0107 sygna\u0142y u\u017cytkownik\u00f3w i zwi\u0119kszy\u0107 wsp\u00f3\u0142czynnik klikalno\u015bci, a tak\u017ce czas sp\u0119dzony w witrynie.<\/p>\n\n<p class=\"wp-block-paragraph\"><strong>Content marketing: warto\u015b\u0107 dodana dla grupy docelowej<\/strong><\/p>\n\n<p class=\"wp-block-paragraph\">Opr\u00f3cz aspekt\u00f3w technicznych, decyduj\u0105c\u0105 rol\u0119 w SEO odgrywa wysokiej jako\u015bci tre\u015b\u0107. Tre\u015bci oferuj\u0105ce rzeczywist\u0105 warto\u015b\u0107 dodan\u0105 nie tylko poprawiaj\u0105 wra\u017cenia u\u017cytkownik\u00f3w, ale tak\u017ce wzmacniaj\u0105 pozycje w SERP (Search Engine Result Pages). Tworz\u0105c odpowiednie dla grupy docelowej tre\u015bci, kt\u00f3re spe\u0142niaj\u0105 intencje wyszukiwania, pozycjonujemy Twoj\u0105 firm\u0119 jako eksperta w Twojej specjalistycznej dziedzinie.<\/p>\n\n<p class=\"wp-block-paragraph\"><strong>Budowanie link\u00f3w zwrotnych: Wzmocnij autorytet swojej witryny<\/strong><\/p>\n\n<p class=\"wp-block-paragraph\">Kolejnym wa\u017cnym elementem naszej strategii optymalizacji pod k\u0105tem wyszukiwarek i SEO jest ukierunkowane budowanie link\u00f3w. Pozyskiwanie link\u00f3w zwrotnych z odpowiednich i autorytatywnych witryn zwi\u0119ksza wiarygodno\u015b\u0107 witryny w oczach Google. Prowadzi to do lepszego rankingu w wynikach wyszukiwania, a tym samym zwi\u0119ksza widoczno\u015b\u0107 online.<\/p>\n\n<p class=\"wp-block-paragraph\"><strong>Optymalizacja pod k\u0105tem wyszukiwarek: sztuka \u0142\u0105czenia wyszukiwarek i ludzi.<\/strong><\/p>\n\n<p class=\"wp-block-paragraph\">W \u015bwiecie optymalizacji pod k\u0105tem wyszukiwarek (SEO) nacisk k\u0142adziony jest na wyniki, poniewa\u017c sam termin obejmuje r\u00f3\u017cnorodne strategie i podobszary maj\u0105ce na celu optymalizacj\u0119 stron internetowych zgodnie z algorytmami wyszukiwarek. Korzystaj\u0105c ze specjalistycznych narz\u0119dzi, takich jak SISTRIX, mo\u017cna precyzyjnie mierzy\u0107 jako\u015b\u0107 i wp\u0142yw dzia\u0142a\u0144 optymalizacyjnych, co jest istotnym przyk\u0142adem skutecznej pracy SEO. Sztuka tworzenia tre\u015bci w taki spos\u00f3b, aby wyr\u00f3\u017cnia\u0142y si\u0119 na stronach wynik\u00f3w wyszukiwania (SERP), to tylko jeden z aspekt\u00f3w, w kt\u00f3rym wykorzystywane s\u0105 narz\u0119dzia SEO, takie jak TermLabs. Struktura i aspekty techniczne strony internetowej, kt\u00f3ra ma zosta\u0107 zoptymalizowana, mog\u0105 by\u0107 doskonale przeanalizowane i zoptymalizowane za pomoc\u0105 Audisto. Opr\u00f3cz tre\u015bci tekstowych wa\u017cn\u0105 rol\u0119 odgrywa r\u00f3wnie\u017c optymalizacja obraz\u00f3w pod k\u0105tem algorytmu wyszukiwarki, co ma bezpo\u015bredni wp\u0142yw na popraw\u0119 wra\u017ce\u0144 u\u017cytkownika i zwi\u0119kszenie widoczno\u015bci.<\/p>\n\n<p class=\"wp-block-paragraph\">Do\u015bwiadczeni specjali\u015bci ds. optymalizacji pod k\u0105tem wyszukiwarek rozumiej\u0105 znaczenie ka\u017cdego klikni\u0119cia i spos\u00f3b, w jaki liczba wyszukiwa\u0144 mo\u017ce zosta\u0107 przekszta\u0142cona w sprzeda\u017c bezpo\u015bredni\u0105. Dzi\u0119ki dok\u0142adnej analizie kluczowych danych i wykorzystaniu SEA (reklamy w wyszukiwarkach) wraz z SEO, mog\u0105 prze\u015bcign\u0105\u0107 konkurencj\u0119 i zwi\u0119kszy\u0107 udzia\u0142 w rynku swoich klient\u00f3w. Przestrzeganie wytycznych wyszukiwarek i dostosowywanie si\u0119 do ich stale ewoluuj\u0105cych algorytm\u00f3w ma kluczowe znaczenie dla d\u0142ugoterminowego sukcesu. Optymalizuj\u0105c tre\u015bci i struktury na podstawie tych ustale\u0144, optymalizatorzy wyszukiwarek s\u0105 w stanie znacznie poprawi\u0107 obecno\u015b\u0107 witryny w SERPach, a tym samym wnie\u015b\u0107 trwa\u0142y wk\u0142ad w rozw\u00f3j firmy.<\/p>\n\n<p class=\"wp-block-paragraph\"><strong>Dlaczego DLx-Media.com?<\/strong><\/p>\n\n<p class=\"wp-block-paragraph\">W DLx-Media.com rozumiemy, \u017ce skuteczna optymalizacja pod k\u0105tem wyszukiwarek opiera si\u0119 na kompleksowej analizie, stosowaniu sprawdzonych metod i ci\u0105g\u0142ym dostosowywaniu si\u0119 do stale ewoluuj\u0105cych algorytm\u00f3w. Dzi\u0119ki dog\u0142\u0119bnemu zrozumieniu r\u00f3\u017cnych czynnik\u00f3w rankingowych i najnowszych trend\u00f3w w marketingu w wyszukiwarkach, pomagamy Twojej firmie umocni\u0107 si\u0119 w wysoce konkurencyjnym \u015brodowisku i zapewni\u0107 d\u0142ugoterminowy sukces.<\/p>\n\n<p class=\"wp-block-paragraph\">Skontaktuj si\u0119 z nami ju\u017c dzi\u015b, aby dowiedzie\u0107 si\u0119, jak mo\u017cemy zmaksymalizowa\u0107 potencja\u0142 Twojej witryny i pom\u00f3c Ci konkurowa\u0107 o najwy\u017csze pozycje w wynikach wyszukiwania. Z DLx-Media.com u boku, Tw\u00f3j marketing internetowy i optymalizacja pod k\u0105tem wyszukiwarek s\u0105 w najlepszych r\u0119kach.<\/p>\n","protected":false},"excerpt":{"rendered":"<p>Optymalizacja wykraczaj\u0105ca poza ranking. Witamy w DLx-Media.com, do\u015bwiadczonej agencji marketingu internetowego specjalizuj\u0105cej si\u0119 w optymalizacji pod k\u0105tem wyszukiwarek (SEO). Naszym celem jest zmaksymalizowanie widoczno\u015bci Twojej witryny w wynikach wyszukiwania wyszukiwarek takich jak Google, a tym samym znaczne zwi\u0119kszenie ruchu na<\/p>\n","protected":false},"author":2332,"featured_media":4265,"parent":0,"menu_order":0,"comment_status":"closed","ping_status":"closed","template":"","meta":{"_seopress_robots_primary_cat":"","_seopress_titles_title":"Twoja agencja skutecznej optymalizacji pod k\u0105tem wyszukiwarek | DLx-Media.com","_seopress_titles_desc":"Zmaksymalizuj swoj\u0105 widoczno\u015b\u0107 w Internecie dzi\u0119ki DLx-Media.com, do\u015bwiadczonej agencji zajmuj\u0105cej si\u0119 ukierunkowan\u0105 optymalizacj\u0105 pod k\u0105tem wyszukiwarek. Zwi\u0119kszamy ruch w witrynie i poprawiamy ranking.","_seopress_robots_index":"","_crdt_document":"","_uag_custom_page_level_css":"","spectra_gs_classes":"","footnotes":""},"class_list":["post-4271","page","type-page","status-publish","has-post-thumbnail","hentry"],"spectra_custom_meta":{"_top_nav_excluded":[""],"_cms_nav_minihome":[""],"_thumbnail_id":["4265"],"_wp_page_template":[""],"_wpml_word_count":["{\"total\":724,\"to_translate\":{\"en\":724,\"de\":724}}"],"_last_translation_edit_mode":["translation-editor"],"_seopress_titles_title":["Twoja agencja skutecznej optymalizacji pod k\u0105tem wyszukiwarek | DLx-Media.com"],"_seopress_titles_desc":["Zmaksymalizuj swoj\u0105 widoczno\u015b\u0107 w Internecie dzi\u0119ki DLx-Media.com, do\u015bwiadczonej agencji zajmuj\u0105cej si\u0119 ukierunkowan\u0105 optymalizacj\u0105 pod k\u0105tem wyszukiwarek. Zwi\u0119kszamy ruch w witrynie i poprawiamy ranking."],"_seopress_redirections_logged_status":["oba"],"_seopress_redirections_type":["301"],"_uagb_previous_block_counts":["a:90:{s:21:\"uagb\/advanced-heading\";i:0;s:15:\"uagb\/blockquote\";i:0;s:12:\"uagb\/buttons\";i:0;s:18:\"uagb\/buttons-child\";i:0;s:19:\"uagb\/call-to-action\";i:0;s:15:\"uagb\/cf7-styler\";i:0;s:11:\"uagb\/column\";i:0;s:12:\"uagb\/columns\";i:0;s:14:\"uagb\/container\";i:0;s:21:\"uagb\/content-timeline\";i:0;s:27:\"uagb\/content-timeline-child\";i:0;s:14:\"uagb\/countdown\";i:0;s:12:\"uagb\/counter\";i:0;s:8:\"uagb\/faq\";i:0;s:14:\"uagb\/faq-child\";i:0;s:10:\"uagb\/forms\";i:0;s:17:\"uagb\/forms-accept\";i:0;s:19:\"uagb\/forms-checkbox\";i:0;s:15:\"uagb\/forms-date\";i:0;s:16:\"uagb\/forms-email\";i:0;s:17:\"uagb\/forms-hidden\";i:0;s:15:\"uagb\/forms-name\";i:0;s:16:\"uagb\/forms-phone\";i:0;s:16:\"uagb\/forms-radio\";i:0;s:17:\"uagb\/forms-select\";i:0;s:19:\"uagb\/forms-textarea\";i:0;s:17:\"uagb\/forms-toggle\";i:0;s:14:\"uagb\/forms-url\";i:0;s:14:\"uagb\/gf-styler\";i:0;s:15:\"uagb\/google-map\";i:0;s:11:\"uagb\/how-to\";i:0;s:16:\"uagb\/how-to-step\";i:0;s:9:\"uagb\/icon\";i:0;s:14:\"uagb\/icon-list\";i:0;s:20:\"uagb\/icon-list-child\";i:0;s:10:\"uagb\/image\";i:0;s:18:\"uagb\/image-gallery\";i:0;s:13:\"uagb\/info-box\";i:0;s:18:\"uagb\/inline-notice\";i:0;s:11:\"uagb\/lottie\";i:0;s:21:\"uagb\/marketing-button\";i:0;s:10:\"uagb\/modal\";i:0;s:18:\"uagb\/popup-builder\";i:0;s:16:\"uagb\/post-button\";i:0;s:18:\"uagb\/post-carousel\";i:0;s:17:\"uagb\/post-excerpt\";i:0;s:14:\"uagb\/post-grid\";i:0;s:15:\"uagb\/post-image\";i:0;s:17:\"uagb\/post-masonry\";i:0;s:14:\"uagb\/post-meta\";i:0;s:18:\"uagb\/post-taxonomy\";i:0;s:18:\"uagb\/post-timeline\";i:0;s:15:\"uagb\/post-title\";i:0;s:20:\"uagb\/restaurant-menu\";i:0;s:26:\"uagb\/restaurant-menu-child\";i:0;s:11:\"uagb\/review\";i:0;s:12:\"uagb\/section\";i:0;s:14:\"uagb\/separator\";i:0;s:11:\"uagb\/slider\";i:0;s:17:\"uagb\/slider-child\";i:0;s:17:\"uagb\/social-share\";i:0;s:23:\"uagb\/social-share-child\";i:0;s:16:\"uagb\/star-rating\";i:0;s:23:\"uagb\/sure-cart-checkout\";i:0;s:22:\"uagb\/sure-cart-product\";i:0;s:15:\"uagb\/sure-forms\";i:0;s:22:\"uagb\/table-of-contents\";i:0;s:9:\"uagb\/tabs\";i:0;s:15:\"uagb\/tabs-child\";i:0;s:18:\"uagb\/taxonomy-list\";i:0;s:9:\"uagb\/team\";i:0;s:16:\"uagb\/testimonial\";i:0;s:14:\"uagb\/wp-search\";i:0;s:19:\"uagb\/instagram-feed\";i:0;s:10:\"uagb\/login\";i:0;s:17:\"uagb\/loop-builder\";i:0;s:18:\"uagb\/loop-category\";i:0;s:20:\"uagb\/loop-pagination\";i:0;s:15:\"uagb\/loop-reset\";i:0;s:16:\"uagb\/loop-search\";i:0;s:14:\"uagb\/loop-sort\";i:0;s:17:\"uagb\/loop-wrapper\";i:0;s:13:\"uagb\/register\";i:0;s:19:\"uagb\/register-email\";i:0;s:24:\"uagb\/register-first-name\";i:0;s:23:\"uagb\/register-last-name\";i:0;s:22:\"uagb\/register-password\";i:0;s:30:\"uagb\/register-reenter-password\";i:0;s:19:\"uagb\/register-terms\";i:0;s:22:\"uagb\/register-username\";i:0;}"],"_uag_page_assets":["a:9:{s:3:\"css\";s:263:\".uag-blocks-common-selector{z-index:var(--z-index-desktop) !important}@media (max-width: 976px){.uag-blocks-common-selector{z-index:var(--z-index-tablet) !important}}@media (max-width: 767px){.uag-blocks-common-selector{z-index:var(--z-index-mobile) !important}}\n\";s:2:\"js\";s:0:\"\";s:18:\"current_block_list\";a:3:{i:0;s:12:\"core\/heading\";i:1;s:14:\"core\/paragraph\";i:2;s:10:\"core\/image\";}s:8:\"uag_flag\";b:0;s:11:\"uag_version\";s:10:\"1775666600\";s:6:\"gfonts\";a:0:{}s:10:\"gfonts_url\";s:0:\"\";s:12:\"gfonts_files\";a:0:{}s:14:\"uag_faq_layout\";b:0;}"],"_uag_css_file_name":["uag-css-4271.css"]},"uagb_featured_image_src":{"full":["https:\/\/dlx-media.com\/wp-content\/uploads\/suchmaschinenoptimierung.jpeg",1792,1024,false],"thumbnail":["https:\/\/dlx-media.com\/wp-content\/uploads\/suchmaschinenoptimierung-250x250.jpeg",250,250,true],"medium":["https:\/\/dlx-media.com\/wp-content\/uploads\/suchmaschinenoptimierung-350x200.jpeg",350,200,true],"medium_large":["https:\/\/dlx-media.com\/wp-content\/uploads\/suchmaschinenoptimierung-768x439.jpeg",768,439,true],"large":["https:\/\/dlx-media.com\/wp-content\/uploads\/suchmaschinenoptimierung-1024x585.jpeg",1024,585,true],"1536x1536":["https:\/\/dlx-media.com\/wp-content\/uploads\/suchmaschinenoptimierung-1536x878.jpeg",1536,878,true],"2048x2048":["https:\/\/dlx-media.com\/wp-content\/uploads\/suchmaschinenoptimierung.jpeg",1792,1024,false],"suffice-thumbnail-grid":["https:\/\/dlx-media.com\/wp-content\/uploads\/suchmaschinenoptimierung-750x420.jpeg",750,420,true],"suffice-thumbnail-featured-one":["https:\/\/dlx-media.com\/wp-content\/uploads\/suchmaschinenoptimierung-295x525.jpeg",295,525,true],"suffice-thumbnail-featured-two":["https:\/\/dlx-media.com\/wp-content\/uploads\/suchmaschinenoptimierung-1140x504.jpeg",1140,504,true],"suffice-thumbnail-portfolio":["https:\/\/dlx-media.com\/wp-content\/uploads\/suchmaschinenoptimierung-572x552.jpeg",572,552,true],"suffice-thumbnail-portfolio-masonry":["https:\/\/dlx-media.com\/wp-content\/uploads\/suchmaschinenoptimierung-572x652.jpeg",572,652,true]},"uagb_author_info":{"display_name":"DLxMedia","author_link":"https:\/\/dlx-media.com\/pl"},"uagb_comment_info":0,"uagb_excerpt":"Optymalizacja wykraczaj\u0105ca poza ranking. Witamy w DLx-Media.com, do\u015bwiadczonej agencji marketingu internetowego specjalizuj\u0105cej si\u0119 w optymalizacji pod k\u0105tem wyszukiwarek (SEO). Naszym celem jest zmaksymalizowanie widoczno\u015bci Twojej witryny w wynikach wyszukiwania wyszukiwarek takich jak Google, a tym samym znaczne zwi\u0119kszenie ruchu na","_links":{"self":[{"href":"https:\/\/dlx-media.com\/pl\/wp-json\/wp\/v2\/pages\/4271","targetHints":{"allow":["GET"]}}],"collection":[{"href":"https:\/\/dlx-media.com\/pl\/wp-json\/wp\/v2\/pages"}],"about":[{"href":"https:\/\/dlx-media.com\/pl\/wp-json\/wp\/v2\/types\/page"}],"author":[{"embeddable":true,"href":"https:\/\/dlx-media.com\/pl\/wp-json\/wp\/v2\/users\/2332"}],"replies":[{"embeddable":true,"href":"https:\/\/dlx-media.com\/pl\/wp-json\/wp\/v2\/comments?post=4271"}],"version-history":[{"count":2,"href":"https:\/\/dlx-media.com\/pl\/wp-json\/wp\/v2\/pages\/4271\/revisions"}],"predecessor-version":[{"id":5290,"href":"https:\/\/dlx-media.com\/pl\/wp-json\/wp\/v2\/pages\/4271\/revisions\/5290"}],"wp:featuredmedia":[{"embeddable":true,"href":"https:\/\/dlx-media.com\/pl\/wp-json\/wp\/v2\/media\/4265"}],"wp:attachment":[{"href":"https:\/\/dlx-media.com\/pl\/wp-json\/wp\/v2\/media?parent=4271"}],"curies":[{"name":"wp","href":"https:\/\/api.w.org\/{rel}","templated":true}]}}