{"id":4251,"date":"2024-02-11T14:37:24","date_gmt":"2024-02-11T12:37:24","guid":{"rendered":"https:\/\/www.dlx-media.com\/marketing-w-mediach-spolecznosciowych\/"},"modified":"2024-07-14T13:53:12","modified_gmt":"2024-07-14T11:53:12","slug":"marketing-w-mediach-spolecznosciowych","status":"publish","type":"page","link":"https:\/\/dlx-media.com\/pl\/marketing-w-mediach-spolecznosciowych\/","title":{"rendered":"Marketing w mediach spo\u0142eczno\u015bciowych"},"content":{"rendered":"\n<h2 class=\"wp-block-heading\">Od polubie\u0144 do lojalno\u015bci &#8211; marketing w mediach spo\u0142eczno\u015bciowych, kt\u00f3ry dzia\u0142a.<\/h2>\n\n<p class=\"wp-block-paragraph\">DLx-Media.com oferuje kompleksowe us\u0142ugi marketingu w mediach spo\u0142eczno\u015bciowych, aby zapewni\u0107 ukierunkowany marketing w mediach spo\u0142eczno\u015bciowych (SMM) w celu znacznego wzmocnienia obecno\u015bci marki w Internecie na wiod\u0105cych platformach, takich jak Facebook, Instagram, Threads, Bluesky, X (dawniej Twitter), TikTok, YouTube i LinkedIn. Nasze podej\u015bcie koncentruje si\u0119 na maksymalizacji zasi\u0119gu post\u00f3w, budowaniu g\u0142\u0119bszej lojalno\u015bci klient\u00f3w i intensyfikacji komunikacji z grup\u0105 docelow\u0105 poprzez dostosowane tre\u015bci i strategicznie zaplanowane dzia\u0142ania. Przywi\u0105zujemy du\u017c\u0105 wag\u0119 do tworzenia unikalnych i atrakcyjnych post\u00f3w, kt\u00f3re nie tylko zwi\u0119kszaj\u0105 \u015bwiadomo\u015b\u0107 Twoich produkt\u00f3w i us\u0142ug, ale tak\u017ce promuj\u0105 zr\u00f3wnowa\u017cony wska\u017anik interakcji.<\/p>\n<div class=\"wp-block-image\">\n<figure data-spectra-id=\"spectra-0f1b89bb-c736-4802-b426-c8709c82b475\" class=\"aligncenter size-large\"><img loading=\"lazy\" decoding=\"async\" width=\"1024\" height=\"585\" src=\"https:\/\/dlx-media.com\/file\/Social-Media-Marketing-1024x585.jpeg\" alt=\"Ikony marketingu cyfrowego i analityki.\" class=\"wp-image-4237\" srcset=\"https:\/\/dlx-media.com\/wp-content\/uploads\/Social-Media-Marketing-1024x585.jpeg 1024w, https:\/\/dlx-media.com\/wp-content\/uploads\/Social-Media-Marketing-350x200.jpeg 350w, https:\/\/dlx-media.com\/wp-content\/uploads\/Social-Media-Marketing-768x439.jpeg 768w, https:\/\/dlx-media.com\/wp-content\/uploads\/Social-Media-Marketing-1536x878.jpeg 1536w, https:\/\/dlx-media.com\/wp-content\/uploads\/Social-Media-Marketing.jpeg 1792w\" sizes=\"auto, (max-width: 1024px) 100vw, 1024px\" \/><\/figure>\n<\/div>\n<p class=\"wp-block-paragraph\">DLx-Media.com podkre\u015bla, jak istotny jest marketing w mediach spo\u0142eczno\u015bciowych dla sukcesu nowoczesnych firm. W erze, w kt\u00f3rej platformy takie jak Facebook, Instagram, Threads, Bluesky i Twitter (obecnie X) charakteryzuj\u0105 dyskurs publiczny, ukierunkowana obecno\u015b\u0107 jest niezb\u0119dna. Oferujemy strategiczne rozwi\u0105zania umo\u017cliwiaj\u0105ce skuteczne pozycjonowanie marki w mediach spo\u0142eczno\u015bciowych, zwi\u0119kszenie interakcji z grup\u0105 docelow\u0105 i rozpowszechnianie wiadomo\u015bci w ukierunkowany spos\u00f3b.  <\/p>\n\n<p class=\"wp-block-paragraph\">Dzi\u0119ki kompleksowemu portfolio us\u0142ug SMM, DLx-Media.com oferuje mo\u017cliwo\u015b\u0107 wdro\u017cenia sp\u00f3jnej strategii marketingowej w r\u00f3\u017cnych kana\u0142ach. Od tworzenia atrakcyjnych tre\u015bci po monitorowanie i analizowanie wynik\u00f3w kampanii &#8211; nasz zesp\u00f3\u0142 wspiera Ci\u0119 na wszystkich etapach wdra\u017cania. Wykorzystuj\u0105c influencer\u00f3w, ukierunkowane reklamy i kreatywne posty, pracujemy nad utrwaleniem marki w umys\u0142ach ludzi i zach\u0119camy do zwi\u0119kszenia liczby obserwuj\u0105cych. Takie podej\u015bcie umo\u017cliwia nam reagowanie na potrzeby i zainteresowania grupy docelowej oraz opracowywanie spersonalizowanych dzia\u0142a\u0144, kt\u00f3re promuj\u0105 zar\u00f3wno \u015bwiadomo\u015b\u0107, jak i sprzeda\u017c produkt\u00f3w i us\u0142ug.<\/p>\n\n<p class=\"wp-block-paragraph\">Co wi\u0119cej, w DLx-Media.com rozumiemy znaczenie skutecznego SMM zar\u00f3wno dla start-up\u00f3w, jak i firm o ugruntowanej pozycji. W ostatnich latach sta\u0142o si\u0119 jasne, \u017ce dobrze przemy\u015blana obecno\u015b\u0107 w mediach spo\u0142eczno\u015bciowych ma kluczowe znaczenie dla budowania i utrzymywania relacji z klientami. Wykorzystujemy nasz\u0105 wiedz\u0119, aby pom\u00f3c Ci nie tylko osi\u0105gn\u0105\u0107 cele marketingowe, ale tak\u017ce je przekroczy\u0107. Nasze wyspecjalizowane zespo\u0142y opracowuj\u0105 indywidualne strategie dostosowane do konkretnych wymaga\u0144 i cel\u00f3w Twojej firmy oraz wdra\u017caj\u0105 je poprzez ukierunkowane dzia\u0142ania i kampanie.<\/p>\n\n<p class=\"wp-block-paragraph\">W \u015bwiecie, w kt\u00f3rym media spo\u0142eczno\u015bciowe odgrywaj\u0105 coraz wa\u017cniejsz\u0105 rol\u0119, konieczne jest wyr\u00f3\u017cnienie si\u0119 na tle konkurencji i ustanowienie silnej to\u017csamo\u015bci online. DLx-Media.com jest Twoim partnerem w tej podr\u00f3\u017cy, pomagaj\u0105c Ci nie tylko zwi\u0119kszy\u0107 zasi\u0119g i widoczno\u015b\u0107, ale tak\u017ce nawi\u0105za\u0107 prawdziwy kontakt z docelowymi odbiorcami. Dzi\u0119ki naszemu g\u0142\u0119bokiemu zrozumieniu dynamiki marketingu cyfrowego i pasji do innowacji, zapewniamy narz\u0119dzia potrzebne do odniesienia sukcesu w mediach spo\u0142eczno\u015bciowych i przeniesienia firmy w przysz\u0142o\u015b\u0107.<\/p>\n\n<p class=\"wp-block-paragraph\">DLx-Media.com aktywnie wspiera wielu klient\u00f3w w marketingu w mediach spo\u0142eczno\u015bciowych, korzystaj\u0105c z wyj\u0105tkowej sieci wp\u0142ywowych medi\u00f3w spo\u0142eczno\u015bciowych, agencji i ekspert\u00f3w w celu tworzenia optymalnych tre\u015bci dla ka\u017cdej marki. Nasze podej\u015bcie jest zindywidualizowane i ma na celu nie tylko dostarczanie unikalnych i anga\u017cuj\u0105cych tre\u015bci, ale tak\u017ce zapewnienie naszym klientom kompleksowego wsparcia dla ich sieci spo\u0142eczno\u015bciowych. Rozumiemy, \u017ce ka\u017cda decyzja w strategii medi\u00f3w spo\u0142eczno\u015bciowych jest niezb\u0119dna do skutecznego pozycjonowania marki i skutecznego dotarcia do docelowych odbiorc\u00f3w w marketingu w mediach spo\u0142eczno\u015bciowych.<\/p>\n\n<p class=\"wp-block-paragraph\">Wsp\u00f3\u0142pracuj\u0105c z DLx-Media, korzystasz z naszego dog\u0142\u0119bnego zrozumienia mechaniki marketingu w mediach spo\u0142eczno\u015bciowych oraz naszej zdolno\u015bci przewidywania i reagowania na trendy. Pomagamy opracowywa\u0107 i wdra\u017ca\u0107 jasne i skuteczne strategie medi\u00f3w spo\u0142eczno\u015bciowych w oparciu o rzetelne analizy i nasz\u0105 rozleg\u0142\u0105 wiedz\u0119. Niezale\u017cnie od tego, czy chodzi o wyb\u00f3r odpowiednich platform, projektowanie kampanii czy optymalizacj\u0119 interakcji z grup\u0105 docelow\u0105 &#8211; DLx-Media jest niezawodnym partnerem w zakresie marketingu w mediach spo\u0142eczno\u015bciowych.<\/p>\n\n<p class=\"wp-block-paragraph\">Nasza sie\u0107 influencer\u00f3w i ekspert\u00f3w ds. medi\u00f3w spo\u0142eczno\u015bciowych umo\u017cliwia nam oferowanie niestandardowych rozwi\u0105za\u0144, kt\u00f3re s\u0105 precyzyjnie dostosowane do potrzeb i cel\u00f3w Twojej marki. Nie ma znaczenia, czy chodzi na przyk\u0142ad o wideo, obrazy czy tre\u015bci tekstowe w kampanii w mediach spo\u0142eczno\u015bciowych, poniewa\u017c zawsze planujemy i optymalizujemy media spo\u0142eczno\u015bciowe w spos\u00f3b holistyczny i zr\u00f3wnowa\u017cony. Od kreatywnej koncepcji po praktyczne wdro\u017cenie, jeste\u015bmy po Twojej stronie, aby zapewni\u0107, \u017ce Twoja obecno\u015b\u0107 w mediach spo\u0142eczno\u015bciowych jest nie tylko widoczna, ale tak\u017ce skuteczna. Pozw\u00f3l DLx-Media towarzyszy\u0107 Twojej firmie na drodze do sukcesu w mediach spo\u0142eczno\u015bciowych dzi\u0119ki innowacyjnym strategiom i najwy\u017cszej jako\u015bci tre\u015bciom.<\/p>\n","protected":false},"excerpt":{"rendered":"<p>Od polubie\u0144 do lojalno\u015bci &#8211; marketing w mediach spo\u0142eczno\u015bciowych, kt\u00f3ry dzia\u0142a. DLx-Media.com oferuje kompleksowe us\u0142ugi marketingu w mediach spo\u0142eczno\u015bciowych, aby zapewni\u0107 ukierunkowany marketing w mediach spo\u0142eczno\u015bciowych (SMM) w celu znacznego wzmocnienia obecno\u015bci marki w Internecie na wiod\u0105cych platformach, takich jak<\/p>\n","protected":false},"author":2332,"featured_media":4239,"parent":0,"menu_order":0,"comment_status":"closed","ping_status":"closed","template":"","meta":{"_seopress_robots_primary_cat":"","_seopress_titles_title":"Marketing w mediach spo\u0142eczno\u015bciowych dla sukcesu Twojej marki | DLx-Media.com","_seopress_titles_desc":"Popraw swoj\u0105 obecno\u015b\u0107 w Internecie dzi\u0119ki us\u0142ugom marketingu w mediach spo\u0142eczno\u015bciowych DLx-Media.com. Zwi\u0119ksz zasi\u0119g i wska\u017aniki zaanga\u017cowania na najlepszych platformach, takich jak Facebook, Instagram, TikTok i innych.","_seopress_robots_index":"","_crdt_document":"","_uag_custom_page_level_css":"","spectra_gs_classes":"","footnotes":""},"class_list":["post-4251","page","type-page","status-publish","has-post-thumbnail","hentry"],"spectra_custom_meta":{"_top_nav_excluded":[""],"_cms_nav_minihome":[""],"_wp_page_template":[""],"_thumbnail_id":["4239"],"_wpml_word_count":["{\"total\":690,\"to_translate\":{\"en\":690,\"de\":690}}"],"_last_translation_edit_mode":["translation-editor"],"_seopress_titles_title":["Marketing w mediach spo\u0142eczno\u015bciowych dla sukcesu Twojej marki | DLx-Media.com"],"_seopress_titles_desc":["Popraw swoj\u0105 obecno\u015b\u0107 w Internecie dzi\u0119ki us\u0142ugom marketingu w mediach spo\u0142eczno\u015bciowych DLx-Media.com. Zwi\u0119ksz zasi\u0119g i wska\u017aniki zaanga\u017cowania na najlepszych platformach, takich jak Facebook, Instagram, TikTok i innych."],"_seopress_redirections_logged_status":["oba"],"_seopress_redirections_type":["301"],"_uagb_previous_block_counts":["a:90:{s:21:\"uagb\/advanced-heading\";i:0;s:15:\"uagb\/blockquote\";i:0;s:12:\"uagb\/buttons\";i:0;s:18:\"uagb\/buttons-child\";i:0;s:19:\"uagb\/call-to-action\";i:0;s:15:\"uagb\/cf7-styler\";i:0;s:11:\"uagb\/column\";i:0;s:12:\"uagb\/columns\";i:0;s:14:\"uagb\/container\";i:0;s:21:\"uagb\/content-timeline\";i:0;s:27:\"uagb\/content-timeline-child\";i:0;s:14:\"uagb\/countdown\";i:0;s:12:\"uagb\/counter\";i:0;s:8:\"uagb\/faq\";i:0;s:14:\"uagb\/faq-child\";i:0;s:10:\"uagb\/forms\";i:0;s:17:\"uagb\/forms-accept\";i:0;s:19:\"uagb\/forms-checkbox\";i:0;s:15:\"uagb\/forms-date\";i:0;s:16:\"uagb\/forms-email\";i:0;s:17:\"uagb\/forms-hidden\";i:0;s:15:\"uagb\/forms-name\";i:0;s:16:\"uagb\/forms-phone\";i:0;s:16:\"uagb\/forms-radio\";i:0;s:17:\"uagb\/forms-select\";i:0;s:19:\"uagb\/forms-textarea\";i:0;s:17:\"uagb\/forms-toggle\";i:0;s:14:\"uagb\/forms-url\";i:0;s:14:\"uagb\/gf-styler\";i:0;s:15:\"uagb\/google-map\";i:0;s:11:\"uagb\/how-to\";i:0;s:16:\"uagb\/how-to-step\";i:0;s:9:\"uagb\/icon\";i:0;s:14:\"uagb\/icon-list\";i:0;s:20:\"uagb\/icon-list-child\";i:0;s:10:\"uagb\/image\";i:0;s:18:\"uagb\/image-gallery\";i:0;s:13:\"uagb\/info-box\";i:0;s:18:\"uagb\/inline-notice\";i:0;s:11:\"uagb\/lottie\";i:0;s:21:\"uagb\/marketing-button\";i:0;s:10:\"uagb\/modal\";i:0;s:18:\"uagb\/popup-builder\";i:0;s:16:\"uagb\/post-button\";i:0;s:18:\"uagb\/post-carousel\";i:0;s:17:\"uagb\/post-excerpt\";i:0;s:14:\"uagb\/post-grid\";i:0;s:15:\"uagb\/post-image\";i:0;s:17:\"uagb\/post-masonry\";i:0;s:14:\"uagb\/post-meta\";i:0;s:18:\"uagb\/post-taxonomy\";i:0;s:18:\"uagb\/post-timeline\";i:0;s:15:\"uagb\/post-title\";i:0;s:20:\"uagb\/restaurant-menu\";i:0;s:26:\"uagb\/restaurant-menu-child\";i:0;s:11:\"uagb\/review\";i:0;s:12:\"uagb\/section\";i:0;s:14:\"uagb\/separator\";i:0;s:11:\"uagb\/slider\";i:0;s:17:\"uagb\/slider-child\";i:0;s:17:\"uagb\/social-share\";i:0;s:23:\"uagb\/social-share-child\";i:0;s:16:\"uagb\/star-rating\";i:0;s:23:\"uagb\/sure-cart-checkout\";i:0;s:22:\"uagb\/sure-cart-product\";i:0;s:15:\"uagb\/sure-forms\";i:0;s:22:\"uagb\/table-of-contents\";i:0;s:9:\"uagb\/tabs\";i:0;s:15:\"uagb\/tabs-child\";i:0;s:18:\"uagb\/taxonomy-list\";i:0;s:9:\"uagb\/team\";i:0;s:16:\"uagb\/testimonial\";i:0;s:14:\"uagb\/wp-search\";i:0;s:19:\"uagb\/instagram-feed\";i:0;s:10:\"uagb\/login\";i:0;s:17:\"uagb\/loop-builder\";i:0;s:18:\"uagb\/loop-category\";i:0;s:20:\"uagb\/loop-pagination\";i:0;s:15:\"uagb\/loop-reset\";i:0;s:16:\"uagb\/loop-search\";i:0;s:14:\"uagb\/loop-sort\";i:0;s:17:\"uagb\/loop-wrapper\";i:0;s:13:\"uagb\/register\";i:0;s:19:\"uagb\/register-email\";i:0;s:24:\"uagb\/register-first-name\";i:0;s:23:\"uagb\/register-last-name\";i:0;s:22:\"uagb\/register-password\";i:0;s:30:\"uagb\/register-reenter-password\";i:0;s:19:\"uagb\/register-terms\";i:0;s:22:\"uagb\/register-username\";i:0;}"],"_uag_page_assets":["a:9:{s:3:\"css\";s:263:\".uag-blocks-common-selector{z-index:var(--z-index-desktop) !important}@media (max-width: 976px){.uag-blocks-common-selector{z-index:var(--z-index-tablet) !important}}@media (max-width: 767px){.uag-blocks-common-selector{z-index:var(--z-index-mobile) !important}}\n\";s:2:\"js\";s:0:\"\";s:18:\"current_block_list\";a:3:{i:0;s:12:\"core\/heading\";i:1;s:14:\"core\/paragraph\";i:2;s:10:\"core\/image\";}s:8:\"uag_flag\";b:0;s:11:\"uag_version\";s:10:\"1775815218\";s:6:\"gfonts\";a:0:{}s:10:\"gfonts_url\";s:0:\"\";s:12:\"gfonts_files\";a:0:{}s:14:\"uag_faq_layout\";b:0;}"],"_uag_css_file_name":["uag-css-4251.css"]},"uagb_featured_image_src":{"full":["https:\/\/dlx-media.com\/wp-content\/uploads\/Social-Media-Marketing.jpeg",1792,1024,false],"thumbnail":["https:\/\/dlx-media.com\/wp-content\/uploads\/Social-Media-Marketing-250x250.jpeg",250,250,true],"medium":["https:\/\/dlx-media.com\/wp-content\/uploads\/Social-Media-Marketing-350x200.jpeg",350,200,true],"medium_large":["https:\/\/dlx-media.com\/wp-content\/uploads\/Social-Media-Marketing-768x439.jpeg",768,439,true],"large":["https:\/\/dlx-media.com\/wp-content\/uploads\/Social-Media-Marketing-1024x585.jpeg",1024,585,true],"1536x1536":["https:\/\/dlx-media.com\/wp-content\/uploads\/Social-Media-Marketing-1536x878.jpeg",1536,878,true],"2048x2048":["https:\/\/dlx-media.com\/wp-content\/uploads\/Social-Media-Marketing.jpeg",1792,1024,false],"suffice-thumbnail-grid":["https:\/\/dlx-media.com\/wp-content\/uploads\/Social-Media-Marketing-750x420.jpeg",750,420,true],"suffice-thumbnail-featured-one":["https:\/\/dlx-media.com\/wp-content\/uploads\/Social-Media-Marketing-295x525.jpeg",295,525,true],"suffice-thumbnail-featured-two":["https:\/\/dlx-media.com\/wp-content\/uploads\/Social-Media-Marketing-1140x504.jpeg",1140,504,true],"suffice-thumbnail-portfolio":["https:\/\/dlx-media.com\/wp-content\/uploads\/Social-Media-Marketing-572x552.jpeg",572,552,true],"suffice-thumbnail-portfolio-masonry":["https:\/\/dlx-media.com\/wp-content\/uploads\/Social-Media-Marketing-572x652.jpeg",572,652,true]},"uagb_author_info":{"display_name":"DLxMedia","author_link":"https:\/\/dlx-media.com\/pl"},"uagb_comment_info":0,"uagb_excerpt":"Od polubie\u0144 do lojalno\u015bci &#8211; marketing w mediach spo\u0142eczno\u015bciowych, kt\u00f3ry dzia\u0142a. DLx-Media.com oferuje kompleksowe us\u0142ugi marketingu w mediach spo\u0142eczno\u015bciowych, aby zapewni\u0107 ukierunkowany marketing w mediach spo\u0142eczno\u015bciowych (SMM) w celu znacznego wzmocnienia obecno\u015bci marki w Internecie na wiod\u0105cych platformach, takich jak","_links":{"self":[{"href":"https:\/\/dlx-media.com\/pl\/wp-json\/wp\/v2\/pages\/4251","targetHints":{"allow":["GET"]}}],"collection":[{"href":"https:\/\/dlx-media.com\/pl\/wp-json\/wp\/v2\/pages"}],"about":[{"href":"https:\/\/dlx-media.com\/pl\/wp-json\/wp\/v2\/types\/page"}],"author":[{"embeddable":true,"href":"https:\/\/dlx-media.com\/pl\/wp-json\/wp\/v2\/users\/2332"}],"replies":[{"embeddable":true,"href":"https:\/\/dlx-media.com\/pl\/wp-json\/wp\/v2\/comments?post=4251"}],"version-history":[{"count":2,"href":"https:\/\/dlx-media.com\/pl\/wp-json\/wp\/v2\/pages\/4251\/revisions"}],"predecessor-version":[{"id":5297,"href":"https:\/\/dlx-media.com\/pl\/wp-json\/wp\/v2\/pages\/4251\/revisions\/5297"}],"wp:featuredmedia":[{"embeddable":true,"href":"https:\/\/dlx-media.com\/pl\/wp-json\/wp\/v2\/media\/4239"}],"wp:attachment":[{"href":"https:\/\/dlx-media.com\/pl\/wp-json\/wp\/v2\/media?parent=4251"}],"curies":[{"name":"wp","href":"https:\/\/api.w.org\/{rel}","templated":true}]}}