{"id":3925,"date":"2014-04-23T15:02:54","date_gmt":"2014-04-23T13:02:54","guid":{"rendered":"https:\/\/www.dlx-media.com\/nadruk\/"},"modified":"2023-09-18T22:17:37","modified_gmt":"2023-09-18T20:17:37","slug":"nadruk","status":"publish","type":"page","link":"https:\/\/dlx-media.com\/pl\/nadruk\/","title":{"rendered":"Nadruk"},"content":{"rendered":"<h2 id=\"Diensteanbieter\">Dostawca us\u0142ug<\/h2>\n<p>Simon Pokorny<br \/>\nc\/o DLx-Media.com<br \/>\nBadstr. 49<br \/>\n13357 Berlin<br \/>\nNiemcy<\/p>\n<h2 id=\"Kontaktm\u00f6glichkeiten\">Opcje kontaktu<\/h2>\n<p>Adres e-mail:<br \/>\nip@dlx-media.com<\/p>\n<p>Telefon:<br \/>\n030-2201287-60<\/p>\n<p>Faks:<br \/>\n030-2201287-61<\/p>\n<p>Formularz kontaktowy:<br \/>\n<a href=\"https:\/\/dlx-media.com\/pl\/kontakt\/\" target=\"_blank\" rel=\"noopener\">https:\/\/dlx-media.com\/contact\/<\/a><\/p>\n<h2 id=\"redaktion\">Oferty dziennikarsko-redakcyjne<\/h2>\n<p>Odpowiedzialny za tre\u015b\u0107:<br \/>\nSimon Pokorny (adres jak wy\u017cej)<\/p>\n<h2 id=\"Unternehmen\">Szczeg\u00f3\u0142y dotycz\u0105ce firmy<\/h2>\n<p>Numer identyfikacyjny VAT (NIP):<br \/>\nDE311759005<\/p>\n<h2 id=\"Streitbeilegung\">Internetowe rozstrzyganie spor\u00f3w (OS)<\/h2>\n<p>Internetowe rozstrzyganie spor\u00f3w: Komisja Europejska udost\u0119pnia platform\u0119 internetowego rozstrzygania spor\u00f3w (OS), kt\u00f3r\u0105 mo\u017cna znale\u017a\u0107 pod adresem <a href=\"https:\/\/ec.europa.eu\/consumers\/odr\/\" target=\"_blank\" rel=\"noopener\">https:\/\/ec.europa.eu\/consumers\/odr\/<\/a>. Konsumenci maj\u0105 mo\u017cliwo\u015b\u0107 korzystania z tej platformy w celu rozstrzygania spor\u00f3w.<\/p>\n<h2 id=\"Social\">Media spo\u0142eczno\u015bciowe i inne formy obecno\u015bci online<\/h2>\n<p>Odcisk ten ma r\u00f3wnie\u017c zastosowanie do nast\u0119puj\u0105cych medi\u00f3w spo\u0142eczno\u015bciowych i profili online:<br \/>\n<a href=\"https:\/\/www.linkedin.com\/in\/simonpokorny\/\" target=\"_blank\" rel=\"noopener\">https:\/\/www.linkedin.com\/in\/simonpokorny\/<\/a><br \/>\n<a href=\"https:\/\/www.xing.com\/profile\/Simon_Pokorny\/cv\" target=\"_blank\" rel=\"noopener\">https:\/\/www.xing.com\/profile\/Simon_Pokorny\/cv<\/a><\/p>\n<h2 id=\"Jugendschutzbeauftragten\">Szczeg\u00f3\u0142owe informacje o inspektorach ds. ochrony m\u0142odzie\u017cy<\/h2>\n<p>Inspektor ds. ochrony m\u0142odzie\u017cy:<br \/>\nKatarzyna Marek &#8211; km@dlx-media.com<\/p>\n<h2 id=\"Haftung\">Informacje o odpowiedzialno\u015bci i prawach w\u0142asno\u015bci<\/h2>\n<p>Zastrze\u017cenie: Tre\u015b\u0107 niniejszej oferty online zosta\u0142a przygotowana starannie i zgodnie z nasz\u0105 najlepsz\u0105 wiedz\u0105, ale s\u0142u\u017cy wy\u0142\u0105cznie celom informacyjnym i nie ma \u017cadnego prawnie wi\u0105\u017c\u0105cego skutku, chyba \u017ce informacje s\u0105 prawnie wi\u0105\u017c\u0105ce (np. nadruk, o\u015bwiadczenie o ochronie danych, og\u00f3lne warunki lub obowi\u0105zkowe instrukcje dla konsument\u00f3w). Zastrzegamy sobie prawo do zmiany lub usuni\u0119cia tre\u015bci w ca\u0142o\u015bci lub w cz\u0119\u015bci, o ile nie wp\u0142ynie to na zobowi\u0105zania umowne. Wszystkie oferty mog\u0105 ulec zmianie i nie s\u0105 wi\u0105\u017c\u0105ce.<\/p>\n<p>Linki do zewn\u0119trznych stron internetowych: Tre\u015bci zewn\u0119trznych stron internetowych, do kt\u00f3rych odsy\u0142amy bezpo\u015brednio lub po\u015brednio, znajduj\u0105 si\u0119 poza zakresem naszej odpowiedzialno\u015bci i nie przyjmujemy ich za w\u0142asne. Nie ponosimy odpowiedzialno\u015bci za jakiekolwiek tre\u015bci lub wady wynikaj\u0105ce z korzystania z informacji dost\u0119pnych na stronach, do kt\u00f3rych prowadz\u0105 linki.<\/p>\n<p>Prawa autorskie i prawa do znak\u00f3w towarowych: Wszystkie tre\u015bci prezentowane na tej stronie, takie jak teksty, zdj\u0119cia, grafiki, marki i znaki towarowe s\u0105 chronione odpowiednimi prawami ochronnymi (prawa autorskie, prawa do znak\u00f3w towarowych). Wykorzystywanie, powielanie itp. podlega naszym prawom lub prawom odpowiednich autor\u00f3w lub posiadaczy praw.<\/p>\n<p>Informacje o naruszeniach prawa: W przypadku zauwa\u017cenia jakichkolwiek narusze\u0144 prawa na naszej stronie internetowej, prosimy o poinformowanie nas o nich. B\u0119dziemy usuwa\u0107 nielegalne tre\u015bci i linki natychmiast po ich wykryciu.<\/p>\n<h2 id=\"Bildnachweise\">\u0179r\u00f3d\u0142o zdj\u0119\u0107<\/h2>\n<p>\u0179r\u00f3d\u0142a obraz\u00f3w i informacje o prawach autorskich:<br \/>\nSimon Pokorny | simon-pokorny.com<\/p>\n<p>Aktualizacja: 29.11.2022<br \/>\nAutor: Simon Pokorny<\/p>\n<p><span style=\"color: #ffffff;\">23\/475\/00753<\/span><\/p>\n","protected":false},"excerpt":{"rendered":"<p>Dostawca us\u0142ug Simon Pokorny c\/o DLx-Media.com Badstr. 49 13357 Berlin Niemcy Opcje kontaktu Adres e-mail: ip@dlx-media.com Telefon: 030-2201287-60 Faks: 030-2201287-61 Formularz kontaktowy: https:\/\/dlx-media.com\/contact\/ Oferty dziennikarsko-redakcyjne Odpowiedzialny za tre\u015b\u0107: Simon Pokorny (adres jak wy\u017cej) Szczeg\u00f3\u0142y dotycz\u0105ce firmy Numer identyfikacyjny VAT (NIP):<\/p>\n","protected":false},"author":2332,"featured_media":0,"parent":0,"menu_order":0,"comment_status":"closed","ping_status":"closed","template":"","meta":{"_seopress_robots_primary_cat":"","_seopress_titles_title":"","_seopress_titles_desc":"","_seopress_robots_index":"yes","_crdt_document":"","_uag_custom_page_level_css":"","spectra_gs_classes":"","footnotes":""},"class_list":["post-3925","page","type-page","status-publish","hentry"],"spectra_custom_meta":{"_top_nav_excluded":[""],"_cms_nav_minihome":[""],"_wp_page_template":["default"],"_edit_lock":["1695068093:2332"],"classic-editor-remember":["classic-editor"],"_last_editor_used_jetpack":["classic-editor"],"_edit_last":["2332"],"_wpseo_edit_robots":["4"],"_wpml_media_duplicate":["1"],"_wpml_media_featured":["1"],"_seopress_robots_index":["yes"],"_uag_page_assets":["a:9:{s:3:\"css\";s:0:\"\";s:2:\"js\";s:0:\"\";s:18:\"current_block_list\";a:0:{}s:8:\"uag_flag\";b:0;s:11:\"uag_version\";s:10:\"1776768691\";s:6:\"gfonts\";a:0:{}s:10:\"gfonts_url\";s:0:\"\";s:12:\"gfonts_files\";a:0:{}s:14:\"uag_faq_layout\";b:0;}"],"_wpml_word_count":["{\"total\":349,\"to_translate\":{\"en\":349,\"de\":349}}"]},"uagb_featured_image_src":{"full":false,"thumbnail":false,"medium":false,"medium_large":false,"large":false,"1536x1536":false,"2048x2048":false,"suffice-thumbnail-grid":false,"suffice-thumbnail-featured-one":false,"suffice-thumbnail-featured-two":false,"suffice-thumbnail-portfolio":false,"suffice-thumbnail-portfolio-masonry":false},"uagb_author_info":{"display_name":"DLxMedia","author_link":"https:\/\/dlx-media.com\/pl"},"uagb_comment_info":0,"uagb_excerpt":"Dostawca us\u0142ug Simon Pokorny c\/o DLx-Media.com Badstr. 49 13357 Berlin Niemcy Opcje kontaktu Adres e-mail: ip@dlx-media.com Telefon: 030-2201287-60 Faks: 030-2201287-61 Formularz kontaktowy: https:\/\/dlx-media.com\/contact\/ Oferty dziennikarsko-redakcyjne Odpowiedzialny za tre\u015b\u0107: Simon Pokorny (adres jak wy\u017cej) Szczeg\u00f3\u0142y dotycz\u0105ce firmy Numer identyfikacyjny VAT (NIP):","_links":{"self":[{"href":"https:\/\/dlx-media.com\/pl\/wp-json\/wp\/v2\/pages\/3925","targetHints":{"allow":["GET"]}}],"collection":[{"href":"https:\/\/dlx-media.com\/pl\/wp-json\/wp\/v2\/pages"}],"about":[{"href":"https:\/\/dlx-media.com\/pl\/wp-json\/wp\/v2\/types\/page"}],"author":[{"embeddable":true,"href":"https:\/\/dlx-media.com\/pl\/wp-json\/wp\/v2\/users\/2332"}],"replies":[{"embeddable":true,"href":"https:\/\/dlx-media.com\/pl\/wp-json\/wp\/v2\/comments?post=3925"}],"version-history":[{"count":3,"href":"https:\/\/dlx-media.com\/pl\/wp-json\/wp\/v2\/pages\/3925\/revisions"}],"predecessor-version":[{"id":3937,"href":"https:\/\/dlx-media.com\/pl\/wp-json\/wp\/v2\/pages\/3925\/revisions\/3937"}],"wp:attachment":[{"href":"https:\/\/dlx-media.com\/pl\/wp-json\/wp\/v2\/media?parent=3925"}],"curies":[{"name":"wp","href":"https:\/\/api.w.org\/{rel}","templated":true}]}}