{"id":3922,"date":"2015-11-26T18:47:43","date_gmt":"2015-11-26T16:47:43","guid":{"rendered":"https:\/\/www.dlx-media.com\/kontakt\/"},"modified":"2026-02-28T23:50:47","modified_gmt":"2026-02-28T21:50:47","slug":"kontakt","status":"publish","type":"page","link":"https:\/\/dlx-media.com\/pl\/kontakt\/","title":{"rendered":"Kontakt"},"content":{"rendered":"\n<h1 class=\"wp-block-heading\">Co tam?<\/h1>\n\n<p class=\"wp-block-paragraph\">Pytania, pomys\u0142y, pro\u015bby o spotkanie lub inne w\u0105tpliwo\u015bci?<br\/>Nie ma problemu, po prostu skontaktuj si\u0119 ze mn\u0105 bez zobowi\u0105za\u0144.<\/p>\n        <div class=\"dlxmail-form-wrapper \">\n            <form id=\"\" class=\"dlxmail-form\" method=\"post\" novalidate>\n                \n                <div class=\"dlxmail-form-field\">\n                    <label for=\"dlxmail-first-name\" class=\"dlxmail-sr-only\">\n                        First Name \n                        <span class=\"dlxmail-required\">*<\/span>\n                    <\/label>\n                    <input \n                        type=\"text\" \n                        id=\"dlxmail-first-name\" \n                        name=\"first_name\" \n                        class=\"dlxmail-input\" \n                        placeholder=\"First Name *\"\n                        required \n                        maxlength=\"100\"\n                    >\n                    <span class=\"dlxmail-error\" data-field=\"first_name\"><\/span>\n                <\/div>\n                \n                <div class=\"dlxmail-form-field\">\n                    <label for=\"dlxmail-last-name\" class=\"dlxmail-sr-only\">\n                        Last Name \n                        <span class=\"dlxmail-required\">*<\/span>\n                    <\/label>\n                    <input \n                        type=\"text\" \n                        id=\"dlxmail-last-name\" \n                        name=\"last_name\" \n                        class=\"dlxmail-input\" \n                        placeholder=\"Last Name *\"\n                        required \n                        maxlength=\"100\"\n                    >\n                    <span class=\"dlxmail-error\" data-field=\"last_name\"><\/span>\n                <\/div>\n                \n                <div class=\"dlxmail-form-field\">\n                    <label for=\"dlxmail-email\" class=\"dlxmail-sr-only\">\n                        Email                    <\/label>\n                    <input \n                        type=\"email\" \n                        id=\"dlxmail-email\" \n                        name=\"email\" \n                        class=\"dlxmail-input\" \n                        placeholder=\"Email\"\n                        maxlength=\"255\"\n                    >\n                    <span class=\"dlxmail-error\" data-field=\"email\"><\/span>\n                <\/div>\n                \n                <div class=\"dlxmail-form-field\">\n                    <label for=\"dlxmail-phone\" class=\"dlxmail-sr-only\">\n                        Phone                    <\/label>\n                    <input \n                        type=\"tel\" \n                        id=\"dlxmail-phone\" \n                        name=\"phone\" \n                        class=\"dlxmail-input\" \n                        placeholder=\"Phone\"\n                        maxlength=\"50\"\n                    >\n                    <span class=\"dlxmail-error\" data-field=\"phone\"><\/span>\n                <\/div>\n                \n                <div class=\"dlxmail-form-field\">\n                    <label for=\"dlxmail-message\" class=\"dlxmail-sr-only\">\n                        Your Message \n                        <span class=\"dlxmail-required\">*<\/span>\n                    <\/label>\n                    <textarea \n                        id=\"dlxmail-message\" \n                        name=\"message\" \n                        class=\"dlxmail-textarea\" \n                        placeholder=\"Your Message *\"\n                        rows=\"5\" \n                        required \n                        maxlength=\"5000\"\n                    ><\/textarea>\n                    <span class=\"dlxmail-error\" data-field=\"message\"><\/span>\n                <\/div>\n                \n                <!-- Honeypot field (hidden from users) -->\n                <div class=\"dlxmail-honeypot\" aria-hidden=\"true\">\n                    <label for=\"dlxmail-website\">Website<\/label>\n                    <input \n                        type=\"text\" \n                        id=\"dlxmail-website\" \n                        name=\"website\" \n                        tabindex=\"-1\" \n                        autocomplete=\"off\"\n                    >\n                <\/div>\n                \n                <!-- Hidden fields -->\n                <input type=\"hidden\" name=\"action\" value=\"dlxmail_submit\">\n                <input type=\"hidden\" name=\"nonce\" value=\"a75356e7b6\">\n                <input type=\"hidden\" name=\"form_loaded_time\" value=\"1776763299\">\n                <input type=\"hidden\" name=\"js_token\" value=\"\" class=\"dlxmail-js-token\">\n                \n                <div class=\"dlxmail-form-field\">\n                    <span class=\"dlxmail-error dlxmail-general-error\"><\/span>\n                    <span class=\"dlxmail-success dlxmail-success-message\"><\/span>\n                <\/div>\n                \n                <div class=\"dlxmail-form-field\">\n                    <button type=\"submit\" class=\"dlxmail-submit-btn\">\n                        <span class=\"dlxmail-btn-text\">Send<\/span>\n                        <span class=\"dlxmail-spinner\" style=\"display: none;\">\n                            <svg class=\"dlxmail-spinner-icon\" viewBox=\"0 0 50 50\">\n                                <circle class=\"path\" cx=\"25\" cy=\"25\" r=\"20\" fill=\"none\" stroke-width=\"5\"><\/circle>\n                            <\/svg>\n                        <\/span>\n                    <\/button>\n                <\/div>\n                \n                <div class=\"dlxmail-form-footer\">\n                    <small class=\"dlxmail-required-note\">\n                        <span class=\"dlxmail-required\">*<\/span> \n                        Required fields                    <\/small>\n                    <small class=\"dlxmail-contact-note\">\n                        Please provide either email or phone number                    <\/small>\n                <\/div>\n            <\/form>\n        <\/div>\n        \n\n<p class=\"wp-block-paragraph\"><\/p>\n","protected":false},"excerpt":{"rendered":"<p>Co tam? Pytania, pomys\u0142y, pro\u015bby o spotkanie lub inne w\u0105tpliwo\u015bci?Nie ma problemu, po prostu skontaktuj si\u0119 ze mn\u0105 bez zobowi\u0105za\u0144.<\/p>\n","protected":false},"author":2332,"featured_media":0,"parent":0,"menu_order":0,"comment_status":"closed","ping_status":"closed","template":"","meta":{"_seopress_robots_primary_cat":"","_seopress_titles_title":"Kontakt DLx Media Online Marketing Consulting","_seopress_titles_desc":"Kontakt DLx Media Online Marketing Consulting","_seopress_robots_index":"tak","_crdt_document":"","_uag_custom_page_level_css":"","spectra_gs_classes":"","footnotes":""},"class_list":["post-3922","page","type-page","status-publish","hentry"],"spectra_custom_meta":{"_top_nav_excluded":[""],"_cms_nav_minihome":[""],"_wp_page_template":["default"],"_g_feedback_shortcode_e6568b6602468c761b7a73a16b8ce241e1934cce":["[contact-field label=\"Nazwa\" type=\"name\" required=\"1\" \/][contact-field label=\"E-mail\" type=\"text\" required=\"1\" \/][contact-field label=\"Strona internetowa\" type=\"url\" \/][contact-field label=\"Komentarz\" type=\"textarea\" required=\"1\" \/][contact-field label=\"Czy chcesz wys\u0142a\u0107 t\u0119 wiadomo\u015b\u0107?\" type=\"checkbox\" required=\"1\" \/]"],"_g_feedback_shortcode_atts_e6568b6602468c761b7a73a16b8ce241e1934cce":["a:17:{s:2:\"to\";s:22:\"dlxmedia@dlx-media.com\";s:7:\"subject\";s:19:\"[DLx Media] Kontakt\";s:12:\"show_subject\";s:2:\"no\";s:6:\"widget\";i:0;s:14:\"block_template\";N;s:19:\"block_template_part\";N;s:2:\"id\";i:3922;s:18:\"submit_button_text\";s:6:\"Submit\";s:14:\"customThankyou\";s:0:\"\";s:21:\"customThankyouHeading\";s:26:\"Your message has been sent\";s:21:\"customThankyouMessage\";s:30:\"Thank you for your submission!\";s:22:\"customThankyouRedirect\";s:0:\"\";s:10:\"jetpackCRM\";b:1;s:9:\"className\";N;s:9:\"postToUrl\";N;s:14:\"salesforceData\";N;s:12:\"hiddenFields\";N;}"],"_wpml_word_count":["25"],"_last_translation_edit_mode":["translation-editor"],"_seopress_analysis_target_kw":[""],"_uagb_previous_block_counts":["a:90:{s:21:\"uagb\/advanced-heading\";i:0;s:15:\"uagb\/blockquote\";i:0;s:12:\"uagb\/buttons\";i:0;s:18:\"uagb\/buttons-child\";i:0;s:19:\"uagb\/call-to-action\";i:0;s:15:\"uagb\/cf7-styler\";i:0;s:11:\"uagb\/column\";i:0;s:12:\"uagb\/columns\";i:0;s:14:\"uagb\/container\";i:0;s:21:\"uagb\/content-timeline\";i:0;s:27:\"uagb\/content-timeline-child\";i:0;s:14:\"uagb\/countdown\";i:0;s:12:\"uagb\/counter\";i:0;s:8:\"uagb\/faq\";i:0;s:14:\"uagb\/faq-child\";i:0;s:10:\"uagb\/forms\";i:0;s:17:\"uagb\/forms-accept\";i:0;s:19:\"uagb\/forms-checkbox\";i:0;s:15:\"uagb\/forms-date\";i:0;s:16:\"uagb\/forms-email\";i:0;s:17:\"uagb\/forms-hidden\";i:0;s:15:\"uagb\/forms-name\";i:0;s:16:\"uagb\/forms-phone\";i:0;s:16:\"uagb\/forms-radio\";i:0;s:17:\"uagb\/forms-select\";i:0;s:19:\"uagb\/forms-textarea\";i:0;s:17:\"uagb\/forms-toggle\";i:0;s:14:\"uagb\/forms-url\";i:0;s:14:\"uagb\/gf-styler\";i:0;s:15:\"uagb\/google-map\";i:0;s:11:\"uagb\/how-to\";i:0;s:16:\"uagb\/how-to-step\";i:0;s:9:\"uagb\/icon\";i:0;s:14:\"uagb\/icon-list\";i:0;s:20:\"uagb\/icon-list-child\";i:0;s:10:\"uagb\/image\";i:0;s:18:\"uagb\/image-gallery\";i:0;s:13:\"uagb\/info-box\";i:0;s:18:\"uagb\/inline-notice\";i:0;s:11:\"uagb\/lottie\";i:0;s:21:\"uagb\/marketing-button\";i:0;s:10:\"uagb\/modal\";i:0;s:18:\"uagb\/popup-builder\";i:0;s:16:\"uagb\/post-button\";i:0;s:18:\"uagb\/post-carousel\";i:0;s:17:\"uagb\/post-excerpt\";i:0;s:14:\"uagb\/post-grid\";i:0;s:15:\"uagb\/post-image\";i:0;s:17:\"uagb\/post-masonry\";i:0;s:14:\"uagb\/post-meta\";i:0;s:18:\"uagb\/post-taxonomy\";i:0;s:18:\"uagb\/post-timeline\";i:0;s:15:\"uagb\/post-title\";i:0;s:20:\"uagb\/restaurant-menu\";i:0;s:26:\"uagb\/restaurant-menu-child\";i:0;s:11:\"uagb\/review\";i:0;s:12:\"uagb\/section\";i:0;s:14:\"uagb\/separator\";i:0;s:11:\"uagb\/slider\";i:0;s:17:\"uagb\/slider-child\";i:0;s:17:\"uagb\/social-share\";i:0;s:23:\"uagb\/social-share-child\";i:0;s:16:\"uagb\/star-rating\";i:0;s:23:\"uagb\/sure-cart-checkout\";i:0;s:22:\"uagb\/sure-cart-product\";i:0;s:15:\"uagb\/sure-forms\";i:0;s:22:\"uagb\/table-of-contents\";i:0;s:9:\"uagb\/tabs\";i:0;s:15:\"uagb\/tabs-child\";i:0;s:18:\"uagb\/taxonomy-list\";i:0;s:9:\"uagb\/team\";i:0;s:16:\"uagb\/testimonial\";i:0;s:14:\"uagb\/wp-search\";i:0;s:19:\"uagb\/instagram-feed\";i:0;s:10:\"uagb\/login\";i:0;s:17:\"uagb\/loop-builder\";i:0;s:18:\"uagb\/loop-category\";i:0;s:20:\"uagb\/loop-pagination\";i:0;s:15:\"uagb\/loop-reset\";i:0;s:16:\"uagb\/loop-search\";i:0;s:14:\"uagb\/loop-sort\";i:0;s:17:\"uagb\/loop-wrapper\";i:0;s:13:\"uagb\/register\";i:0;s:19:\"uagb\/register-email\";i:0;s:24:\"uagb\/register-first-name\";i:0;s:23:\"uagb\/register-last-name\";i:0;s:22:\"uagb\/register-password\";i:0;s:30:\"uagb\/register-reenter-password\";i:0;s:19:\"uagb\/register-terms\";i:0;s:22:\"uagb\/register-username\";i:0;}"],"_seopress_titles_title":["Kontakt DLx Media Online Marketing Consulting"],"_seopress_titles_desc":["Kontakt DLx Media Online Marketing Consulting"],"_seopress_robots_index":["tak"],"_seopress_redirections_logged_status":["oba"],"_seopress_redirections_type":["301"],"_uag_page_assets":["a:9:{s:3:\"css\";s:263:\".uag-blocks-common-selector{z-index:var(--z-index-desktop) !important}@media (max-width: 976px){.uag-blocks-common-selector{z-index:var(--z-index-tablet) !important}}@media (max-width: 767px){.uag-blocks-common-selector{z-index:var(--z-index-mobile) !important}}\n\";s:2:\"js\";s:0:\"\";s:18:\"current_block_list\";a:3:{i:0;s:12:\"core\/heading\";i:1;s:14:\"core\/paragraph\";i:2;s:14:\"core\/shortcode\";}s:8:\"uag_flag\";b:0;s:11:\"uag_version\";s:10:\"1775815218\";s:6:\"gfonts\";a:0:{}s:10:\"gfonts_url\";s:0:\"\";s:12:\"gfonts_files\";a:0:{}s:14:\"uag_faq_layout\";b:0;}"],"_uag_css_file_name":["uag-css-3922.css"]},"uagb_featured_image_src":{"full":false,"thumbnail":false,"medium":false,"medium_large":false,"large":false,"1536x1536":false,"2048x2048":false,"suffice-thumbnail-grid":false,"suffice-thumbnail-featured-one":false,"suffice-thumbnail-featured-two":false,"suffice-thumbnail-portfolio":false,"suffice-thumbnail-portfolio-masonry":false},"uagb_author_info":{"display_name":"DLxMedia","author_link":"https:\/\/dlx-media.com\/pl"},"uagb_comment_info":0,"uagb_excerpt":"Co tam? Pytania, pomys\u0142y, pro\u015bby o spotkanie lub inne w\u0105tpliwo\u015bci?Nie ma problemu, po prostu skontaktuj si\u0119 ze mn\u0105 bez zobowi\u0105za\u0144.","_links":{"self":[{"href":"https:\/\/dlx-media.com\/pl\/wp-json\/wp\/v2\/pages\/3922","targetHints":{"allow":["GET"]}}],"collection":[{"href":"https:\/\/dlx-media.com\/pl\/wp-json\/wp\/v2\/pages"}],"about":[{"href":"https:\/\/dlx-media.com\/pl\/wp-json\/wp\/v2\/types\/page"}],"author":[{"embeddable":true,"href":"https:\/\/dlx-media.com\/pl\/wp-json\/wp\/v2\/users\/2332"}],"replies":[{"embeddable":true,"href":"https:\/\/dlx-media.com\/pl\/wp-json\/wp\/v2\/comments?post=3922"}],"version-history":[{"count":9,"href":"https:\/\/dlx-media.com\/pl\/wp-json\/wp\/v2\/pages\/3922\/revisions"}],"predecessor-version":[{"id":5878,"href":"https:\/\/dlx-media.com\/pl\/wp-json\/wp\/v2\/pages\/3922\/revisions\/5878"}],"wp:attachment":[{"href":"https:\/\/dlx-media.com\/pl\/wp-json\/wp\/v2\/media?parent=3922"}],"curies":[{"name":"wp","href":"https:\/\/api.w.org\/{rel}","templated":true}]}}