{"id":3916,"date":"2021-01-13T14:19:07","date_gmt":"2021-01-13T12:19:07","guid":{"rendered":"https:\/\/www.dlx-media.com\/marketing-internetowy-i-uslugi-z-berlina\/"},"modified":"2024-07-14T13:53:12","modified_gmt":"2024-07-14T11:53:12","slug":"marketing-internetowy-i-uslugi-z-berlina","status":"publish","type":"page","link":"https:\/\/dlx-media.com\/pl\/","title":{"rendered":"Strona g\u0142\u00f3wna"},"content":{"rendered":"\n<h1 class=\"wp-block-heading\">Marketing internetowy i us\u0142ugi z Berlina<\/h1>\n\n<p class=\"wp-block-paragraph\"><strong>Tw\u00f3j partner w osi\u0105ganiu sukces\u00f3w marketingowych online<\/strong><br\/>Witamy w DLx-Media.com, do\u015bwiadczonej agencji marketingu online bezpo\u015brednio z t\u0119tni\u0105cej \u017cyciem metropolii Berlina. Pod kierownictwem Simona Pokornego, uznanego eksperta SEO z ponad dwudziestoletnim do\u015bwiadczeniem, oferujemy rozwi\u0105zania dostosowane do indywidualnych potrzeb, aby zoptymalizowa\u0107 Twoj\u0105 obecno\u015b\u0107 w Internecie i trwale zwi\u0119kszy\u0107 sprzeda\u017c.<\/p>\n\n<p class=\"wp-block-paragraph\"><strong>Nasza wiedza, Tw\u00f3j rozw\u00f3j<\/strong> <br\/>DLx-Media.com oznacza niestandardowe strategie marketingu online, kt\u00f3re s\u0105 specjalnie dostosowane do potrzeb Twojej firmy. Specjalizujemy si\u0119 w optymalizacji pod k\u0105tem wyszukiwarek (SEO), technicznym SEO i opracowywaniu internetowych strategii marketingowych, kt\u00f3re zwi\u0119kszaj\u0105 Tw\u00f3j cyfrowy \u015blad. Od poprawy pozycji w rankingach Google po zwi\u0119kszenie wsp\u00f3\u0142czynnika konwersji &#8211; dysponujemy do\u015bwiadczeniem i wiedz\u0105, dzi\u0119ki kt\u00f3rym Twoja firma znajdzie si\u0119 na szczycie.<\/p>\n\n<p class=\"wp-block-paragraph\"><strong>Kompleksowe us\u0142ugi SEO i marketingowe<\/strong> <br\/>DLx-Media.com, eksperci SEO w Berlinie, wnosz\u0105 swoje bogate i wieloletnie do\u015bwiadczenie oraz dog\u0142\u0119bn\u0105 wiedz\u0119 do ka\u017cdego projektu. Dzi\u0119ki udokumentowanym sukcesom we wsp\u00f3\u0142pracy z renomowanymi firmami i partnerami oferujemy:<\/p>\n\n<ul class=\"wp-block-list\">\n<li>Techniczne analizy SEO i optymalizacje w celu poprawy czasu \u0142adowania i przyjazno\u015bci dla urz\u0105dze\u0144 mobilnych.<\/li>\n\n\n\n<li>Przeprowadzanie audyt\u00f3w on-page i off-page w celu zidentyfikowania i wdro\u017cenia potencja\u0142u optymalizacji.<\/li>\n\n\n\n<li>Strukturalne i merytoryczne \u015brodki SEO w celu optymalizacji do\u015bwiadczenia u\u017cytkownika i przyjazno\u015bci dla wyszukiwarek.<\/li>\n\n\n\n<li>Opracowywanie i wdra\u017canie strategii dotycz\u0105cych tre\u015bci, w tym badanie s\u0142\u00f3w kluczowych i optymalizacja tre\u015bci.<\/li>\n\n\n\n<li>Wsparcie w planowaniu i wdra\u017caniu strategii medi\u00f3w spo\u0142eczno\u015bciowych<\/li>\n\n\n\n<li>Optymalizacja wsp\u00f3\u0142czynnika konwersji dla maksymalnej wydajno\u015bci witryny<\/li>\n\n\n\n<li>Spersonalizowane i zorientowane na praktyk\u0119 warsztaty i konsultacje SEO<\/li>\n<\/ul>\n\n<p class=\"wp-block-paragraph\"><strong>Skontaktuj si\u0119 z nami<\/strong> <br\/>Odkryj, jak DLx-Media.com mo\u017ce poprowadzi\u0107 Twoj\u0105 firm\u0119 do sukcesu. Skontaktuj si\u0119 z nami ju\u017c dzi\u015b, aby uzyska\u0107 niezobowi\u0105zuj\u0105c\u0105 wst\u0119pn\u0105 konsultacj\u0119 i pozw\u00f3l nam wsp\u00f3lnie opracowa\u0107 idealn\u0105 strategi\u0119 rozwoju online. Odwied\u017a nasz\u0105 stron\u0119 internetow\u0105 DLx-Media.com lub skontaktuj si\u0119 z nami bezpo\u015brednio w Berlinie. Z niecierpliwo\u015bci\u0105 czekamy na poznanie Twojej firmy i wsp\u00f3lne pisanie nowych historii sukcesu.<\/p>\n\n<hr class=\"wp-block-separator has-css-opacity is-style-wide\"\/>\n\n<div class=\"wp-block-columns is-layout-flex wp-container-core-columns-is-layout-8f761849 wp-block-columns-is-layout-flex wp-container-core-columns-is-layout-9d6595d7\">\n<div class=\"wp-block-column is-layout-flow wp-block-column-is-layout-flow\" style=\"flex-basis:33.33%\">\n<figure data-spectra-id=\"spectra-bdadac45-8ad0-423f-97b7-39bb3b5db6f6\" class=\"wp-block-image size-thumbnail\"><img loading=\"lazy\" decoding=\"async\" width=\"250\" height=\"250\" src=\"https:\/\/dlx-media.com\/file\/Analytics-250x250.png\" alt=\"\" class=\"wp-image-2031\" srcset=\"https:\/\/dlx-media.com\/wp-content\/uploads\/Analytics-250x250.png 250w, https:\/\/dlx-media.com\/wp-content\/uploads\/Analytics-350x350.png 350w, https:\/\/dlx-media.com\/wp-content\/uploads\/Analytics-768x768.png 768w, https:\/\/dlx-media.com\/wp-content\/uploads\/Analytics.png 1000w\" sizes=\"auto, (max-width: 250px) 100vw, 250px\" \/><\/figure>\n<\/div>\n\n\n\n<div class=\"wp-block-column is-layout-flow wp-block-column-is-layout-flow\" style=\"flex-basis:66.66%\">\n<h2 class=\"wp-block-heading\">Zbieranie danych i analiza<\/h2>\n\n\n\n<p class=\"wp-block-paragraph\">Po\u015bwi\u0119camy czas na dog\u0142\u0119bn\u0105 analiz\u0119 danych, wska\u017anik\u00f3w KPI i konkretnych funkcji Twojej witryny i na tej podstawie tworzymy indywidualn\u0105 analiz\u0119 potencja\u0142u. Analiza ta pozwala nam precyzyjnie okre\u015bli\u0107, kt\u00f3re dzia\u0142ania zoptymalizuj\u0105 strategi\u0119 marketingow\u0105 online w d\u0142u\u017cszej perspektywie.<\/p>\n\n\n\n<p class=\"wp-block-paragraph\">Skupiamy si\u0119 na spersonalizowanej strategii, kt\u00f3ra obejmuje takie obszary jak SEO, SEA, SEM, CRO i projektowanie stron internetowych. Wsp\u00f3lnie z Tob\u0105 opracowujemy plan, kt\u00f3ry nie tylko ma na celu zwi\u0119kszenie sprzeda\u017cy, ale jest r\u00f3wnie\u017c \u0142atwy do wdro\u017cenia. Konfigurujemy r\u00f3wnie\u017c szczeg\u00f3\u0142owe \u015bledzenie, aby\u015b m\u00f3g\u0142 w dowolnym momencie \u015bledzi\u0107 sukcesy, kt\u00f3re wsp\u00f3lnie osi\u0105gn\u0119li\u015bmy.<\/p>\n<\/div>\n<\/div>\n\n<div class=\"wp-block-columns is-layout-flex wp-container-core-columns-is-layout-8f761849 wp-block-columns-is-layout-flex wp-container-core-columns-is-layout-9d6595d7\">\n<div class=\"wp-block-column is-layout-flow wp-block-column-is-layout-flow\" style=\"flex-basis:33.33%\">\n<figure data-spectra-id=\"spectra-8bed627a-c9bd-4787-b0d5-3eab93057e6a\" class=\"wp-block-image size-thumbnail\"><img loading=\"lazy\" decoding=\"async\" width=\"250\" height=\"250\" src=\"https:\/\/dlx-media.com\/wp-content\/uploads\/targeting-250x250.png\" alt=\"\" class=\"wp-image-2034\" srcset=\"https:\/\/dlx-media.com\/wp-content\/uploads\/targeting-250x250.png 250w, https:\/\/dlx-media.com\/wp-content\/uploads\/targeting-350x350.png 350w, https:\/\/dlx-media.com\/wp-content\/uploads\/targeting-768x768.png 768w, https:\/\/dlx-media.com\/wp-content\/uploads\/targeting.png 1000w\" sizes=\"auto, (max-width: 250px) 100vw, 250px\" \/><\/figure>\n<\/div>\n\n\n\n<div class=\"wp-block-column is-layout-flow wp-block-column-is-layout-flow\" style=\"flex-basis:66.66%\">\n<h2 class=\"wp-block-heading\">Targetowanie grup docelowych<\/h2>\n\n\n\n<p class=\"wp-block-paragraph\">Aby opracowa\u0107 skuteczn\u0105 strategi\u0119 dotarcia do grupy docelowej, zaczynamy od kompleksowej analizy, kt\u00f3ra wykracza daleko poza podstawy. Analizujemy nie tylko dane demograficzne i zainteresowania, ale tak\u017ce zachowania i preferencje grupy docelowej. Analizuj\u0105c sygna\u0142y od u\u017cytkownik\u00f3w i interakcje w witrynie, identyfikujemy konkretne obszary wymagaj\u0105ce poprawy.<\/p>\n\n\n\n<p class=\"wp-block-paragraph\">Naszym celem jest optymalizacja zar\u00f3wno projektu strony, jak i jej zawarto\u015bci. Je\u015bli chodzi o projektowanie, skupiamy si\u0119 na dostosowaniach, kt\u00f3re poprawiaj\u0105 wra\u017cenia u\u017cytkownika i zwi\u0119kszaj\u0105 wsp\u00f3\u0142czynnik konwersji. W przypadku tre\u015bci stosujemy zaawansowane metody optymalizacji tekstu, takie jak TF-IDF, aby zwi\u0119kszy\u0107 trafno\u015b\u0107 i ranking witryny. Takie holistyczne podej\u015bcie pozwala nam wzmocni\u0107 obecno\u015b\u0107 w Internecie w ukierunkowany spos\u00f3b i znacznie poprawi\u0107 widoczno\u015b\u0107 w wyszukiwarkach.<\/p>\n<\/div>\n<\/div>\n\n<div class=\"wp-block-columns is-layout-flex wp-container-core-columns-is-layout-8f761849 wp-block-columns-is-layout-flex wp-container-core-columns-is-layout-9d6595d7\">\n<div class=\"wp-block-column is-layout-flow wp-block-column-is-layout-flow\" style=\"flex-basis:33.33%\">\n<figure data-spectra-id=\"spectra-b5c4f57d-108e-4626-b77d-c5af7d7bb60f\" class=\"wp-block-image size-thumbnail\"><img loading=\"lazy\" decoding=\"async\" width=\"250\" height=\"250\" src=\"https:\/\/dlx-media.com\/wp-content\/uploads\/website-architecture-250x250.png\" alt=\"\" class=\"wp-image-2035\" srcset=\"https:\/\/dlx-media.com\/wp-content\/uploads\/website-architecture-250x250.png 250w, https:\/\/dlx-media.com\/wp-content\/uploads\/website-architecture-350x350.png 350w, https:\/\/dlx-media.com\/wp-content\/uploads\/website-architecture-768x768.png 768w, https:\/\/dlx-media.com\/wp-content\/uploads\/website-architecture.png 1000w\" sizes=\"auto, (max-width: 250px) 100vw, 250px\" \/><\/figure>\n<\/div>\n\n\n\n<div class=\"wp-block-column is-layout-flow wp-block-column-is-layout-flow\" style=\"flex-basis:66.66%\">\n<h2 class=\"wp-block-heading\">Architektura strony internetowej i techniczna mo\u017cliwo\u015b\u0107 przeszukiwania<\/h2>\n\n\n\n<p class=\"wp-block-paragraph\">Nie nale\u017cy lekcewa\u017cy\u0107 znaczenia dok\u0142adnej analizy i optymalizacji architektury strony internetowej oraz eliminacji b\u0142\u0119d\u00f3w technicznych. Taki dog\u0142\u0119bny przegl\u0105d ujawnia niedoci\u0105gni\u0119cia strukturalne i techniczne, kt\u00f3re powinny by\u0107 ukierunkowane i rozwi\u0105zane zgodnie z ich znaczeniem.<\/p>\n\n\n\n<p class=\"wp-block-paragraph\">Optymalizacje te nie tylko bezpo\u015brednio rozwi\u0105zuj\u0105 problemy u\u017cytkownik\u00f3w, ale tak\u017ce znacznie poprawiaj\u0105 techniczne mo\u017cliwo\u015bci wyszukiwania dla bot\u00f3w wyszukiwarek. Bardziej przejrzysta hierarchia witryny i zoptymalizowane linkowanie wewn\u0119trzne s\u0105 r\u00f3wnie\u017c niezb\u0119dne do zwi\u0119kszenia widoczno\u015bci i rankingu witryny na platformach takich jak Google, Bing, Baidu i Yandex.<\/p>\n<\/div>\n<\/div>\n\n<div class=\"wp-block-columns is-layout-flex wp-container-core-columns-is-layout-8f761849 wp-block-columns-is-layout-flex wp-container-core-columns-is-layout-9d6595d7\">\n<div class=\"wp-block-column is-layout-flow wp-block-column-is-layout-flow\" style=\"flex-basis:33.33%\">\n<figure data-spectra-id=\"spectra-df43e5a1-41bc-4650-83f7-da3439116856\" class=\"wp-block-image size-thumbnail\"><img loading=\"lazy\" decoding=\"async\" width=\"250\" height=\"250\" src=\"https:\/\/dlx-media.com\/wp-content\/uploads\/backlinks-250x250.png\" alt=\"\" class=\"wp-image-2038\" srcset=\"https:\/\/dlx-media.com\/wp-content\/uploads\/backlinks-250x250.png 250w, https:\/\/dlx-media.com\/wp-content\/uploads\/backlinks-350x350.png 350w, https:\/\/dlx-media.com\/wp-content\/uploads\/backlinks-768x768.png 768w, https:\/\/dlx-media.com\/wp-content\/uploads\/backlinks.png 1000w\" sizes=\"auto, (max-width: 250px) 100vw, 250px\" \/><\/figure>\n<\/div>\n\n\n\n<div class=\"wp-block-column is-layout-flow wp-block-column-is-layout-flow\" style=\"flex-basis:66.66%\">\n<h2 class=\"wp-block-heading\">Backlinki i z\u0142e linki<\/h2>\n\n\n\n<p class=\"wp-block-paragraph\">Przeprowadzamy kompleksow\u0105 analiz\u0119 zewn\u0119trznych link\u00f3w zwrotnych witryny i por\u00f3wnujemy je z konkurencj\u0105, aby opracowa\u0107 spersonalizowan\u0105 strategi\u0119 rozwoju link\u00f3w zwrotnych. K\u0142adziemy szczeg\u00f3lny nacisk na jako\u015b\u0107 i organiczny wzrost link\u00f3w, aby zapewni\u0107 czysty i skuteczny profil link\u00f3w zwrotnych dla Twojej domeny.<\/p>\n\n\n\n<p class=\"wp-block-paragraph\">Jednocze\u015bnie stosujemy ostro\u017cne zarz\u0105dzanie ryzykiem zwi\u0105zanym z linkami, aby identyfikowa\u0107 i eliminowa\u0107 szkodliwe linki. Naszym celem jest optymalizacja portfela link\u00f3w zwrotnych przy jednoczesnym zminimalizowaniu potencjalnego ryzyka w celu wzmocnienia autorytetu i wiarygodno\u015bci witryny.<\/p>\n<\/div>\n<\/div>\n\n<div class=\"wp-block-columns is-layout-flex wp-container-core-columns-is-layout-8f761849 wp-block-columns-is-layout-flex wp-container-core-columns-is-layout-9d6595d7\">\n<div class=\"wp-block-column is-layout-flow wp-block-column-is-layout-flow\" style=\"flex-basis:33.33%\">\n<figure data-spectra-id=\"spectra-d5fbf25b-fc8c-4b03-b337-ed4326b7a087\" class=\"wp-block-image size-thumbnail\"><img loading=\"lazy\" decoding=\"async\" width=\"250\" height=\"250\" src=\"https:\/\/dlx-media.com\/wp-content\/uploads\/testing-250x250.png\" alt=\"\" class=\"wp-image-2040\" srcset=\"https:\/\/dlx-media.com\/wp-content\/uploads\/testing-250x250.png 250w, https:\/\/dlx-media.com\/wp-content\/uploads\/testing-350x350.png 350w, https:\/\/dlx-media.com\/wp-content\/uploads\/testing-768x768.png 768w, https:\/\/dlx-media.com\/wp-content\/uploads\/testing.png 1000w\" sizes=\"auto, (max-width: 250px) 100vw, 250px\" \/><\/figure>\n<\/div>\n\n\n\n<div class=\"wp-block-column is-layout-flow wp-block-column-is-layout-flow\" style=\"flex-basis:66.66%\">\n<h2 class=\"wp-block-heading\">Testowanie A\/B i Optymalizacja Konwersji (CRO)<\/h2>\n\n\n\n<p class=\"wp-block-paragraph\">Optymalizacja sygna\u0142\u00f3w u\u017cytkownik\u00f3w jest centralnym elementem naszej strategii SEO, poniewa\u017c s\u0105 one wa\u017cnym czynnikiem rankingowym, a tak\u017ce wp\u0142ywaj\u0105 na inne kana\u0142y marketingu online, takie jak SEA, SEM i marketing afiliacyjny. Zag\u0142\u0119biamy si\u0119 w analiz\u0119 danych i opracowujemy niestandardowe koncepcje test\u00f3w A\/B, aby zoptymalizowa\u0107 wsp\u00f3\u0142czynnik konwersji Twojej witryny.<\/p>\n\n\n\n<p class=\"wp-block-paragraph\">Dzi\u0119ki tym ukierunkowanym testom nie tylko poprawiamy satysfakcj\u0119 odwiedzaj\u0105cych i wsp\u00f3\u0142czynnik klikalno\u015bci, ale tak\u017ce zwi\u0119kszamy wsp\u00f3\u0142czynnik konwersji i potencjalnych klient\u00f3w, co ostatecznie prowadzi do sukcesu witryny i wy\u017cszej sprzeda\u017cy.<\/p>\n<\/div>\n<\/div>\n\n<div class=\"wp-block-columns is-layout-flex wp-container-core-columns-is-layout-8f761849 wp-block-columns-is-layout-flex wp-container-core-columns-is-layout-9d6595d7\">\n<div class=\"wp-block-column is-layout-flow wp-block-column-is-layout-flow\" style=\"flex-basis:33.33%\">\n<figure data-spectra-id=\"spectra-e0a400ac-cda7-48fa-a3a6-4fcd5a40e8a7\" class=\"wp-block-image size-thumbnail\"><img loading=\"lazy\" decoding=\"async\" width=\"250\" height=\"250\" src=\"https:\/\/dlx-media.com\/wp-content\/uploads\/Optimization-250x250.png\" alt=\"\" class=\"wp-image-2042\" srcset=\"https:\/\/dlx-media.com\/wp-content\/uploads\/Optimization-250x250.png 250w, https:\/\/dlx-media.com\/wp-content\/uploads\/Optimization-350x350.png 350w, https:\/\/dlx-media.com\/wp-content\/uploads\/Optimization-768x768.png 768w, https:\/\/dlx-media.com\/wp-content\/uploads\/Optimization.png 1000w\" sizes=\"auto, (max-width: 250px) 100vw, 250px\" \/><\/figure>\n<\/div>\n\n\n\n<div class=\"wp-block-column is-layout-flow wp-block-column-is-layout-flow\" style=\"flex-basis:66.66%\">\n<h2 class=\"wp-block-heading\">Celowa Optymalizacja<\/h2>\n\n\n\n<p class=\"wp-block-paragraph\">Dzi\u0119ki naszym kompleksowym \u015brodkom optymalizacji witryn internetowych d\u0105\u017cymy do znacznej poprawy wydajno\u015bci witryny i osi\u0105gni\u0119cia optymalnego rankingu we wszystkich g\u0142\u00f3wnych systemach wyszukiwania. Rozumiemy, \u017ce jest to projekt d\u0142ugoterminowy, kt\u00f3ry wymaga znacznego nak\u0142adu pracy, ale inwestycja ta zwraca si\u0119 w postaci trwa\u0142ych wynik\u00f3w.<\/p>\n\n\n\n<p class=\"wp-block-paragraph\">Dzi\u0119ki ponad 20-letniemu do\u015bwiadczeniu w marketingu internetowym, uzupe\u0142nionemu o regularne szkolenia i udzia\u0142 w konferencjach, a tak\u017ce realizacj\u0119 w\u0142asnych projekt\u00f3w testowych w celu wypr\u00f3bowania nowych strategii, zapewniamy, \u017ce nasz zesp\u00f3\u0142 jest zawsze na bie\u017c\u0105co z najnowszymi osi\u0105gni\u0119ciami w bran\u017cy. To ci\u0105g\u0142e zaanga\u017cowanie w wiedz\u0119 specjalistyczn\u0105 i innowacje pozwala nam opracowywa\u0107 niestandardowe strategie rozwoju dla Twojej witryny, zapewniaj\u0105c d\u0142ugoterminowy sukces online.<\/p>\n<\/div>\n<\/div>\n\n<hr class=\"wp-block-separator has-css-opacity is-style-wide\"\/>\n\n<p class=\"wp-block-paragraph\">Odkryj, w jaki spos\u00f3b DLx-Media.com mo\u017ce poprowadzi\u0107 Twoj\u0105 firm\u0119 do przodu dzi\u0119ki dostosowanym strategiom marketingu online. Skontaktuj si\u0119 z nami ju\u017c dzi\u015b, aby poprosi\u0107 o indywidualn\u0105 wycen\u0119 i zrobi\u0107 pierwszy krok w kierunku cyfrowego sukcesu. Nasza wiedza to Twoja przewaga konkurencyjna.<\/p>\n\n<div class=\"wp-block-columns is-layout-flex wp-container-core-columns-is-layout-8f761849 wp-block-columns-is-layout-flex wp-container-core-columns-is-layout-9d6595d7\">\n<div class=\"wp-block-column is-layout-flow wp-block-column-is-layout-flow\">\u00a0<\/div>\n\n\n\n<div class=\"wp-block-column is-layout-flow wp-block-column-is-layout-flow\">\n<div class=\"wp-block-buttons is-content-justification-center is-layout-flex wp-container-core-buttons-is-layout-fe48e5de wp-block-buttons-is-layout-flex wp-container-core-buttons-is-layout-16018d1d\">\n<div class=\"wp-block-button\"><a class=\"wp-block-button__link wp-element-button\" href=\"https:\/\/dlx-media.com\/pl\/kontakt\/\">Skontaktuj si\u0119 z nami teraz!<\/a><\/div>\n<\/div>\n<\/div>\n\n\n\n<div class=\"wp-block-column is-layout-flow wp-block-column-is-layout-flow\">\u00a0<\/div>\n<\/div>\n\n<p class=\"wp-block-paragraph\">\u00a0<\/p>\n","protected":false},"excerpt":{"rendered":"<p>Marketing internetowy i us\u0142ugi z Berlina Tw\u00f3j partner w osi\u0105ganiu sukces\u00f3w marketingowych onlineWitamy w DLx-Media.com, do\u015bwiadczonej agencji marketingu online bezpo\u015brednio z t\u0119tni\u0105cej \u017cyciem metropolii Berlina. Pod kierownictwem Simona Pokornego, uznanego eksperta SEO z ponad dwudziestoletnim do\u015bwiadczeniem, oferujemy rozwi\u0105zania dostosowane do<\/p>\n","protected":false},"author":2332,"featured_media":3844,"parent":0,"menu_order":0,"comment_status":"closed","ping_status":"closed","template":"","meta":{"_seopress_robots_primary_cat":"","_seopress_titles_title":"Marketing internetowy i SEO Consulting | DLx-Media.com","_seopress_titles_desc":"Zwi\u0119ksz sprzeda\u017c i popraw widoczno\u015b\u0107 swojej marki dzi\u0119ki naszym niestandardowym strategiom marketingu online i us\u0142ugom SEO. DLx-Media - Tw\u00f3j partner w cyfrowym sukcesie.","_seopress_robots_index":"","_crdt_document":"","_uag_custom_page_level_css":"","spectra_gs_classes":"","footnotes":""},"class_list":["post-3916","page","type-page","status-publish","has-post-thumbnail","hentry"],"spectra_custom_meta":{"_top_nav_excluded":[""],"_cms_nav_minihome":[""],"_wp_page_template":["default"],"_thumbnail_id":["3844"],"_edit_lock":["1714591967:2332"],"classic-editor-remember":["block-editor"],"_wpml_word_count":["{\"total\":936,\"to_translate\":{\"en\":936,\"de\":936}}"],"_last_translation_edit_mode":["translation-editor"],"_seopress_titles_title":["Marketing internetowy i SEO Consulting | DLx-Media.com"],"_seopress_titles_desc":["Zwi\u0119ksz sprzeda\u017c i popraw widoczno\u015b\u0107 swojej marki dzi\u0119ki naszym niestandardowym strategiom marketingu online i us\u0142ugom SEO. DLx-Media - Tw\u00f3j partner w cyfrowym sukcesie."],"_seopress_redirections_logged_status":["oba"],"_seopress_redirections_type":["301"],"_uagb_previous_block_counts":["a:90:{s:21:\"uagb\/advanced-heading\";i:0;s:15:\"uagb\/blockquote\";i:0;s:12:\"uagb\/buttons\";i:0;s:18:\"uagb\/buttons-child\";i:0;s:19:\"uagb\/call-to-action\";i:0;s:15:\"uagb\/cf7-styler\";i:0;s:11:\"uagb\/column\";i:0;s:12:\"uagb\/columns\";i:0;s:14:\"uagb\/container\";i:0;s:21:\"uagb\/content-timeline\";i:0;s:27:\"uagb\/content-timeline-child\";i:0;s:14:\"uagb\/countdown\";i:0;s:12:\"uagb\/counter\";i:0;s:8:\"uagb\/faq\";i:0;s:14:\"uagb\/faq-child\";i:0;s:10:\"uagb\/forms\";i:0;s:17:\"uagb\/forms-accept\";i:0;s:19:\"uagb\/forms-checkbox\";i:0;s:15:\"uagb\/forms-date\";i:0;s:16:\"uagb\/forms-email\";i:0;s:17:\"uagb\/forms-hidden\";i:0;s:15:\"uagb\/forms-name\";i:0;s:16:\"uagb\/forms-phone\";i:0;s:16:\"uagb\/forms-radio\";i:0;s:17:\"uagb\/forms-select\";i:0;s:19:\"uagb\/forms-textarea\";i:0;s:17:\"uagb\/forms-toggle\";i:0;s:14:\"uagb\/forms-url\";i:0;s:14:\"uagb\/gf-styler\";i:0;s:15:\"uagb\/google-map\";i:0;s:11:\"uagb\/how-to\";i:0;s:16:\"uagb\/how-to-step\";i:0;s:9:\"uagb\/icon\";i:0;s:14:\"uagb\/icon-list\";i:0;s:20:\"uagb\/icon-list-child\";i:0;s:10:\"uagb\/image\";i:0;s:18:\"uagb\/image-gallery\";i:0;s:13:\"uagb\/info-box\";i:0;s:18:\"uagb\/inline-notice\";i:0;s:11:\"uagb\/lottie\";i:0;s:21:\"uagb\/marketing-button\";i:0;s:10:\"uagb\/modal\";i:0;s:18:\"uagb\/popup-builder\";i:0;s:16:\"uagb\/post-button\";i:0;s:18:\"uagb\/post-carousel\";i:0;s:17:\"uagb\/post-excerpt\";i:0;s:14:\"uagb\/post-grid\";i:0;s:15:\"uagb\/post-image\";i:0;s:17:\"uagb\/post-masonry\";i:0;s:14:\"uagb\/post-meta\";i:0;s:18:\"uagb\/post-taxonomy\";i:0;s:18:\"uagb\/post-timeline\";i:0;s:15:\"uagb\/post-title\";i:0;s:20:\"uagb\/restaurant-menu\";i:0;s:26:\"uagb\/restaurant-menu-child\";i:0;s:11:\"uagb\/review\";i:0;s:12:\"uagb\/section\";i:0;s:14:\"uagb\/separator\";i:0;s:11:\"uagb\/slider\";i:0;s:17:\"uagb\/slider-child\";i:0;s:17:\"uagb\/social-share\";i:0;s:23:\"uagb\/social-share-child\";i:0;s:16:\"uagb\/star-rating\";i:0;s:23:\"uagb\/sure-cart-checkout\";i:0;s:22:\"uagb\/sure-cart-product\";i:0;s:15:\"uagb\/sure-forms\";i:0;s:22:\"uagb\/table-of-contents\";i:0;s:9:\"uagb\/tabs\";i:0;s:15:\"uagb\/tabs-child\";i:0;s:18:\"uagb\/taxonomy-list\";i:0;s:9:\"uagb\/team\";i:0;s:16:\"uagb\/testimonial\";i:0;s:14:\"uagb\/wp-search\";i:0;s:19:\"uagb\/instagram-feed\";i:0;s:10:\"uagb\/login\";i:0;s:17:\"uagb\/loop-builder\";i:0;s:18:\"uagb\/loop-category\";i:0;s:20:\"uagb\/loop-pagination\";i:0;s:15:\"uagb\/loop-reset\";i:0;s:16:\"uagb\/loop-search\";i:0;s:14:\"uagb\/loop-sort\";i:0;s:17:\"uagb\/loop-wrapper\";i:0;s:13:\"uagb\/register\";i:0;s:19:\"uagb\/register-email\";i:0;s:24:\"uagb\/register-first-name\";i:0;s:23:\"uagb\/register-last-name\";i:0;s:22:\"uagb\/register-password\";i:0;s:30:\"uagb\/register-reenter-password\";i:0;s:19:\"uagb\/register-terms\";i:0;s:22:\"uagb\/register-username\";i:0;}"],"_uag_page_assets":["a:9:{s:3:\"css\";s:263:\".uag-blocks-common-selector{z-index:var(--z-index-desktop) !important}@media (max-width: 976px){.uag-blocks-common-selector{z-index:var(--z-index-tablet) !important}}@media (max-width: 767px){.uag-blocks-common-selector{z-index:var(--z-index-mobile) !important}}\n\";s:2:\"js\";s:0:\"\";s:18:\"current_block_list\";a:10:{i:0;s:12:\"core\/heading\";i:1;s:14:\"core\/paragraph\";i:2;s:9:\"core\/list\";i:3;s:14:\"core\/list-item\";i:4;s:14:\"core\/separator\";i:5;s:12:\"core\/columns\";i:6;s:11:\"core\/column\";i:7;s:10:\"core\/image\";i:9;s:12:\"core\/buttons\";i:10;s:11:\"core\/button\";}s:8:\"uag_flag\";b:0;s:11:\"uag_version\";s:10:\"1775815218\";s:6:\"gfonts\";a:0:{}s:10:\"gfonts_url\";s:0:\"\";s:12:\"gfonts_files\";a:0:{}s:14:\"uag_faq_layout\";b:0;}"],"_uag_css_file_name":["uag-css-3916.css"]},"uagb_featured_image_src":{"full":["https:\/\/dlx-media.com\/wp-content\/uploads\/cropped-mockup.jpg",1920,1080,false],"thumbnail":["https:\/\/dlx-media.com\/wp-content\/uploads\/cropped-mockup-250x250.jpg",250,250,true],"medium":["https:\/\/dlx-media.com\/wp-content\/uploads\/cropped-mockup-350x197.jpg",350,197,true],"medium_large":["https:\/\/dlx-media.com\/wp-content\/uploads\/cropped-mockup-768x432.jpg",768,432,true],"large":["https:\/\/dlx-media.com\/wp-content\/uploads\/cropped-mockup-1024x576.jpg",1024,576,true],"1536x1536":["https:\/\/dlx-media.com\/wp-content\/uploads\/cropped-mockup.jpg",1536,864,false],"2048x2048":["https:\/\/dlx-media.com\/wp-content\/uploads\/cropped-mockup.jpg",1920,1080,false],"suffice-thumbnail-grid":["https:\/\/dlx-media.com\/wp-content\/uploads\/cropped-mockup-750x420.jpg",750,420,true],"suffice-thumbnail-featured-one":["https:\/\/dlx-media.com\/wp-content\/uploads\/cropped-mockup-295x525.jpg",295,525,true],"suffice-thumbnail-featured-two":["https:\/\/dlx-media.com\/wp-content\/uploads\/cropped-mockup-1140x504.jpg",1140,504,true],"suffice-thumbnail-portfolio":["https:\/\/dlx-media.com\/wp-content\/uploads\/cropped-mockup-572x552.jpg",572,552,true],"suffice-thumbnail-portfolio-masonry":["https:\/\/dlx-media.com\/wp-content\/uploads\/cropped-mockup-572x652.jpg",572,652,true]},"uagb_author_info":{"display_name":"DLxMedia","author_link":"https:\/\/dlx-media.com\/pl"},"uagb_comment_info":0,"uagb_excerpt":"Marketing internetowy i us\u0142ugi z Berlina Tw\u00f3j partner w osi\u0105ganiu sukces\u00f3w marketingowych onlineWitamy w DLx-Media.com, do\u015bwiadczonej agencji marketingu online bezpo\u015brednio z t\u0119tni\u0105cej \u017cyciem metropolii Berlina. Pod kierownictwem Simona Pokornego, uznanego eksperta SEO z ponad dwudziestoletnim do\u015bwiadczeniem, oferujemy rozwi\u0105zania dostosowane do","_links":{"self":[{"href":"https:\/\/dlx-media.com\/pl\/wp-json\/wp\/v2\/pages\/3916","targetHints":{"allow":["GET"]}}],"collection":[{"href":"https:\/\/dlx-media.com\/pl\/wp-json\/wp\/v2\/pages"}],"about":[{"href":"https:\/\/dlx-media.com\/pl\/wp-json\/wp\/v2\/types\/page"}],"author":[{"embeddable":true,"href":"https:\/\/dlx-media.com\/pl\/wp-json\/wp\/v2\/users\/2332"}],"replies":[{"embeddable":true,"href":"https:\/\/dlx-media.com\/pl\/wp-json\/wp\/v2\/comments?post=3916"}],"version-history":[{"count":5,"href":"https:\/\/dlx-media.com\/pl\/wp-json\/wp\/v2\/pages\/3916\/revisions"}],"predecessor-version":[{"id":5289,"href":"https:\/\/dlx-media.com\/pl\/wp-json\/wp\/v2\/pages\/3916\/revisions\/5289"}],"wp:featuredmedia":[{"embeddable":true,"href":"https:\/\/dlx-media.com\/pl\/wp-json\/wp\/v2\/media\/3844"}],"wp:attachment":[{"href":"https:\/\/dlx-media.com\/pl\/wp-json\/wp\/v2\/media?parent=3916"}],"curies":[{"name":"wp","href":"https:\/\/api.w.org\/{rel}","templated":true}]}}