{"id":3913,"date":"2014-04-15T15:13:59","date_gmt":"2014-04-15T13:13:59","guid":{"rendered":"https:\/\/www.dlx-media.com\/dlx-media-online-marketing\/"},"modified":"2024-04-29T14:16:03","modified_gmt":"2024-04-29T12:16:03","slug":"dlx-media-online-marketing","status":"publish","type":"page","link":"https:\/\/dlx-media.com\/pl\/dlx-media-online-marketing\/","title":{"rendered":"Marketing internetowy"},"content":{"rendered":"\n<h2 class=\"wp-block-heading\"><b>Tw\u00f3j kompas w <b>cyfrowej<\/b> d\u017cungli<\/b> <b>marketingowej d\u017cungli.<\/b><\/h2>\n\n\n\n<p class=\"wp-block-paragraph\">Marketing online, cz\u0119sto okre\u015blany jako marketing internetowy, obejmuje r\u00f3\u017cne obszary, takie jak media spo\u0142eczno\u015bciowe, marketing e-mailowy, SEO (optymalizacja pod k\u0105tem wyszukiwarek), SEA (reklama w wyszukiwarkach), marketing displayowy, optymalizacja tre\u015bci i inne. Obejmuje r\u00f3wnie\u017c bardziej szczeg\u00f3\u0142owe strategie, takie jak marketing mobilny dla smartfon\u00f3w i tablet\u00f3w, a tak\u017ce wykorzystanie infografik i film\u00f3w reklamowych na YouTube. Kluczowym aspektem jest analiza w celu pomiaru i optymalizacji sukcesu r\u00f3\u017cnych kampanii. Koszt marketingu online r\u00f3\u017cni si\u0119 w zale\u017cno\u015bci od produktu i strategii, a zar\u00f3wno du\u017ce firmy, jak i ma\u0142e przedsi\u0119biorstwa mog\u0105 wdra\u017ca\u0107 skuteczne strategie przy r\u00f3\u017cnych bud\u017cetach. DLx-Media.com oferuje specjalistyczne doradztwo w zakresie marketingu online w Berlinie w celu opracowania niestandardowych strategii i przeprowadzenia firm przez zawi\u0142o\u015bci marketingu online.<\/p>\n\n\n<div class=\"wp-block-image\">\n<figure data-spectra-id=\"spectra-9d6f0640-4f4e-4739-87dd-b34a25bdac2b\" class=\"aligncenter size-large\"><img loading=\"lazy\" decoding=\"async\" width=\"1024\" height=\"585\" src=\"https:\/\/dlx-media.com\/file\/Online-Marketing-1024x585.jpg\" alt=\"\" class=\"wp-image-4192\" srcset=\"https:\/\/dlx-media.com\/wp-content\/uploads\/Online-Marketing-1024x585.jpg 1024w, https:\/\/dlx-media.com\/wp-content\/uploads\/Online-Marketing-350x200.jpg 350w, https:\/\/dlx-media.com\/wp-content\/uploads\/Online-Marketing-768x439.jpg 768w, https:\/\/dlx-media.com\/wp-content\/uploads\/Online-Marketing-1536x878.jpg 1536w, https:\/\/dlx-media.com\/wp-content\/uploads\/Online-Marketing.jpg 1792w\" sizes=\"auto, (max-width: 1024px) 100vw, 1024px\" \/><\/figure>\n<\/div>\n\n\n<p class=\"wp-block-paragraph\"><b>Jak skutecznie osi\u0105ga\u0107 cele w marketingu online?<\/b><\/p>\n\n\n\n<p class=\"wp-block-paragraph\">Precyzyjna analiza grupy docelowej ma kluczowe znaczenie dla osi\u0105gni\u0119cia skutecznych cel\u00f3w w marketingu online. Analiza ta umo\u017cliwia opracowanie spersonalizowanych strategii, kt\u00f3re s\u0105 precyzyjnie dostosowane do potrzeb i preferencji grupy docelowej. Zindywidualizowane podej\u015bcia s\u0105 bardziej skuteczne ni\u017c og\u00f3lne, uniwersalne rozwi\u0105zania, poniewa\u017c umo\u017cliwiaj\u0105 bezpo\u015brednie podej\u015bcie i osi\u0105gaj\u0105 wy\u017csze wska\u017aniki zaanga\u017cowania. Wa\u017cne jest, aby zrozumie\u0107 specyficzne cechy i zachowania grupy docelowej w celu zaprojektowania skutecznych kampanii, kt\u00f3re b\u0119d\u0105 rezonowa\u0107 i konwertowa\u0107.<\/p>\n\n\n\n<p class=\"wp-block-paragraph\"><b>Ile kosztuje marketing internetowy?<\/b><\/p>\n\n\n\n<p class=\"wp-block-paragraph\">Koszty marketingu online zale\u017c\u0105 w du\u017cej mierze od reklamowanego produktu i wybranej strategii. Nie ma jednego uniwersalnego bud\u017cetu, poniewa\u017c r\u00f3\u017cne produkty i cele wymagaj\u0105 r\u00f3\u017cnych podej\u015b\u0107. Jednak skuteczny i strategicznie zaplanowany marketing online mo\u017cna dostosowa\u0107 do niemal ka\u017cdego bud\u017cetu, aby by\u0142 op\u0142acalny i skuteczny. Wa\u017cne jest, aby dok\u0142adnie zaplanowa\u0107 bud\u017cet marketingowy i dostosowa\u0107 go do konkretnych potrzeb i cel\u00f3w produktu lub us\u0142ugi.<\/p>\n\n\n\n<p class=\"wp-block-paragraph\"><b>Ile wydaj\u0105 du\u017ce firmy i organizacje na marketing online?<\/b><\/p>\n\n\n\n<p class=\"wp-block-paragraph\">Wydatki du\u017cych firm na marketing online mog\u0105 si\u0119 znacznie r\u00f3\u017cni\u0107, przy czym niekt\u00f3re firmy s\u0105 gotowe zainwestowa\u0107 kilkaset tysi\u0119cy euro miesi\u0119cznie. Inwestycja ta odzwierciedla znaczenie, jakie w dzisiejszej gospodarce cyfrowej przywi\u0105zuje si\u0119 do marketingu online. Jednak elastyczno\u015b\u0107 marketingu online umo\u017cliwia r\u00f3wnie\u017c mniejszym firmom z ograniczonymi bud\u017cetami skuteczne konkurowanie, a automatyzacja i wykorzystanie sztucznej inteligencji jest dobr\u0105 d\u017awigni\u0105 do obni\u017cenia koszt\u00f3w marketingu online i zwi\u0119kszenia wydajno\u015bci. Dzi\u0119ki ukierunkowanym strategiom mog\u0105 dotrze\u0107 do swoich grup docelowych w op\u0142acalny spos\u00f3b, co do pewnego stopnia wyr\u00f3wnuje szanse.<\/p>\n\n\n\n<p class=\"wp-block-paragraph\"><b>Konsulting marketingu internetowego<\/b><\/p>\n\n\n\n<p class=\"wp-block-paragraph\">DLx-Media.com z siedzib\u0105 w Berlinie oferuje kompleksowe doradztwo w zakresie marketingu online. Jego celem jest wspieranie firm w tworzeniu optymalnych warunk\u00f3w ramowych dla ich marketingu online. Dzi\u0119ki dog\u0142\u0119bnemu zrozumieniu wszystkich aspekt\u00f3w marketingu internetowego, od SEO, przez media spo\u0142eczno\u015bciowe, po ukierunkowane reklamy, DLx-Media stara si\u0119 pewnie i fachowo poprowadzi\u0107 Ci\u0119 przez z\u0142o\u017cony krajobraz marketingu cyfrowego. Ich us\u0142ugi maj\u0105 na celu stworzenie solidnych podstaw dla internetowego sukcesu Twojej firmy.<\/p>\n","protected":false},"excerpt":{"rendered":"<p>Tw\u00f3j kompas w cyfrowej d\u017cungli marketingowej d\u017cungli. Marketing online, cz\u0119sto okre\u015blany jako marketing internetowy, obejmuje r\u00f3\u017cne obszary, takie jak media spo\u0142eczno\u015bciowe, marketing e-mailowy, SEO (optymalizacja pod k\u0105tem wyszukiwarek), SEA (reklama w wyszukiwarkach), marketing displayowy, optymalizacja tre\u015bci i inne. Obejmuje r\u00f3wnie\u017c<\/p>\n","protected":false},"author":2332,"featured_media":4194,"parent":0,"menu_order":0,"comment_status":"closed","ping_status":"closed","template":"","meta":{"_seopress_robots_primary_cat":"","_seopress_titles_title":"Online Marketing Consulting Berlin \ud83e\udd47 | SEO & More | DLx-Media.com","_seopress_titles_desc":"Profesjonalne doradztwo marketingowe online \u2713 eksperci marketingu online z Berlina \u2713 analizy \u2713 strategia \u2713 wdro\u017cenie \u2713 indywidualne rozwi\u0105zania marketingowe online!","_seopress_robots_index":"","_crdt_document":"","_uag_custom_page_level_css":"","spectra_gs_classes":"","footnotes":""},"class_list":["post-3913","page","type-page","status-publish","has-post-thumbnail","hentry"],"spectra_custom_meta":{"_top_nav_excluded":[""],"_cms_nav_minihome":[""],"_wp_page_template":["default"],"_thumbnail_id":["4194"],"_seopress_titles_title":["Online Marketing Consulting Berlin \ud83e\udd47 | SEO & More | DLx-Media.com"],"_seopress_titles_desc":["Profesjonalne doradztwo marketingowe online \u2713 eksperci marketingu online z Berlina \u2713 analizy \u2713 strategia \u2713 wdro\u017cenie \u2713 indywidualne rozwi\u0105zania marketingowe online!"],"_seopress_redirections_logged_status":["oba"],"_seopress_redirections_type":["301"],"_wpml_word_count":["{\"total\":471,\"to_translate\":{\"en\":471,\"de\":471}}"],"_uagb_previous_block_counts":["a:90:{s:21:\"uagb\/advanced-heading\";i:0;s:15:\"uagb\/blockquote\";i:0;s:12:\"uagb\/buttons\";i:0;s:18:\"uagb\/buttons-child\";i:0;s:19:\"uagb\/call-to-action\";i:0;s:15:\"uagb\/cf7-styler\";i:0;s:11:\"uagb\/column\";i:0;s:12:\"uagb\/columns\";i:0;s:14:\"uagb\/container\";i:0;s:21:\"uagb\/content-timeline\";i:0;s:27:\"uagb\/content-timeline-child\";i:0;s:14:\"uagb\/countdown\";i:0;s:12:\"uagb\/counter\";i:0;s:8:\"uagb\/faq\";i:0;s:14:\"uagb\/faq-child\";i:0;s:10:\"uagb\/forms\";i:0;s:17:\"uagb\/forms-accept\";i:0;s:19:\"uagb\/forms-checkbox\";i:0;s:15:\"uagb\/forms-date\";i:0;s:16:\"uagb\/forms-email\";i:0;s:17:\"uagb\/forms-hidden\";i:0;s:15:\"uagb\/forms-name\";i:0;s:16:\"uagb\/forms-phone\";i:0;s:16:\"uagb\/forms-radio\";i:0;s:17:\"uagb\/forms-select\";i:0;s:19:\"uagb\/forms-textarea\";i:0;s:17:\"uagb\/forms-toggle\";i:0;s:14:\"uagb\/forms-url\";i:0;s:14:\"uagb\/gf-styler\";i:0;s:15:\"uagb\/google-map\";i:0;s:11:\"uagb\/how-to\";i:0;s:16:\"uagb\/how-to-step\";i:0;s:9:\"uagb\/icon\";i:0;s:14:\"uagb\/icon-list\";i:0;s:20:\"uagb\/icon-list-child\";i:0;s:10:\"uagb\/image\";i:0;s:18:\"uagb\/image-gallery\";i:0;s:13:\"uagb\/info-box\";i:0;s:18:\"uagb\/inline-notice\";i:0;s:11:\"uagb\/lottie\";i:0;s:21:\"uagb\/marketing-button\";i:0;s:10:\"uagb\/modal\";i:0;s:18:\"uagb\/popup-builder\";i:0;s:16:\"uagb\/post-button\";i:0;s:18:\"uagb\/post-carousel\";i:0;s:17:\"uagb\/post-excerpt\";i:0;s:14:\"uagb\/post-grid\";i:0;s:15:\"uagb\/post-image\";i:0;s:17:\"uagb\/post-masonry\";i:0;s:14:\"uagb\/post-meta\";i:0;s:18:\"uagb\/post-taxonomy\";i:0;s:18:\"uagb\/post-timeline\";i:0;s:15:\"uagb\/post-title\";i:0;s:20:\"uagb\/restaurant-menu\";i:0;s:26:\"uagb\/restaurant-menu-child\";i:0;s:11:\"uagb\/review\";i:0;s:12:\"uagb\/section\";i:0;s:14:\"uagb\/separator\";i:0;s:11:\"uagb\/slider\";i:0;s:17:\"uagb\/slider-child\";i:0;s:17:\"uagb\/social-share\";i:0;s:23:\"uagb\/social-share-child\";i:0;s:16:\"uagb\/star-rating\";i:0;s:23:\"uagb\/sure-cart-checkout\";i:0;s:22:\"uagb\/sure-cart-product\";i:0;s:15:\"uagb\/sure-forms\";i:0;s:22:\"uagb\/table-of-contents\";i:0;s:9:\"uagb\/tabs\";i:0;s:15:\"uagb\/tabs-child\";i:0;s:18:\"uagb\/taxonomy-list\";i:0;s:9:\"uagb\/team\";i:0;s:16:\"uagb\/testimonial\";i:0;s:14:\"uagb\/wp-search\";i:0;s:19:\"uagb\/instagram-feed\";i:0;s:10:\"uagb\/login\";i:0;s:17:\"uagb\/loop-builder\";i:0;s:18:\"uagb\/loop-category\";i:0;s:20:\"uagb\/loop-pagination\";i:0;s:15:\"uagb\/loop-reset\";i:0;s:16:\"uagb\/loop-search\";i:0;s:14:\"uagb\/loop-sort\";i:0;s:17:\"uagb\/loop-wrapper\";i:0;s:13:\"uagb\/register\";i:0;s:19:\"uagb\/register-email\";i:0;s:24:\"uagb\/register-first-name\";i:0;s:23:\"uagb\/register-last-name\";i:0;s:22:\"uagb\/register-password\";i:0;s:30:\"uagb\/register-reenter-password\";i:0;s:19:\"uagb\/register-terms\";i:0;s:22:\"uagb\/register-username\";i:0;}"],"_uag_page_assets":["a:9:{s:3:\"css\";s:263:\".uag-blocks-common-selector{z-index:var(--z-index-desktop) !important}@media (max-width: 976px){.uag-blocks-common-selector{z-index:var(--z-index-tablet) !important}}@media (max-width: 767px){.uag-blocks-common-selector{z-index:var(--z-index-mobile) !important}}\n\";s:2:\"js\";s:0:\"\";s:18:\"current_block_list\";a:3:{i:0;s:12:\"core\/heading\";i:1;s:14:\"core\/paragraph\";i:2;s:10:\"core\/image\";}s:8:\"uag_flag\";b:0;s:11:\"uag_version\";s:10:\"1775815218\";s:6:\"gfonts\";a:0:{}s:10:\"gfonts_url\";s:0:\"\";s:12:\"gfonts_files\";a:0:{}s:14:\"uag_faq_layout\";b:0;}"],"_uag_css_file_name":["uag-css-3913.css"]},"uagb_featured_image_src":{"full":["https:\/\/dlx-media.com\/wp-content\/uploads\/Online-Marketing.jpg",1792,1024,false],"thumbnail":["https:\/\/dlx-media.com\/wp-content\/uploads\/Online-Marketing-250x250.jpg",250,250,true],"medium":["https:\/\/dlx-media.com\/wp-content\/uploads\/Online-Marketing-350x200.jpg",350,200,true],"medium_large":["https:\/\/dlx-media.com\/wp-content\/uploads\/Online-Marketing-768x439.jpg",768,439,true],"large":["https:\/\/dlx-media.com\/wp-content\/uploads\/Online-Marketing-1024x585.jpg",1024,585,true],"1536x1536":["https:\/\/dlx-media.com\/wp-content\/uploads\/Online-Marketing-1536x878.jpg",1536,878,true],"2048x2048":["https:\/\/dlx-media.com\/wp-content\/uploads\/Online-Marketing.jpg",1792,1024,false],"suffice-thumbnail-grid":["https:\/\/dlx-media.com\/wp-content\/uploads\/Online-Marketing-750x420.jpg",750,420,true],"suffice-thumbnail-featured-one":["https:\/\/dlx-media.com\/wp-content\/uploads\/Online-Marketing-295x525.jpg",295,525,true],"suffice-thumbnail-featured-two":["https:\/\/dlx-media.com\/wp-content\/uploads\/Online-Marketing-1140x504.jpg",1140,504,true],"suffice-thumbnail-portfolio":["https:\/\/dlx-media.com\/wp-content\/uploads\/Online-Marketing-572x552.jpg",572,552,true],"suffice-thumbnail-portfolio-masonry":["https:\/\/dlx-media.com\/wp-content\/uploads\/Online-Marketing-572x652.jpg",572,652,true]},"uagb_author_info":{"display_name":"DLxMedia","author_link":"https:\/\/dlx-media.com\/pl"},"uagb_comment_info":0,"uagb_excerpt":"Tw\u00f3j kompas w cyfrowej d\u017cungli marketingowej d\u017cungli. Marketing online, cz\u0119sto okre\u015blany jako marketing internetowy, obejmuje r\u00f3\u017cne obszary, takie jak media spo\u0142eczno\u015bciowe, marketing e-mailowy, SEO (optymalizacja pod k\u0105tem wyszukiwarek), SEA (reklama w wyszukiwarkach), marketing displayowy, optymalizacja tre\u015bci i inne. Obejmuje r\u00f3wnie\u017c","_links":{"self":[{"href":"https:\/\/dlx-media.com\/pl\/wp-json\/wp\/v2\/pages\/3913","targetHints":{"allow":["GET"]}}],"collection":[{"href":"https:\/\/dlx-media.com\/pl\/wp-json\/wp\/v2\/pages"}],"about":[{"href":"https:\/\/dlx-media.com\/pl\/wp-json\/wp\/v2\/types\/page"}],"author":[{"embeddable":true,"href":"https:\/\/dlx-media.com\/pl\/wp-json\/wp\/v2\/users\/2332"}],"replies":[{"embeddable":true,"href":"https:\/\/dlx-media.com\/pl\/wp-json\/wp\/v2\/comments?post=3913"}],"version-history":[{"count":6,"href":"https:\/\/dlx-media.com\/pl\/wp-json\/wp\/v2\/pages\/3913\/revisions"}],"predecessor-version":[{"id":4277,"href":"https:\/\/dlx-media.com\/pl\/wp-json\/wp\/v2\/pages\/3913\/revisions\/4277"}],"wp:featuredmedia":[{"embeddable":true,"href":"https:\/\/dlx-media.com\/pl\/wp-json\/wp\/v2\/media\/4194"}],"wp:attachment":[{"href":"https:\/\/dlx-media.com\/pl\/wp-json\/wp\/v2\/media?parent=3913"}],"curies":[{"name":"wp","href":"https:\/\/api.w.org\/{rel}","templated":true}]}}